{"id":1032,"date":"2024-07-04T16:49:31","date_gmt":"2024-07-04T16:49:31","guid":{"rendered":"https:\/\/dungcutrilieu.com\/?product=den-chieu-vang-da-cho-tre-so-sinh"},"modified":"2024-07-04T16:49:33","modified_gmt":"2024-07-04T16:49:33","slug":"den-chieu-vang-da-cho-tre-so-sinh","status":"publish","type":"product","link":"https:\/\/dungcutrilieu.com\/?product=den-chieu-vang-da-cho-tre-so-sinh","title":{"rendered":"\u0110\u00e8n Chi\u1ebfu V\u00e0ng Da Cho Tr\u1ebb S\u01a1 Sinh"},"content":{"rendered":"<\/p>\n<div class=\"prod-descp body-content\" id=\"anchor-info\">\n<p><strong>V\u00c0NG DA \u1ede TR\u1eba S\u01a0 SINH<\/strong><\/p>\n<p>\u00a0 V\u00e0ng da l\u00e0 hi\u1ec7n t\u01b0\u1ee3ng da v\u00e0 tr\u00f2ng tr\u1eafng m\u1eaft chuy\u1ec3n m\u00e0u v\u00e0ng do t\u1ea9m nhu\u1eadn ch\u1ea5t bilirubin, l\u00e0 m\u1ed9t tri\u1ec7u ch\u1ee9ng cho bi\u1ebft bilirubin trong m\u00e1u cao. T\u0103ng bilirubin m\u00e1u nghi\u00eam tr\u1ecdng c\u00f3 th\u1ec3 g\u00e2y \u0111\u1ed9c cho h\u1ec7 th\u1ea7n kinh c\u1ee7a tr\u1ebb s\u01a1 sinh, g\u00e2y t\u1ed5n th\u01b0\u01a1ng n\u00e3o tr\u1ebb n\u1ebfu kh\u00f4ng \u0111i\u1ec1u tr\u1ecb k\u1ecbp th\u1eddi.\u00a0<br \/>\u00a0 Tr\u1ebb s\u01a1 sinh xu\u1ea5t hi\u1ec7n v\u00e0ng da khi l\u01b0\u1ee3ng bilirubin trong m\u00e1u t\u0103ng cao &gt;7mg%,\u00a0c\u00f3 th\u1ec3 g\u1eb7p \u1edf tr\u1ebb sinh non (g\u1ea7n 80%), \u1edf tr\u1ebb \u0111\u1ee7 th\u00e1ng (kho\u1ea3ng 25 % &#8211; 50%).\u00a0V\u00e0ng da th\u01b0\u1eddng x\u1ea3y ra trong th\u00e1ng tu\u1ed5i \u0111\u1ea7u ti\u00ean nh\u01b0ng nguy hi\u1ec3m nh\u1ea5t l\u00e0 trong 2 tu\u1ea7n \u0111\u1ea7u ti\u00ean.<br \/>\u00a0 V\u00e0ng da s\u01a1 sinh (VDSS) c\u00f3 th\u1ec3 l\u00e0 sinh l\u00fd nh\u01b0ng c\u0169ng c\u00f3 th\u1ec3 do m\u1ed9t s\u1ed1 b\u1ec7nh l\u00fd g\u00e2y ra.<\/p>\n<p style=\"text-align: center\"><img decoding=\"async\" src=\"https:\/\/dungcutrilieu.com\/wp-content\/uploads\/2024\/07\/den-chieu-vang-da-tre-so-sinh-2_90b60404e009430aba899480d118f75c.jpg\" title=\"den-chieu-vang-da-tre-so-sinh-2_90b60404e009430aba899480d118f75c\"><\/p>\n<p style=\"text-align: center\">(C\u00e1c b\u00e9 b\u1ecb v\u00e0ng da th\u01b0\u1eddng \u0111\u01b0\u1ee3c chi\u1ebfu \u0111\u00e8n)<\/p>\n<p><strong>SINH B\u1ec6NH H\u1eccC V\u00c0NG DA<\/strong><br \/>\u00a0 \u1ede tr\u1ebb s\u01a1 sinh c\u00e1c t\u1ebf b\u00e0o h\u1ed3ng c\u1ea7u lu\u00f4n \u0111\u01b0\u1ee3c t\u1ea1o m\u1edbi v\u00e0 ph\u00e1 h\u1ee7y, nh\u01b0ng s\u1ef1 ph\u00e1 h\u1ee7y di\u1ec5n ra nhi\u1ec1u h\u01a1n. Khi h\u1ed3ng c\u1ea7u b\u1ecb v\u1ee1 s\u1ebd gi\u1ea3i ph\u00f3ng ra hemoglobin, ch\u1ea5t n\u00e0y s\u1ebd \u0111\u01b0\u1ee3c chuy\u1ec3n h\u00f3a t\u1ea1o th\u00e0nh bilirubin. Tr\u01b0\u1edbc khi sinh, bilirubin \u0111\u01b0\u1ee3c \u0111\u01b0a ra kh\u1ecfi c\u01a1 th\u1ec3 b\u00e9 qua \u0111\u01b0\u1eddng nhau thai \u0111\u1ec3 sang m\u00e1u m\u1eb9.Sau sinh bilirubin s\u1ebd \u0111\u01b0\u1ee3c chuy\u1ec3n h\u00f3a t\u1ea1i gan b\u00e9 v\u00e0 \u0111\u00e0o th\u1ea3i ra ngo\u00e0i qua ph\u00e2n v\u00e0 n\u01b0\u1edbc ti\u1ec3u.Tuy nhi\u00ean gan \u1edf tr\u1ebb s\u01a1 sinh l\u00e0m vi\u1ec7c c\u00f2n y\u1ebfu n\u00ean vi\u1ec7c th\u1ea3i bilirubin kh\u00f4ng hi\u1ec7u qu\u1ea3 g\u00e2y ra t\u00ecnh tr\u1ea1ng t\u0103ng bilirubin trong m\u00e1u l\u00e0m xu\u1ea5t hi\u1ec7n v\u00e0ng da.<br \/>NGUY\u00caN NH\u00c2N V\u00c0NG DA<br \/>\u00a0 C\u00f3 r\u1ea5t nhi\u1ec1u nguy\u00ean nh\u00e2n g\u00e2y n\u00ean v\u00e0ng da song ch\u1ee7 y\u1ebfu l\u00e0: v\u00e0ng da sinh l\u00fd, v\u00e0ng da do nhi\u1ec5m khu\u1ea9n, v\u00e0ng da do virus, v\u00e0ng da t\u00e1n huy\u1ebft do b\u1ea5t \u0111\u1ed3ng nh\u00f3m m\u00e1u Rh, v\u00e0ng da t\u00e1n huy\u1ebft do b\u1ea5t \u0111\u1ed3ng nh\u00f3m m\u00e1u ABO, v\u00e0ng da do c\u00e1c b\u1ec7nh chuy\u1ec3n h\u00f3a, v\u00e0ng da do t\u1eafc m\u1eadt b\u1ea9m sinh\u2026.<br \/>\u0110I\u1ec0U TR\u1eca:\u00a0C\u00e1c ph\u01b0\u01a1ng ph\u00e1p \u0111i\u1ec1u tr\u1ecb v\u00e0ng da s\u01a1 sinh:<br \/>\u00a0 -Chi\u1ebfu \u0111\u00e8n: l\u00e0 ph\u01b0\u01a1ng ph\u00e1p \u0111i\u1ec1u tr\u1ecb v\u00e0ng da s\u01a1 sinh hi\u1ec7u qu\u1ea3, an to\u00e0n, \u0111\u01a1n gi\u1ea3n v\u00e0 kinh t\u1ebf nh\u1ea5t.<br \/>\u00a0 -Thay m\u00e1u: khi b\u00e9 c\u00f3 tri\u1ec7u ch\u1ee9ng \u0111e d\u1ecda nhi\u1ec5m \u0111\u1ed9c th\u1ea7n kinh do Bilirubin trong m\u00e1u t\u0103ng cao.\u00a0<br \/>\u00a0 -T\u0103ng t\u1ea7n su\u1ea5t v\u00e0 hi\u1ec7u qu\u1ea3 b\u00fa m\u1eb9.<\/p>\n<p><strong>\u0110\u00e8n Chi\u1ebfu V\u00e0ng Da Cho Tr\u1ebb S\u01a1 Sinh<\/strong><\/p>\n<ul>\n<li>\u0110\u00e8n chi\u1ebfu v\u00e0ng da l\u00e0 ph\u01b0\u01a1ng ph\u00e1p \u0111i\u1ec1u tr\u1ecb ph\u1ed5 bi\u1ebfn nh\u1ea5t gi\u00fap gi\u1ea3m l\u01b0\u1ee3ng bilirubin cao trong m\u00e1u, v\u1ed1n l\u00e0 nguy\u00ean nh\u00e2n g\u00e2y ra b\u1ec7nh v\u00e0ng da \u1edf tr\u1ebb s\u01a1 sinh.<\/li>\n<li>\u0110\u00e8n chi\u1ebfu v\u00e0ng da l\u00e0 thi\u1ebft b\u1ecb chi\u1ebfu s\u00e1ng t\u1eeb ph\u00eda tr\u00ean nh\u1ecf g\u1ecdn, hi\u1ec7u su\u1ea5t cao, gi\u00e1 th\u00e0nh th\u1ea5p, cung c\u1ea5p \u00e1nh s\u00e1ng v\u1edbi c\u01b0\u1eddng \u0111\u1ed9 cao \u0111\u1ec3 \u0111i\u1ec1u tr\u1ecb tri\u1ec7u ch\u1ee9ng n\u1ed3ng \u0111\u1ed9 bilirubin qu\u00e1 cao trong m\u00e1u.<\/li>\n<li>Thi\u1ebft b\u1ecb c\u00f3 di\u1ec7n t\u00edch b\u1ec1 m\u1eb7t chi\u1ebfu s\u00e1ng r\u1ed9ng, cung c\u1ea5p l\u01b0\u1ee3ng chi\u1ebfu s\u00e1ng hi\u1ec7u qu\u1ea3 cho ng\u01b0\u1eddi b\u1ec7nh trong th\u1eddi gian ng\u1eafn.<\/li>\n<li>\u0110\u00e8n \u0111\u01b0\u1ee3c s\u1ea3n xu\u1ea5t theo c\u00f4ng ngh\u1ec7 m\u1edbi c\u1ee7a Nh\u1eadt.<\/li>\n<li>\u0110\u00e8n \u0111\u01b0\u1ee3c thi\u1ebft k\u1ebf nh\u1eb9, nh\u1ecf g\u1ecdn, d\u1ec5 th\u00e1o r\u00e1p.<\/li>\n<li>Ch\u00e2n \u0111\u1ee9ng cao 1,45m.<\/li>\n<\/ul>\n<p style=\"text-align: center\"><img decoding=\"async\" src=\"https:\/\/dungcutrilieu.com\/wp-content\/uploads\/2024\/07\/den-chieu-vang-da-tre-so-sinh_aa8e4121f420423581365848f5b53ec2.jpg\" title=\"den-chieu-vang-da-tre-so-sinh_aa8e4121f420423581365848f5b53ec2\"><\/p>\n<p style=\"text-align: center\"><em>(Thi\u1ebft k\u1ebf ch\u00e2n \u0111\u1ebf ti\u1ec7n di chuy\u1ec3n nhi\u1ec1u khu v\u1ef1c trong ph\u00f2ng)<\/em><\/p>\n<p style=\"text-align: center\">\u00a0<\/p>\n<div id=\"WidgetFloaterPanels\" style=\"text-align: left;direction: ltr\" class=\"LTRStyle\">\n<div id=\"WidgetFloater\">\n<div id=\"WidgetLogoPanel\"><span><span>TRANSLATE with <\/span><img><\/span> <span>x<\/span><\/div>\n<div id=\"LanguageMenuPanel\">\n<div class=\"DDStyle_outer\">  <span class=\"DDStyle\">English<\/span><\/p>\n<div style=\"position:relative;text-align:left;left:0\">\n<div style=\"position:absolute;width:;left:0px\">\n<div class=\"DDStyle\" id=\"__LanguageMenu_popup\">\n<table id=\"LanguageMenu\" border=\"0\">\n<tbody>\n<tr>\n<td><a href=\"https:\/\/www.medishop.com.vn\/products\/den-chieu-vang-da-cho-tre-so-sinh#ar\">Arabic<\/a><\/td>\n<td><a href=\"https:\/\/www.medishop.com.vn\/products\/den-chieu-vang-da-cho-tre-so-sinh#he\">Hebrew<\/a><\/td>\n<td><a href=\"https:\/\/www.medishop.com.vn\/products\/den-chieu-vang-da-cho-tre-so-sinh#pl\">Polish<\/a><\/td>\n<\/tr>\n<tr>\n<td><a href=\"https:\/\/www.medishop.com.vn\/products\/den-chieu-vang-da-cho-tre-so-sinh#bg\">Bulgarian<\/a><\/td>\n<td><a href=\"https:\/\/www.medishop.com.vn\/products\/den-chieu-vang-da-cho-tre-so-sinh#hi\">Hindi<\/a><\/td>\n<td><a href=\"https:\/\/www.medishop.com.vn\/products\/den-chieu-vang-da-cho-tre-so-sinh#pt\">Portuguese<\/a><\/td>\n<\/tr>\n<tr>\n<td><a href=\"https:\/\/www.medishop.com.vn\/products\/den-chieu-vang-da-cho-tre-so-sinh#ca\">Catalan<\/a><\/td>\n<td><a href=\"https:\/\/www.medishop.com.vn\/products\/den-chieu-vang-da-cho-tre-so-sinh#mww\">Hmong Daw<\/a><\/td>\n<td><a href=\"https:\/\/www.medishop.com.vn\/products\/den-chieu-vang-da-cho-tre-so-sinh#ro\">Romanian<\/a><\/td>\n<\/tr>\n<tr>\n<td><a href=\"https:\/\/www.medishop.com.vn\/products\/den-chieu-vang-da-cho-tre-so-sinh#zh-CHS\">Chinese Simplified<\/a><\/td>\n<td><a href=\"https:\/\/www.medishop.com.vn\/products\/den-chieu-vang-da-cho-tre-so-sinh#hu\">Hungarian<\/a><\/td>\n<td><a href=\"https:\/\/www.medishop.com.vn\/products\/den-chieu-vang-da-cho-tre-so-sinh#ru\">Russian<\/a><\/td>\n<\/tr>\n<tr>\n<td><a href=\"https:\/\/www.medishop.com.vn\/products\/den-chieu-vang-da-cho-tre-so-sinh#zh-CHT\">Chinese Traditional<\/a><\/td>\n<td><a href=\"https:\/\/www.medishop.com.vn\/products\/den-chieu-vang-da-cho-tre-so-sinh#id\">Indonesian<\/a><\/td>\n<td><a href=\"https:\/\/www.medishop.com.vn\/products\/den-chieu-vang-da-cho-tre-so-sinh#sk\">Slovak<\/a><\/td>\n<\/tr>\n<tr>\n<td><a href=\"https:\/\/www.medishop.com.vn\/products\/den-chieu-vang-da-cho-tre-so-sinh#cs\">Czech<\/a><\/td>\n<td><a href=\"https:\/\/www.medishop.com.vn\/products\/den-chieu-vang-da-cho-tre-so-sinh#it\">Italian<\/a><\/td>\n<td><a href=\"https:\/\/www.medishop.com.vn\/products\/den-chieu-vang-da-cho-tre-so-sinh#sl\">Slovenian<\/a><\/td>\n<\/tr>\n<tr>\n<td><a href=\"https:\/\/www.medishop.com.vn\/products\/den-chieu-vang-da-cho-tre-so-sinh#da\">Danish<\/a><\/td>\n<td><a href=\"https:\/\/www.medishop.com.vn\/products\/den-chieu-vang-da-cho-tre-so-sinh#ja\">Japanese<\/a><\/td>\n<td><a href=\"https:\/\/www.medishop.com.vn\/products\/den-chieu-vang-da-cho-tre-so-sinh#es\">Spanish<\/a><\/td>\n<\/tr>\n<tr>\n<td><a href=\"https:\/\/www.medishop.com.vn\/products\/den-chieu-vang-da-cho-tre-so-sinh#nl\">Dutch<\/a><\/td>\n<td><a href=\"https:\/\/www.medishop.com.vn\/products\/den-chieu-vang-da-cho-tre-so-sinh#tlh\">Klingon<\/a><\/td>\n<td><a href=\"https:\/\/www.medishop.com.vn\/products\/den-chieu-vang-da-cho-tre-so-sinh#sv\">Swedish<\/a><\/td>\n<\/tr>\n<tr>\n<td><a href=\"https:\/\/www.medishop.com.vn\/products\/den-chieu-vang-da-cho-tre-so-sinh#en\">English<\/a><\/td>\n<td><a href=\"https:\/\/www.medishop.com.vn\/products\/den-chieu-vang-da-cho-tre-so-sinh#ko\">Korean<\/a><\/td>\n<td><a href=\"https:\/\/www.medishop.com.vn\/products\/den-chieu-vang-da-cho-tre-so-sinh#th\">Thai<\/a><\/td>\n<\/tr>\n<tr>\n<td><a href=\"https:\/\/www.medishop.com.vn\/products\/den-chieu-vang-da-cho-tre-so-sinh#et\">Estonian<\/a><\/td>\n<td><a href=\"https:\/\/www.medishop.com.vn\/products\/den-chieu-vang-da-cho-tre-so-sinh#lv\">Latvian<\/a><\/td>\n<td><a href=\"https:\/\/www.medishop.com.vn\/products\/den-chieu-vang-da-cho-tre-so-sinh#tr\">Turkish<\/a><\/td>\n<\/tr>\n<tr>\n<td><a href=\"https:\/\/www.medishop.com.vn\/products\/den-chieu-vang-da-cho-tre-so-sinh#fi\">Finnish<\/a><\/td>\n<td><a href=\"https:\/\/www.medishop.com.vn\/products\/den-chieu-vang-da-cho-tre-so-sinh#lt\">Lithuanian<\/a><\/td>\n<td><a href=\"https:\/\/www.medishop.com.vn\/products\/den-chieu-vang-da-cho-tre-so-sinh#uk\">Ukrainian<\/a><\/td>\n<\/tr>\n<tr>\n<td><a href=\"https:\/\/www.medishop.com.vn\/products\/den-chieu-vang-da-cho-tre-so-sinh#fr\">French<\/a><\/td>\n<td><a href=\"https:\/\/www.medishop.com.vn\/products\/den-chieu-vang-da-cho-tre-so-sinh#ms\">Malay<\/a><\/td>\n<td><a href=\"https:\/\/www.medishop.com.vn\/products\/den-chieu-vang-da-cho-tre-so-sinh#ur\">Urdu<\/a><\/td>\n<\/tr>\n<tr>\n<td><a href=\"https:\/\/www.medishop.com.vn\/products\/den-chieu-vang-da-cho-tre-so-sinh#de\">German<\/a><\/td>\n<td><a href=\"https:\/\/www.medishop.com.vn\/products\/den-chieu-vang-da-cho-tre-so-sinh#mt\">Maltese<\/a><\/td>\n<td><a href=\"https:\/\/www.medishop.com.vn\/products\/den-chieu-vang-da-cho-tre-so-sinh#vi\">Vietnamese<\/a><\/td>\n<\/tr>\n<tr>\n<td><a href=\"https:\/\/www.medishop.com.vn\/products\/den-chieu-vang-da-cho-tre-so-sinh#el\">Greek<\/a><\/td>\n<td><a href=\"https:\/\/www.medishop.com.vn\/products\/den-chieu-vang-da-cho-tre-so-sinh#no\">Norwegian<\/a><\/td>\n<td><a href=\"https:\/\/www.medishop.com.vn\/products\/den-chieu-vang-da-cho-tre-so-sinh#cy\">Welsh<\/a><\/td>\n<\/tr>\n<tr>\n<td><a href=\"https:\/\/www.medishop.com.vn\/products\/den-chieu-vang-da-cho-tre-so-sinh#ht\">Haitian Creole<\/a><\/td>\n<td><a href=\"https:\/\/www.medishop.com.vn\/products\/den-chieu-vang-da-cho-tre-so-sinh#fa\">Persian<\/a><\/td>\n<td>\u00a0<\/td>\n<\/tr>\n<\/tbody>\n<\/table>\n<p><img style=\"height:7px;width:17px;border-width:0px;left:20px\"><\/div>\n<\/div>\n<\/div>\n<\/div>\n<\/div>\n<div id=\"CTFLinksPanel\"><span><a title=\"Help\" target=\"_blank\" href=\"https:\/\/go.microsoft.com\/?linkid=9722454\" rel=\"noopener\"><img><\/a> <a title=\"Get this widget for your own site\"> <img><\/a> <a title=\"Share translated page with friends\"> <img><\/a> <\/span><\/div>\n<div id=\"FloaterProgressBar\">\u00a0<\/div>\n<\/div>\n<div id=\"WidgetFloaterCollapsed\"><span>TRANSLATE with <\/span><img><\/div>\n<div id=\"FloaterSharePanel\">\n<div id=\"ShareTextDiv\"><span>COPY THE URL BELOW <\/span><\/div>\n<div id=\"ShareTextboxDiv\"> <!--a id=&quot;TwitterLink&quot; title=&quot;Share on Twitter&quot;&gt; <img id=\"TwitterImg\" \/><\/a>  <img id=\"FacebookImg\" \/>&lt;\/a--> <a title=\"Email this translation\"> <img><\/a><\/div>\n<div id=\"ShareFooter\"><span><a> <img><\/a><\/span> <span><a title=\"Back To Translation\"> Back<\/a><\/span><\/div>\n<\/p><\/div>\n<div id=\"FloaterEmbed\">\n<div id=\"EmbedTextDiv\"><span>EMBED THE SNIPPET BELOW IN YOUR SITE<\/span> <a title=\"Copy this code and place it into your HTML.\"> <img><\/a><\/div>\n<div id=\"EmbedTextboxDiv\"><\/div>\n<div id=\"EmbedNoticeDiv\"><span>Enable collaborative features and customize widget: <a href=\"http:\/\/www.bing.com\/widget\/translator\" target=\"_blank\" rel=\"noopener\">Bing Webmaster Portal<\/a><\/span><\/div>\n<div id=\"EmbedFooterDiv\"><span><a title=\"Back To Translation\">Back<\/a><\/span><\/div>\n<\/div>\n<\/div>\n<p>\t$(&#8216;p:contains(&#8220;Phan &#272;&#259;ng L&#432;u&#8221;)&#8217;).html(`<\/p>\n<p style=\"text-align: center\"><strong><img decoding=\"async\" style=\"max-width: 100%;height: auto\" src=\"https:\/\/file.hstatic.net\/1000225641\/file\/25x25_f69545ac614b41bf95ccc6e0452a0155_grande.png\">360 Nguy&#7877;n V&#259;n Nghi, P.7, Q. G&ograve; V&#7845;p`);<\/p>\n<p>$(&#8216;p:contains(&#8220;addremove&#8221;)&#8217;).remove()<br \/>\n\t\t setTimeout(() =&gt; {<\/p>\n<p>           if(window.location.href.includes(&#8220;nhiet-ke-hong-ngoai-do-tran-microlife-nc200-new&#8221;)||window.location.href.includes(&#8220;khung-tap-di-co-ghe-ngoi&#8221;)||window.location.href.includes(&#8220;khung-tap-di-khong-ghe-ngoi&#8221;)||window.location.href.includes(&#8220;nhiet-ke-hong-ngoai-do-tran-mdf-usa&#8221;)) {<br \/>\n\t\t\/\/$(&#8220;#anchor-spec&#8221;).hide();<br \/>\n\t}<br \/>\n       }, 500);<\/p>\n<p> \t\t\t\/*<br \/>\n\t$(&#8220;#anchor-info img&#8221;).each(function() {<br \/>\n    \t\t$(this).addClass(&#8220;lazy&#8221;)<br \/>\n        $(this).attr(&#8220;data-src&#8221;,$(this).attr(&#8220;src&#8221;));<br \/>\n        $(this).attr(&#8220;src&#8221;,&#8217;\/\/hstatic.net\/0\/0\/global\/design\/theme-default\/no-image.png&#8217;);<\/p>\n<p>    });*\/<\/p>\n<p>$(&#8220;.prod-offer&#8221;).clone().appendTo(&#8220;.call2action&#8221;);<\/p>\n<p>$(&#8220;.call2action&#8221;).each(function(index){<\/p>\n<p>\t$(this).find(&#8216;input&#8217;).each(function(){<br \/>\n\t\t$(this).attr(&#8216;id&#8217;,$(this).attr(&#8216;id&#8217;)+index)<br \/>\n\t})<br \/>\n\t\t$(this).find(&#8216;label&#8217;).each(function(){<br \/>\n\t\t\t\t$(this).attr(&#8216;for&#8217;,$(this).attr(&#8216;for&#8217;)+index)<\/p>\n<p>\t})<br \/>\n})<\/p>\n<p>$(&#8220;.call2action .info-support,.call2action .detail-info-phone&#8221;).remove()<br \/>\n$(&#8220;.call2action&gt;div&#8221;).removeClass(&#8216;col-sm-8&#8217;);<br \/>\n$(&#8220;.call2action .send-support&#8221;).removeAttr(&#8216;onclick&#8217;);<br \/>\n$(&#8220;.call2action .send-support&#8221;).attr(&#8220;href&#8221;,&#8221;tel:0906.960.800&#8243;);<br \/>\n\t\t\t\t\t$(&#8220;.call2action .send-support .text-btn&#8221;).text(&#8220;0906.960.800&#8221;);<br \/>\n$(&#8220;.call2action&gt;div&#8221;).removeClass(&#8216;col-xs-12&#8217;)<br \/>\n\t$(&#8220;.call2action .variants .col-lg-8&#8221;).removeClass(&#8220;col-lg-8&#8221;).addClass(&#8220;col-lg-12&#8221;);<br \/>\n\t$(&#8220;.call2action .formphone&#8221;).attr(&#8220;style&#8221;,&#8221;width:340px&#8221;);<\/p>\n<div class=\"seemore hide\"> <a href=\"\">Xem th\u00eam chi ti\u1ebft<\/a><\/div>\n<\/p><\/div>\n","protected":false},"excerpt":{"rendered":"<p>V\u00c0NG DA \u1ede TR\u1eba S\u01a0 SINH \u00a0 V\u00e0ng da l\u00e0 hi\u1ec7n t\u01b0\u1ee3ng da v\u00e0 tr\u00f2ng tr\u1eafng m\u1eaft chuy\u1ec3n m\u00e0u v\u00e0ng do t\u1ea9m nhu\u1eadn ch\u1ea5t bilirubin, l\u00e0 m\u1ed9t tri\u1ec7u ch\u1ee9ng cho bi\u1ebft bilirubin trong m\u00e1u cao. T\u0103ng bilirubin m\u00e1u nghi\u00eam tr\u1ecdng c\u00f3 th\u1ec3 g\u00e2y \u0111\u1ed9c cho h\u1ec7 th\u1ea7n kinh c\u1ee7a tr\u1ebb s\u01a1 sinh, g\u00e2y t\u1ed5n th\u01b0\u01a1ng &#8230;<\/p>\n","protected":false},"featured_media":1033,"comment_status":"closed","ping_status":"closed","template":"","meta":[],"product_cat":[63],"product_tag":[],"class_list":{"0":"post-1032","1":"product","2":"type-product","3":"status-publish","4":"has-post-thumbnail","6":"product_cat-den","8":"first","9":"instock","10":"shipping-taxable","11":"purchasable","12":"product-type-simple"},"_links":{"self":[{"href":"https:\/\/dungcutrilieu.com\/index.php?rest_route=\/wp\/v2\/product\/1032"}],"collection":[{"href":"https:\/\/dungcutrilieu.com\/index.php?rest_route=\/wp\/v2\/product"}],"about":[{"href":"https:\/\/dungcutrilieu.com\/index.php?rest_route=\/wp\/v2\/types\/product"}],"replies":[{"embeddable":true,"href":"https:\/\/dungcutrilieu.com\/index.php?rest_route=%2Fwp%2Fv2%2Fcomments&post=1032"}],"wp:featuredmedia":[{"embeddable":true,"href":"https:\/\/dungcutrilieu.com\/index.php?rest_route=\/wp\/v2\/media\/1033"}],"wp:attachment":[{"href":"https:\/\/dungcutrilieu.com\/index.php?rest_route=%2Fwp%2Fv2%2Fmedia&parent=1032"}],"wp:term":[{"taxonomy":"product_cat","embeddable":true,"href":"https:\/\/dungcutrilieu.com\/index.php?rest_route=%2Fwp%2Fv2%2Fproduct_cat&post=1032"},{"taxonomy":"product_tag","embeddable":true,"href":"https:\/\/dungcutrilieu.com\/index.php?rest_route=%2Fwp%2Fv2%2Fproduct_tag&post=1032"}],"curies":[{"name":"wp","href":"https:\/\/api.w.org\/{rel}","templated":true}]}}