{"id":1042,"date":"2024-07-04T17:03:39","date_gmt":"2024-07-04T17:03:39","guid":{"rendered":"https:\/\/dungcutrilieu.com\/?product=den-doc-1-phim"},"modified":"2024-07-04T17:03:42","modified_gmt":"2024-07-04T17:03:42","slug":"den-doc-1-phim","status":"publish","type":"product","link":"https:\/\/dungcutrilieu.com\/?product=den-doc-1-phim","title":{"rendered":"\u0110\u00e8n \u0110\u1ecdc 1 Phim"},"content":{"rendered":"<\/p>\n<div class=\"prod-descp body-content\" id=\"anchor-info\">\n<p>\u0110\u00e8n \u0110\u1ecdc 01 film<span>\u00a0CT, MRI, X- quang.<\/span><\/p>\n<p><img decoding=\"async\" src=\"https:\/\/dungcutrilieu.com\/wp-content\/uploads\/2024\/07\/den_doc_1_film_a9231000169646029bbfade9a3f55c02.jpg\" style=\"margin-left: auto;margin-right: auto\" title=\"den_doc_1_film_a9231000169646029bbfade9a3f55c02\"><\/p>\n<p style=\"text-align: center\">(Tr\u1ecdn b\u1ed9 s\u1ea3n ph\u1ea9m)<\/p>\n<p><\/p>\n<p>\t$(&#8216;p:contains(&#8220;Phan &#272;&#259;ng L&#432;u&#8221;)&#8217;).html(`<\/p>\n<p style=\"text-align: center\"><strong><img decoding=\"async\" style=\"max-width: 100%;height: auto\" src=\"https:\/\/file.hstatic.net\/1000225641\/file\/25x25_f69545ac614b41bf95ccc6e0452a0155_grande.png\">360 Nguy&#7877;n V&#259;n Nghi, P.7, Q. G&ograve; V&#7845;p`);<\/p>\n<p>$(&#8216;p:contains(&#8220;addremove&#8221;)&#8217;).remove()<br \/>\n\t\t setTimeout(() =&gt; {<\/p>\n<p>           if(window.location.href.includes(&#8220;nhiet-ke-hong-ngoai-do-tran-microlife-nc200-new&#8221;)||window.location.href.includes(&#8220;khung-tap-di-co-ghe-ngoi&#8221;)||window.location.href.includes(&#8220;khung-tap-di-khong-ghe-ngoi&#8221;)||window.location.href.includes(&#8220;nhiet-ke-hong-ngoai-do-tran-mdf-usa&#8221;)) {<br \/>\n\t\t\/\/$(&#8220;#anchor-spec&#8221;).hide();<br \/>\n\t}<br \/>\n       }, 500);<\/p>\n<p> \t\t\t\/*<br \/>\n\t$(&#8220;#anchor-info img&#8221;).each(function() {<br \/>\n    \t\t$(this).addClass(&#8220;lazy&#8221;)<br \/>\n        $(this).attr(&#8220;data-src&#8221;,$(this).attr(&#8220;src&#8221;));<br \/>\n        $(this).attr(&#8220;src&#8221;,&#8217;\/\/hstatic.net\/0\/0\/global\/design\/theme-default\/no-image.png&#8217;);<\/p>\n<p>    });*\/<\/p>\n<p>$(&#8220;.prod-offer&#8221;).clone().appendTo(&#8220;.call2action&#8221;);<\/p>\n<p>$(&#8220;.call2action&#8221;).each(function(index){<\/p>\n<p>\t$(this).find(&#8216;input&#8217;).each(function(){<br \/>\n\t\t$(this).attr(&#8216;id&#8217;,$(this).attr(&#8216;id&#8217;)+index)<br \/>\n\t})<br \/>\n\t\t$(this).find(&#8216;label&#8217;).each(function(){<br \/>\n\t\t\t\t$(this).attr(&#8216;for&#8217;,$(this).attr(&#8216;for&#8217;)+index)<\/p>\n<p>\t})<br \/>\n})<\/p>\n<p>$(&#8220;.call2action .info-support,.call2action .detail-info-phone&#8221;).remove()<br \/>\n$(&#8220;.call2action&gt;div&#8221;).removeClass(&#8216;col-sm-8&#8217;);<br \/>\n$(&#8220;.call2action .send-support&#8221;).removeAttr(&#8216;onclick&#8217;);<br \/>\n$(&#8220;.call2action .send-support&#8221;).attr(&#8220;href&#8221;,&#8221;tel:0906.960.800&#8243;);<br \/>\n\t\t\t\t\t$(&#8220;.call2action .send-support .text-btn&#8221;).text(&#8220;0906.960.800&#8221;);<br \/>\n$(&#8220;.call2action&gt;div&#8221;).removeClass(&#8216;col-xs-12&#8217;)<br \/>\n\t$(&#8220;.call2action .variants .col-lg-8&#8221;).removeClass(&#8220;col-lg-8&#8221;).addClass(&#8220;col-lg-12&#8221;);<br \/>\n\t$(&#8220;.call2action .formphone&#8221;).attr(&#8220;style&#8221;,&#8221;width:340px&#8221;);<\/p>\n<div class=\"seemore hide\"> <a href=\"\">Xem th\u00eam chi ti\u1ebft<\/a><\/div>\n<\/p><\/div>\n","protected":false},"excerpt":{"rendered":"<p>\u0110\u00e8n \u0110\u1ecdc 01 film\u00a0CT, MRI, X- quang. (Tr\u1ecdn b\u1ed9 s\u1ea3n ph\u1ea9m) $(&#8216;p:contains(&#8220;Phan &#272;&#259;ng L&#432;u&#8221;)&#8217;).html(` 360 Nguy&#7877;n V&#259;n Nghi, P.7, Q. G&ograve; V&#7845;p`); $(&#8216;p:contains(&#8220;addremove&#8221;)&#8217;).remove() setTimeout(() =&gt; { if(window.location.href.includes(&#8220;nhiet-ke-hong-ngoai-do-tran-microlife-nc200-new&#8221;)||window.location.href.includes(&#8220;khung-tap-di-co-ghe-ngoi&#8221;)||window.location.href.includes(&#8220;khung-tap-di-khong-ghe-ngoi&#8221;)||window.location.href.includes(&#8220;nhiet-ke-hong-ngoai-do-tran-mdf-usa&#8221;)) { \/\/$(&#8220;#anchor-spec&#8221;).hide(); } }, 500); \/* $(&#8220;#anchor-info img&#8221;).each(function() { $(this).addClass(&#8220;lazy&#8221;) $(this).attr(&#8220;data-src&#8221;,$(this).attr(&#8220;src&#8221;)); $(this).attr(&#8220;src&#8221;,&#8217;\/\/hstatic.net\/0\/0\/global\/design\/theme-default\/no-image.png&#8217;); });*\/ $(&#8220;.prod-offer&#8221;).clone().appendTo(&#8220;.call2action&#8221;); $(&#8220;.call2action&#8221;).each(function(index){ $(this).find(&#8216;input&#8217;).each(function(){ $(this).attr(&#8216;id&#8217;,$(this).attr(&#8216;id&#8217;)+index) }) $(this).find(&#8216;label&#8217;).each(function(){ $(this).attr(&#8216;for&#8217;,$(this).attr(&#8216;for&#8217;)+index) }) }) $(&#8220;.call2action .info-support,.call2action .detail-info-phone&#8221;).remove() $(&#8220;.call2action&gt;div&#8221;).removeClass(&#8216;col-sm-8&#8217;); $(&#8220;.call2action .send-support&#8221;).removeAttr(&#8216;onclick&#8217;); &#8230;<\/p>\n","protected":false},"featured_media":1043,"comment_status":"closed","ping_status":"closed","template":"","meta":[],"product_cat":[63],"product_tag":[],"class_list":{"0":"post-1042","1":"product","2":"type-product","3":"status-publish","4":"has-post-thumbnail","6":"product_cat-den","8":"first","9":"instock","10":"shipping-taxable","11":"purchasable","12":"product-type-simple"},"_links":{"self":[{"href":"https:\/\/dungcutrilieu.com\/index.php?rest_route=\/wp\/v2\/product\/1042"}],"collection":[{"href":"https:\/\/dungcutrilieu.com\/index.php?rest_route=\/wp\/v2\/product"}],"about":[{"href":"https:\/\/dungcutrilieu.com\/index.php?rest_route=\/wp\/v2\/types\/product"}],"replies":[{"embeddable":true,"href":"https:\/\/dungcutrilieu.com\/index.php?rest_route=%2Fwp%2Fv2%2Fcomments&post=1042"}],"wp:featuredmedia":[{"embeddable":true,"href":"https:\/\/dungcutrilieu.com\/index.php?rest_route=\/wp\/v2\/media\/1043"}],"wp:attachment":[{"href":"https:\/\/dungcutrilieu.com\/index.php?rest_route=%2Fwp%2Fv2%2Fmedia&parent=1042"}],"wp:term":[{"taxonomy":"product_cat","embeddable":true,"href":"https:\/\/dungcutrilieu.com\/index.php?rest_route=%2Fwp%2Fv2%2Fproduct_cat&post=1042"},{"taxonomy":"product_tag","embeddable":true,"href":"https:\/\/dungcutrilieu.com\/index.php?rest_route=%2Fwp%2Fv2%2Fproduct_tag&post=1042"}],"curies":[{"name":"wp","href":"https:\/\/api.w.org\/{rel}","templated":true}]}}