{"id":1057,"date":"2024-07-08T14:32:34","date_gmt":"2024-07-08T14:32:34","guid":{"rendered":"https:\/\/dungcutrilieu.com\/?product=nuoc-cat-vo-khuan-500ml"},"modified":"2024-07-08T14:32:37","modified_gmt":"2024-07-08T14:32:37","slug":"nuoc-cat-vo-khuan-500ml","status":"publish","type":"product","link":"https:\/\/dungcutrilieu.com\/?product=nuoc-cat-vo-khuan-500ml","title":{"rendered":"N\u01b0\u1edbc C\u1ea5t V\u00f4 Khu\u1ea9n 500ml"},"content":{"rendered":"<\/p>\n<div class=\"prod-descp body-content\" id=\"anchor-info\">\n<p style=\"text-align: justify\">N\u01b0\u1edbc c\u1ea5t l\u00e0 s\u1ea3n ph\u1ea9m \u0111\u01b0\u1ee3c s\u1eed d\u1ee5ng nhi\u1ec1u trong ng\u00e0nh y t\u1ebf. C\u00f3 t\u00e1c d\u1ee5ng pha lo\u00e3ng c\u00e1c ch\u1ea5t c\u00f3 trong s\u1ea3n ph\u1ea9m th\u00e0nh d\u1ea1ng m\u00e0 c\u01a1 th\u1ec3 con ng\u01b0\u1eddi c\u00f3 th\u1ec3 h\u1ea5p thu \u0111\u01b0\u1ee3c. N\u01b0\u1edbc c\u1ea5t \u0111\u01b0\u1ee3c s\u1eed d\u1ee5ng ph\u1ed5 bi\u1ebfn trong c\u00e1c b\u1ec7nh vi\u1ec7n, ph\u00f2ng kh\u00e1m, c\u00e1c trung t\u00e2m y t\u1ebf,&#8230; C\u00f9ng <a href=\"https:\/\/www.medishop.com.vn\/\">Medishop<\/a> tham kh\u1ea3o \u0111\u1ea7y \u0111\u1ee7 c\u00e1c th\u00f4ng tin v\u1ec1 s\u1ea3n ph\u1ea9m trong b\u00e0i vi\u1ebft d\u01b0\u1edbi \u0111\u00e2y.<\/p>\n<h2 style=\"text-align: justify\">T\u00ecm hi\u1ec3u chung v\u1ec1 n\u01b0\u1edbc c\u1ea5t<\/h2>\n<p style=\"text-align: justify\">N\u01b0\u1edbc chi\u1ebfm 70% kh\u1ed1i l\u01b0\u1ee3ng c\u01a1 th\u1ec3. N\u00f3 len l\u1ecfi qua kh\u1eafp c\u01a1 th\u1ec3 v\u00e0 l\u00e0 th\u00e0nh ph\u1ea7n quan tr\u1ecdng cho m\u1ecdi t\u1ebf b\u00e0o. Trong n\u01b0\u1edbc bao g\u1ed3m c\u00e1c ch\u1ea5t \u0111i\u1ec7n gi\u1ea3i v\u00e0 ion Na+ c\u00f3 vai tr\u00f2 l\u1edbn trong vi\u1ec7c duy tr\u00ec c\u00e2n b\u1eb1ng sinh l\u00fd.\u00a0<\/p>\n<p style=\"text-align: center\"><img decoding=\"async\" src=\"https:\/\/dungcutrilieu.com\/wp-content\/uploads\/2024\/07\/nuoc-cat-vo-khuan-500ml-1_9b8eed594f694d30bef179da1f81e552_grande.png\" title=\"nuoc-cat-vo-khuan-500ml-1_9b8eed594f694d30bef179da1f81e552_grande\"><\/p>\n<p style=\"text-align: center\"><em>N\u01b0\u1edbc c\u1ea5t v\u00f4 khu\u1ea9n \u0111\u01b0\u1ee3c s\u1eed d\u1ee5ng nhi\u1ec1u trong y t\u1ebf<\/em><\/p>\n<p style=\"text-align: justify\">N\u01b0\u1edbc c\u1ea5t l\u00e0 m\u1ed9t lo\u1ea1i n\u01b0\u1edbc v\u00f4 khu\u1ea9n \u0111\u01b0\u1ee3c s\u1eed d\u1ee5ng nhi\u1ec1u trong ng\u00e0nh y h\u1ecdc. Ng\u01b0\u1eddi ta s\u1eed d\u1ee5ng n\u01b0\u1edbc c\u1ea5t cho m\u1ee5c \u0111\u00edch ho\u00e0 tan c\u00e1c thu\u1ed1c ti\u00eam b\u1ed9t ho\u1eb7c pha lo\u00e3ng c\u00e1c ch\u1ebf ph\u1ea9m, s\u1eed d\u1ee5ng \u0111\u1ec3 l\u00e0m \u1ea9m trong c\u00e1c m\u00e1y m\u00f3c y khoa nh\u01b0: M\u00e1y gi\u00fap th\u1edf, m\u00e1y t\u1ea1o oxy&#8230;. v\u00e0 b\u00ecnh t\u1ea1o \u1ea9m oxy.<\/p>\n<p style=\"text-align: justify\"><strong>Xem th\u00eam:\u00a0<\/strong><a href=\"https:\/\/www.medishop.com.vn\/blogs\/news\/review-tu-nguoi-dung-kem-gian-tinh-mach-co-hieu-qua-khong\"><em>Review t\u1eeb ng\u01b0\u1eddi d\u00f9ng: kem gi\u00e3n t\u0129nh m\u1ea1ch c\u00f3 hi\u1ec7u qu\u1ea3 kh\u00f4ng?<\/em><\/a><\/p>\n<h2 style=\"text-align: justify\">Th\u00f4ng tin v\u1ec1 s\u1ea3n ph\u1ea9m<\/h2>\n<p style=\"text-align: center\">\u00a0<\/p>\n<p style=\"text-align: center\"><img decoding=\"async\" src=\"https:\/\/dungcutrilieu.com\/wp-content\/uploads\/2024\/07\/nuoc-cat-vo-khuan_ec232aab6c6f4440ad6a0868a9b0b04e.jpg\" title=\"nuoc-cat-vo-khuan_ec232aab6c6f4440ad6a0868a9b0b04e\"><\/p>\n<p style=\"text-align: center\">(N\u01b0\u1edbc v\u00f4 khu\u1ea9n 500ml)<\/p>\n<h2 style=\"text-align: justify\">C\u00f4ng d\u1ee5ng\u00a0N\u01b0\u1edbc C\u1ea5t V\u00f4 Khu\u1ea9n 500ml<\/h2>\n<p style=\"text-align: center\"><img decoding=\"async\" src=\"https:\/\/dungcutrilieu.com\/wp-content\/uploads\/2024\/07\/nuoc-cat-vo-khuan-500ml-3_5e36eca39ecf44e3a8faeba5a7446e4f_grande.png\" title=\"nuoc-cat-vo-khuan-500ml-3_5e36eca39ecf44e3a8faeba5a7446e4f_grande\"><\/p>\n<p style=\"text-align: center\"><em>N\u01b0\u1edbc c\u1ea5t v\u00f4 khu\u1ea9n \u0111\u01b0\u1ee3c d\u00f9ng l\u00e0m \u1ea9m c\u00e1c thi\u1ebft b\u1ecb y khoa<\/em><\/p>\n<ul>\n<li>\n<p style=\"text-align: justify\">D\u00f9ng khi pha c\u00e1c dung d\u1ecbch ti\u00eam<\/p>\n<\/li>\n<li>\n<p style=\"text-align: justify\">Pha lo\u00e3ng c\u00e1c ch\u1ebf ph\u1ea9m<\/p>\n<\/li>\n<li>\n<p style=\"text-align: justify\">L\u00e0m \u1ea9m c\u00e1c m\u00e1y m\u00f3c v\u00e0 thi\u1ebft b\u1ecb y khoa<\/p>\n<\/li>\n<\/ul>\n<h2 style=\"text-align: justify\">M\u1ed9t v\u00e0i l\u01b0u \u00fd c\u1ea7n n\u1eafm khi s\u1eed d\u1ee5ng n\u01b0\u1edbc c\u1ea5t v\u00f4 khu\u1ea9n<\/h2>\n<p style=\"text-align: center\"><img decoding=\"async\" src=\"https:\/\/dungcutrilieu.com\/wp-content\/uploads\/2024\/07\/nuoc-cat-vo-khuan-500ml-4_e77a6314f4fd47d5ad957d4b579085c8_grande.png\" title=\"nuoc-cat-vo-khuan-500ml-4_e77a6314f4fd47d5ad957d4b579085c8_grande\"><\/p>\n<p style=\"text-align: center\"><em>Kh\u00f4ng \u0111\u01b0\u1ee3c ti\u00eam n\u01b0\u1edbc c\u1ea5t tr\u1ef1c ti\u1ebfp v\u00e0o c\u01a1 th\u1ec3 m\u00e0 kh\u00f4ng pha lo\u00e3ng v\u1edbi c\u00e1c h\u1ee3p ch\u1ea5t kh\u00e1c<\/em><\/p>\n<ul>\n<li>\n<p style=\"text-align: justify\">Kh\u00f4ng \u0111\u01b0\u1ee3c ti\u00eam n\u01b0\u1edbc c\u1ea5t tr\u1ef1c ti\u1ebfp cho ng\u01b0\u1eddi b\u1ec7nh m\u00e0 ph\u1ea3i pha lo\u00e3ng v\u1edbi c\u00e1c lo\u1ea1i thu\u1ed1c kh\u00e1c tr\u01b0\u1edbc khi ti\u00eam.<\/p>\n<\/li>\n<li>\n<p style=\"text-align: justify\">C\u1ea7n tu\u00e2n theo h\u01b0\u1edbng d\u1eabn c\u1ee7a b\u00e1c s\u0129\/ d\u01b0\u1ee3c s\u0129 tr\u01b0\u1edbc khi ti\u1ebfn h\u00e0nh pha lo\u00e3ng dung d\u1ecbch.<\/p>\n<\/li>\n<li>\n<p style=\"text-align: justify\">Kh\u00f4ng \u0111\u01b0\u1ee3c s\u1eed d\u1ee5ng c\u00e1c s\u1ea3n ph\u1ea9m c\u00f3 d\u1ea5u hi\u1ec7u b\u1ecb b\u1ecb h\u01b0 h\u1ecfng nh\u01b0 ch\u1ea3y n\u01b0\u1edbc ra ngo\u00e0i, c\u00f3 c\u1eb7n d\u01b0\u1edbi \u0111\u00e1y chai ho\u1eb7c b\u1ecb h\u1edf n\u00fat.<\/p>\n<\/li>\n<li>\n<p style=\"text-align: justify\">S\u1eed d\u1ee5ng k\u1ef9 thu\u1eadt v\u00f4 tr\u00f9ng trong qu\u00e1 tr\u00ecnh ho\u00e0 tan ho\u1eb7c pha lo\u00e3ng thu\u1ed1c tr\u01b0\u1edbc khi ti\u00eam.<\/p>\n<\/li>\n<li>\n<p style=\"text-align: justify\">Lo\u1ea1i b\u1ecf ph\u1ea7n n\u01b0\u1edbc th\u1eeba trong \u1ed1ng sau khi \u0111\u00e3 d\u00f9ng m\u1ed9t l\u01b0\u1ee3ng v\u1eeba \u0111\u1ee7 \u0111\u1ec3 pha ti\u00eam<\/p>\n<\/li>\n<\/ul>\n<div style=\"text-align: justify\"><strong>Xem th\u00eam:\u00a0<\/strong><a href=\"https:\/\/www.medishop.com.vn\/blogs\/ho-hap\/bao-ve-suc-khoe-mua-mua-phong-tranh-cac-benh-ho-hap\"><em>M\u00e1ch b\u1ea1n c\u00e1ch b\u1ea3o v\u1ec7 s\u1ee9c kh\u1ecfe m\u00f9a m\u01b0a v\u00e0 ph\u00f2ng tr\u00e1nh c\u00e1c b\u1ec7nh h\u00f4 h\u1ea5p<\/em><\/a><\/div>\n<p style=\"text-align: justify\">N\u01b0\u1edbc c\u1ea5t pha ti\u00eam \u0111\u01b0\u1ee3c s\u1eed d\u1ee5ng ph\u1ed5 bi\u1ebfn t\u1ea1i c\u00e1c b\u1ec7nh vi\u1ec7n, tr\u1ea1m x\u00e1, c\u00e1c c\u01a1 s\u1edf y t\u1ebf. H\u1ed7 tr\u1ee3 hi\u1ec7u qu\u1ea3 trong c\u00f4ng t\u00e1c \u0111i\u1ec1u tr\u1ecb b\u1ec7nh. N\u1ebfu b\u1ea1n c\u00f3 nhu c\u1ea7u mua s\u1ea3n ph\u1ea9m, li\u00ean h\u1ec7 Medishop ngay \u0111\u1ec3 \u0111\u01b0\u1ee3c t\u01b0 v\u1ea5n v\u00e0 nh\u1eadn h\u00e0ng trong th\u1eddi gian s\u1edbm nh\u1ea5t.<\/p>\n<p><strong>M\u1ed9t s\u1ed1 th\u00f4ng tin h\u1eefu \u00edch\u00a0b\u1ea1n c\u1ea7n bi\u1ebft:<\/strong><\/p>\n<ul>\n<li><a href=\"https:\/\/www.medishop.com.vn\/blogs\/dung-cu-keo-co\/nguoi-bi-tai-bien-nen-an-gi-va-sinh-hoat-the-nao-de-som-binh-phuc\">Ng\u01b0\u1eddi B\u1ecb Tai Bi\u1ebfn N\u00ean \u0102n G\u00ec V\u00e0 Sinh Ho\u1ea1t Th\u1ebf N\u00e0o \u0110\u1ec3 S\u1edbm B\u00ecnh Ph\u1ee5c<\/a><\/li>\n<li><a href=\"https:\/\/www.medishop.com.vn\/blogs\/dung-cu-keo-co\/dung-cu-tap-tay-cho-nguoi-tai-bien\">B\u1ea5t Ng\u1edd Khi Th\u1ea5y Ng\u01b0\u1eddi Tai Bi\u1ebfn Ph\u1ee5c H\u1ed3i Nhanh Ch\u00f3ng Nh\u1edd C\u00e1c D\u1ee5ng C\u1ee5 V\u1eadt L\u00fd<\/a><\/li>\n<li><a href=\"https:\/\/www.medishop.com.vn\/blogs\/giuong-benh-nhan\/nem-chong-loet-giai-phap-toan-dien-cho-nguoi-benh-nam-lau-nam\">N\u1ec7m Ch\u1ed1ng Lo\u00e9t- Gi\u1ea3i Ph\u00e1p To\u00e0n Di\u1ec7n Cho Ng\u01b0\u1eddi B\u1ec7nh Ph\u1ea3i N\u1eb1m L\u00e2u\u00a0<\/a><\/li>\n<\/ul>\n<div id=\"WidgetFloaterPanels\" style=\"text-align: left;direction: ltr\" class=\"LTRStyle\">\n<div id=\"WidgetFloater\">\n<div id=\"WidgetLogoPanel\"><span><span>TRANSLATE with <\/span><\/span> <span>x<\/span><\/div>\n<div id=\"LanguageMenuPanel\">\n<div class=\"DDStyle_outer\"><span class=\"DDStyle\">English<\/span><\/p>\n<div style=\"position:relative;text-align:left;left:0\">\n<div style=\"position:absolute;width:;left:0px\">\n<div id=\"__LanguageMenu_popup\" class=\"DDStyle\">\n<table id=\"LanguageMenu\" border=\"0\">\n<tbody>\n<tr>\n<td><a href=\"https:\/\/www.medishop.com.vn\/products\/nuoc-cat-vo-khuan-500ml#ar\">Arabic<\/a><\/td>\n<td><a href=\"https:\/\/www.medishop.com.vn\/products\/nuoc-cat-vo-khuan-500ml#he\">Hebrew<\/a><\/td>\n<td><a href=\"https:\/\/www.medishop.com.vn\/products\/nuoc-cat-vo-khuan-500ml#pl\">Polish<\/a><\/td>\n<\/tr>\n<tr>\n<td><a href=\"https:\/\/www.medishop.com.vn\/products\/nuoc-cat-vo-khuan-500ml#bg\">Bulgarian<\/a><\/td>\n<td><a href=\"https:\/\/www.medishop.com.vn\/products\/nuoc-cat-vo-khuan-500ml#hi\">Hindi<\/a><\/td>\n<td><a href=\"https:\/\/www.medishop.com.vn\/products\/nuoc-cat-vo-khuan-500ml#pt\">Portuguese<\/a><\/td>\n<\/tr>\n<tr>\n<td><a href=\"https:\/\/www.medishop.com.vn\/products\/nuoc-cat-vo-khuan-500ml#ca\">Catalan<\/a><\/td>\n<td><a href=\"https:\/\/www.medishop.com.vn\/products\/nuoc-cat-vo-khuan-500ml#mww\">Hmong Daw<\/a><\/td>\n<td><a href=\"https:\/\/www.medishop.com.vn\/products\/nuoc-cat-vo-khuan-500ml#ro\">Romanian<\/a><\/td>\n<\/tr>\n<tr>\n<td><a href=\"https:\/\/www.medishop.com.vn\/products\/nuoc-cat-vo-khuan-500ml#zh-CHS\">Chinese Simplified<\/a><\/td>\n<td><a href=\"https:\/\/www.medishop.com.vn\/products\/nuoc-cat-vo-khuan-500ml#hu\">Hungarian<\/a><\/td>\n<td><a href=\"https:\/\/www.medishop.com.vn\/products\/nuoc-cat-vo-khuan-500ml#ru\">Russian<\/a><\/td>\n<\/tr>\n<tr>\n<td><a href=\"https:\/\/www.medishop.com.vn\/products\/nuoc-cat-vo-khuan-500ml#zh-CHT\">Chinese Traditional<\/a><\/td>\n<td><a href=\"https:\/\/www.medishop.com.vn\/products\/nuoc-cat-vo-khuan-500ml#id\">Indonesian<\/a><\/td>\n<td><a href=\"https:\/\/www.medishop.com.vn\/products\/nuoc-cat-vo-khuan-500ml#sk\">Slovak<\/a><\/td>\n<\/tr>\n<tr>\n<td><a href=\"https:\/\/www.medishop.com.vn\/products\/nuoc-cat-vo-khuan-500ml#cs\">Czech<\/a><\/td>\n<td><a href=\"https:\/\/www.medishop.com.vn\/products\/nuoc-cat-vo-khuan-500ml#it\">Italian<\/a><\/td>\n<td><a href=\"https:\/\/www.medishop.com.vn\/products\/nuoc-cat-vo-khuan-500ml#sl\">Slovenian<\/a><\/td>\n<\/tr>\n<tr>\n<td><a href=\"https:\/\/www.medishop.com.vn\/products\/nuoc-cat-vo-khuan-500ml#da\">Danish<\/a><\/td>\n<td><a href=\"https:\/\/www.medishop.com.vn\/products\/nuoc-cat-vo-khuan-500ml#ja\">Japanese<\/a><\/td>\n<td><a href=\"https:\/\/www.medishop.com.vn\/products\/nuoc-cat-vo-khuan-500ml#es\">Spanish<\/a><\/td>\n<\/tr>\n<tr>\n<td><a href=\"https:\/\/www.medishop.com.vn\/products\/nuoc-cat-vo-khuan-500ml#nl\">Dutch<\/a><\/td>\n<td><a href=\"https:\/\/www.medishop.com.vn\/products\/nuoc-cat-vo-khuan-500ml#tlh\">Klingon<\/a><\/td>\n<td><a href=\"https:\/\/www.medishop.com.vn\/products\/nuoc-cat-vo-khuan-500ml#sv\">Swedish<\/a><\/td>\n<\/tr>\n<tr>\n<td><a href=\"https:\/\/www.medishop.com.vn\/products\/nuoc-cat-vo-khuan-500ml#en\">English<\/a><\/td>\n<td><a href=\"https:\/\/www.medishop.com.vn\/products\/nuoc-cat-vo-khuan-500ml#ko\">Korean<\/a><\/td>\n<td><a href=\"https:\/\/www.medishop.com.vn\/products\/nuoc-cat-vo-khuan-500ml#th\">Thai<\/a><\/td>\n<\/tr>\n<tr>\n<td><a href=\"https:\/\/www.medishop.com.vn\/products\/nuoc-cat-vo-khuan-500ml#et\">Estonian<\/a><\/td>\n<td><a href=\"https:\/\/www.medishop.com.vn\/products\/nuoc-cat-vo-khuan-500ml#lv\">Latvian<\/a><\/td>\n<td><a href=\"https:\/\/www.medishop.com.vn\/products\/nuoc-cat-vo-khuan-500ml#tr\">Turkish<\/a><\/td>\n<\/tr>\n<tr>\n<td><a href=\"https:\/\/www.medishop.com.vn\/products\/nuoc-cat-vo-khuan-500ml#fi\">Finnish<\/a><\/td>\n<td><a href=\"https:\/\/www.medishop.com.vn\/products\/nuoc-cat-vo-khuan-500ml#lt\">Lithuanian<\/a><\/td>\n<td><a href=\"https:\/\/www.medishop.com.vn\/products\/nuoc-cat-vo-khuan-500ml#uk\">Ukrainian<\/a><\/td>\n<\/tr>\n<tr>\n<td><a href=\"https:\/\/www.medishop.com.vn\/products\/nuoc-cat-vo-khuan-500ml#fr\">French<\/a><\/td>\n<td><a href=\"https:\/\/www.medishop.com.vn\/products\/nuoc-cat-vo-khuan-500ml#ms\">Malay<\/a><\/td>\n<td><a href=\"https:\/\/www.medishop.com.vn\/products\/nuoc-cat-vo-khuan-500ml#ur\">Urdu<\/a><\/td>\n<\/tr>\n<tr>\n<td><a href=\"https:\/\/www.medishop.com.vn\/products\/nuoc-cat-vo-khuan-500ml#de\">German<\/a><\/td>\n<td><a href=\"https:\/\/www.medishop.com.vn\/products\/nuoc-cat-vo-khuan-500ml#mt\">Maltese<\/a><\/td>\n<td><a href=\"https:\/\/www.medishop.com.vn\/products\/nuoc-cat-vo-khuan-500ml#vi\">Vietnamese<\/a><\/td>\n<\/tr>\n<tr>\n<td><a href=\"https:\/\/www.medishop.com.vn\/products\/nuoc-cat-vo-khuan-500ml#el\">Greek<\/a><\/td>\n<td><a href=\"https:\/\/www.medishop.com.vn\/products\/nuoc-cat-vo-khuan-500ml#no\">Norwegian<\/a><\/td>\n<td><a href=\"https:\/\/www.medishop.com.vn\/products\/nuoc-cat-vo-khuan-500ml#cy\">Welsh<\/a><\/td>\n<\/tr>\n<tr>\n<td><a href=\"https:\/\/www.medishop.com.vn\/products\/nuoc-cat-vo-khuan-500ml#ht\">Haitian Creole<\/a><\/td>\n<td><a href=\"https:\/\/www.medishop.com.vn\/products\/nuoc-cat-vo-khuan-500ml#fa\">Persian<\/a><\/td>\n<td>\u00a0<\/td>\n<\/tr>\n<\/tbody>\n<\/table>\n<\/div>\n<\/div>\n<\/div>\n<\/div>\n<\/div>\n<div id=\"CTFLinksPanel\"><span><a title=\"Get this widget for your own site\"> <\/a> <a title=\"Share translated page with friends\"> <\/a> <\/span><\/div>\n<div id=\"FloaterProgressBar\">\u00a0<\/div>\n<\/div>\n<div id=\"WidgetFloaterCollapsed\"><span>TRANSLATE with <\/span><\/div>\n<div id=\"FloaterSharePanel\">\n<div id=\"ShareTextDiv\"><span>COPY THE URL BELOW <\/span><\/div>\n<div id=\"ShareTextboxDiv\"><!--a id=&quot;TwitterLink&quot; title=&quot;Share on Twitter&quot;&gt; <img id=\"TwitterImg\" \/><\/a>  <img id=\"FacebookImg\" \/>&lt;\/a--><a title=\"Email this translation\"> <\/a><\/div>\n<div id=\"ShareFooter\"><span><a> <\/a><\/span> <span><a title=\"Back To Translation\"> Back<\/a><\/span><\/div>\n<\/div>\n<div id=\"FloaterEmbed\">\n<div id=\"EmbedTextDiv\"><span>EMBED THE SNIPPET BELOW IN YOUR SITE<\/span> <a title=\"Copy this code and place it into your HTML.\"> <\/a><\/div>\n<div id=\"EmbedTextboxDiv\">\u00a0<\/div>\n<div id=\"EmbedNoticeDiv\"><span>Enable collaborative features and customize widget: <a target=\"_blank\" href=\"http:\/\/www.bing.com\/widget\/translator\" rel=\"noopener\">Bing Webmaster Portal<\/a><\/span><\/div>\n<div id=\"EmbedFooterDiv\"><span><a title=\"Back To Translation\">Back<\/a><\/span><\/div>\n<\/div>\n<\/div>\n<p>\t$(&#8216;p:contains(&#8220;Phan &#272;&#259;ng L&#432;u&#8221;)&#8217;).html(`<\/p>\n<p style=\"text-align: center\"><strong><img decoding=\"async\" style=\"max-width: 100%;height: auto\" src=\"https:\/\/file.hstatic.net\/1000225641\/file\/25x25_f69545ac614b41bf95ccc6e0452a0155_grande.png\">360 Nguy&#7877;n V&#259;n Nghi, P.7, Q. G&ograve; V&#7845;p`);<\/p>\n<p>$(&#8216;p:contains(&#8220;addremove&#8221;)&#8217;).remove()<br \/>\n\t\t setTimeout(() =&gt; {<\/p>\n<p>           if(window.location.href.includes(&#8220;nhiet-ke-hong-ngoai-do-tran-microlife-nc200-new&#8221;)||window.location.href.includes(&#8220;khung-tap-di-co-ghe-ngoi&#8221;)||window.location.href.includes(&#8220;khung-tap-di-khong-ghe-ngoi&#8221;)||window.location.href.includes(&#8220;nhiet-ke-hong-ngoai-do-tran-mdf-usa&#8221;)) {<br \/>\n\t\t\/\/$(&#8220;#anchor-spec&#8221;).hide();<br \/>\n\t}<br \/>\n       }, 500);<\/p>\n<p> \t\t\t\/*<br \/>\n\t$(&#8220;#anchor-info img&#8221;).each(function() {<br \/>\n    \t\t$(this).addClass(&#8220;lazy&#8221;)<br \/>\n        $(this).attr(&#8220;data-src&#8221;,$(this).attr(&#8220;src&#8221;));<br \/>\n        $(this).attr(&#8220;src&#8221;,&#8217;\/\/hstatic.net\/0\/0\/global\/design\/theme-default\/no-image.png&#8217;);<\/p>\n<p>    });*\/<\/p>\n<p>$(&#8220;.prod-offer&#8221;).clone().appendTo(&#8220;.call2action&#8221;);<\/p>\n<p>$(&#8220;.call2action&#8221;).each(function(index){<\/p>\n<p>\t$(this).find(&#8216;input&#8217;).each(function(){<br \/>\n\t\t$(this).attr(&#8216;id&#8217;,$(this).attr(&#8216;id&#8217;)+index)<br \/>\n\t})<br \/>\n\t\t$(this).find(&#8216;label&#8217;).each(function(){<br \/>\n\t\t\t\t$(this).attr(&#8216;for&#8217;,$(this).attr(&#8216;for&#8217;)+index)<\/p>\n<p>\t})<br \/>\n})<\/p>\n<p>$(&#8220;.call2action .info-support,.call2action .detail-info-phone&#8221;).remove()<br \/>\n$(&#8220;.call2action&gt;div&#8221;).removeClass(&#8216;col-sm-8&#8217;);<br \/>\n$(&#8220;.call2action .send-support&#8221;).removeAttr(&#8216;onclick&#8217;);<br \/>\n$(&#8220;.call2action .send-support&#8221;).attr(&#8220;href&#8221;,&#8221;tel:0906.960.800&#8243;);<br \/>\n\t\t\t\t\t$(&#8220;.call2action .send-support .text-btn&#8221;).text(&#8220;0906.960.800&#8221;);<br \/>\n$(&#8220;.call2action&gt;div&#8221;).removeClass(&#8216;col-xs-12&#8217;)<br \/>\n\t$(&#8220;.call2action .variants .col-lg-8&#8221;).removeClass(&#8220;col-lg-8&#8221;).addClass(&#8220;col-lg-12&#8221;);<br \/>\n\t$(&#8220;.call2action .formphone&#8221;).attr(&#8220;style&#8221;,&#8221;width:340px&#8221;);<\/p>\n<div class=\"seemore hide\"> <a href=\"\">Xem th\u00eam chi ti\u1ebft<\/a><\/div>\n<\/p><\/div>\n","protected":false},"excerpt":{"rendered":"<p>N\u01b0\u1edbc c\u1ea5t l\u00e0 s\u1ea3n ph\u1ea9m \u0111\u01b0\u1ee3c s\u1eed d\u1ee5ng nhi\u1ec1u trong ng\u00e0nh y t\u1ebf. C\u00f3 t\u00e1c d\u1ee5ng pha lo\u00e3ng c\u00e1c ch\u1ea5t c\u00f3 trong s\u1ea3n ph\u1ea9m th\u00e0nh d\u1ea1ng m\u00e0 c\u01a1 th\u1ec3 con ng\u01b0\u1eddi c\u00f3 th\u1ec3 h\u1ea5p thu \u0111\u01b0\u1ee3c. N\u01b0\u1edbc c\u1ea5t \u0111\u01b0\u1ee3c s\u1eed d\u1ee5ng ph\u1ed5 bi\u1ebfn trong c\u00e1c b\u1ec7nh vi\u1ec7n, ph\u00f2ng kh\u00e1m, c\u00e1c trung t\u00e2m y t\u1ebf,&#8230; C\u00f9ng &#8230;<\/p>\n","protected":false},"featured_media":1058,"comment_status":"closed","ping_status":"closed","template":"","meta":[],"product_cat":[53],"product_tag":[],"class_list":{"0":"post-1057","1":"product","2":"type-product","3":"status-publish","4":"has-post-thumbnail","6":"product_cat-dau-massage","8":"first","9":"instock","10":"shipping-taxable","11":"purchasable","12":"product-type-simple"},"_links":{"self":[{"href":"https:\/\/dungcutrilieu.com\/index.php?rest_route=\/wp\/v2\/product\/1057"}],"collection":[{"href":"https:\/\/dungcutrilieu.com\/index.php?rest_route=\/wp\/v2\/product"}],"about":[{"href":"https:\/\/dungcutrilieu.com\/index.php?rest_route=\/wp\/v2\/types\/product"}],"replies":[{"embeddable":true,"href":"https:\/\/dungcutrilieu.com\/index.php?rest_route=%2Fwp%2Fv2%2Fcomments&post=1057"}],"wp:featuredmedia":[{"embeddable":true,"href":"https:\/\/dungcutrilieu.com\/index.php?rest_route=\/wp\/v2\/media\/1058"}],"wp:attachment":[{"href":"https:\/\/dungcutrilieu.com\/index.php?rest_route=%2Fwp%2Fv2%2Fmedia&parent=1057"}],"wp:term":[{"taxonomy":"product_cat","embeddable":true,"href":"https:\/\/dungcutrilieu.com\/index.php?rest_route=%2Fwp%2Fv2%2Fproduct_cat&post=1057"},{"taxonomy":"product_tag","embeddable":true,"href":"https:\/\/dungcutrilieu.com\/index.php?rest_route=%2Fwp%2Fv2%2Fproduct_tag&post=1057"}],"curies":[{"name":"wp","href":"https:\/\/api.w.org\/{rel}","templated":true}]}}