{"id":1063,"date":"2024-07-08T14:37:18","date_gmt":"2024-07-08T14:37:18","guid":{"rendered":"https:\/\/dungcutrilieu.com\/?product=dai-massage-bung-unicare"},"modified":"2024-07-08T14:40:31","modified_gmt":"2024-07-08T14:40:31","slug":"dai-massage-bung-unicare","status":"publish","type":"product","link":"https:\/\/dungcutrilieu.com\/?product=dai-massage-bung-unicare","title":{"rendered":"\u0110ai Massage B\u1ee5ng Unicare"},"content":{"rendered":"<div id=\"anchor-info\" class=\"prod-descp body-content\">\n<p><strong>\u0110ai Massage B\u1ee5ng Unicare\u00a0<\/strong>c\u00f3 t\u00e1c d\u1ee5ng massage gi\u00fap gi\u1ea3m \u0111au nh\u1ee9c c\u01a1 b\u1eafp \u1edf v\u00f9ng vai, l\u01b0ng, h\u00f4ng, ch\u00e2n, c\u00e1nh tay,&#8230; M\u00e1y \u0111\u01b0\u1ee3c thi\u1ebft k\u1ebf c\u00f3 hai motor, t\u00e1c \u0111\u1ed9ng massage r\u1ea5t m\u1ea1nh l\u00ean c\u00e1c v\u00f9ng tr\u00ean c\u01a1 th\u1ec3 l\u00e0m ph\u00e2n gi\u1ea3i c\u00e1c lipid, l\u00e0m gi\u1ea3m \u0111au c\u00e1c c\u01a1 b\u1eafp, gi\u1ea3m s\u1ef1 m\u1ec7t m\u1ecfi, c\u1ea3i thi\u1ec7n tu\u1ea7n ho\u00e0n m\u00e1u, t\u0103ng c\u01b0\u1eddng trao \u0111\u1ed5i ch\u1ea5t trong c\u01a1 th\u1ec3. Ngo\u00e0i ch\u1ee9c n\u0103ng \u0111\u00ecnh ch\u1ec9nh b\u1eb1ng tay th\u00f4ng qua b\u1ed9 \u0111i\u1ec1u khi\u1ec3n, m\u00e1y \u0111\u01b0\u1ee3c c\u00e0i \u0111\u1eb7t m\u1ea1nh vi x\u1eed l\u00fd c\u00f3 th\u1ec3 t\u0103ng gi\u1ea3m c\u01b0\u1eddng \u0111\u1ed9 m\u1ed9t c\u00e1ch t\u1ef1 \u0111\u1ed9ng.<\/p>\n<p style=\"text-align: center;\"><img decoding=\"async\" title=\"dai-massage-bung-unicare-3_676705896a774729bad59085dac6cbd5\" src=\"https:\/\/dungcutrilieu.com\/wp-content\/uploads\/2024\/07\/dai-massage-bung-unicare-3_676705896a774729bad59085dac6cbd5.jpg\" \/><\/p>\n<p style=\"text-align: center;\"><em>(S\u1eed d\u1ee5ng \u0111\u01a1n gi\u1ea3n, mang l\u1ea1i hi\u1ec7u qu\u1ea3 cao)<\/em><\/p>\n<p><strong>H\u01b0\u1edbng d\u1eabn s\u1eed d\u1ee5ng:<\/strong><\/p>\n<p>&#8211; \u0110\u1eb7t m\u00e1y v\u00e0o n\u01a1i c\u1ea7n massage, sau \u0111\u00f3 c\u00e0i ch\u1eb7t sao cho c\u1ea3m th\u1ea5y th\u00edch h\u1ee3p.<\/p>\n<p>&#8211; Nh\u1ea5n n\u00fat POWER, m\u00e1y s\u1ebd t\u1ef1 \u0111\u1ed9ng \u0111i\u1ec1u ch\u1ec9nh c\u01b0\u1eddng \u0111\u1ed9 m\u1ea1nh \u0111\u1ebfn y\u1ebfu. Nh\u1ea5n n\u00fat MODE \u0111\u1ec3 \u0111i\u1ec1u ch\u1ec9nh t\u1eebng tr\u1ea1ng th\u00e1i dao \u0111\u1ed9ng theo y\u00eau c\u1ea7u. Nh\u1ea5n n\u00fat INTENSIVE \u0111\u1ec3 \u0111i\u1ec1u ch\u1ec9nh c\u01b0\u1eddng \u0111\u1ed9 th\u00edch h\u1ee3p.<\/p>\n<p style=\"text-align: center;\"><img decoding=\"async\" title=\"dai-massage-bung-unicare-1_7e30d26b6c654d64a036b485a13ed69f\" src=\"https:\/\/dungcutrilieu.com\/wp-content\/uploads\/2024\/07\/dai-massage-bung-unicare-1_7e30d26b6c654d64a036b485a13ed69f.jpg\" \/><\/p>\n<p><strong>Tr\u1ecdn b\u1ed9 s\u1ea3n ph\u1ea9m bao g\u1ed3m:<\/strong><\/p>\n<ul>\n<li>M\u00e1y ch\u00ednh.<\/li>\n<li>B\u1ed9 \u0111i\u1ec1u khi\u1ec3n c\u1ea7m tay.<\/li>\n<li>B\u1ed9 bi\u1ebfn \u0111i\u1ec7n (adaptor).<\/li>\n<li>T\u00fai x\u00e1ch<\/li>\n<li>H\u01b0\u1edbng d\u1eabn s\u1eed d\u1ee5ng b\u1eb1ng ti\u1ebfng Vi\u1ec7t.<\/li>\n<li>Phi\u1ebfu b\u1ea3o h\u00e0nh: 06 th\u00e1ng.<\/li>\n<\/ul>\n<p style=\"text-align: center;\"><img decoding=\"async\" title=\"dai-massage-bung-unicare_cab3fce5530847599c65e1bb8e3f0eb2\" src=\"https:\/\/dungcutrilieu.com\/wp-content\/uploads\/2024\/07\/dai-massage-bung-unicare_cab3fce5530847599c65e1bb8e3f0eb2.jpg\" \/><\/p>\n<p style=\"text-align: center;\"><em>(tr\u1ecdn b\u1ed9 s\u1ea3n ph\u1ea9m)<\/em><\/p>\n<div id=\"WidgetFloaterPanels\" class=\"LTRStyle\" style=\"text-align: left; direction: ltr;\">\n<div id=\"WidgetFloater\">\n<div id=\"WidgetLogoPanel\"><\/div>\n<\/div>\n<\/div>\n<\/div>\n","protected":false},"excerpt":{"rendered":"<p><strong>\u0110ai Massage B\u1ee5ng Unicare\u00a0<\/strong>c\u00f3 t\u00e1c d\u1ee5ng massage gi\u00fap gi\u1ea3m \u0111au nh\u1ee9c c\u01a1 b\u1eafp \u1edf v\u00f9ng vai, l\u01b0ng, h\u00f4ng, ch\u00e2n, c\u00e1nh tay,&#8230; M\u00e1y \u0111\u01b0\u1ee3c thi\u1ebft k\u1ebf c\u00f3 hai motor, t\u00e1c \u0111\u1ed9ng massage r\u1ea5t m\u1ea1nh l\u00ean c\u00e1c v\u00f9ng tr\u00ean c\u01a1 th\u1ec3 l\u00e0m ph\u00e2n gi\u1ea3i c\u00e1c lipid, l\u00e0m gi\u1ea3m \u0111au c\u00e1c c\u01a1 b\u1eafp, gi\u1ea3m s\u1ef1 m\u1ec7t m\u1ecfi, c\u1ea3i thi\u1ec7n tu\u1ea7n ho\u00e0n m\u00e1u, t\u0103ng c\u01b0\u1eddng trao \u0111\u1ed5i ch\u1ea5t trong c\u01a1 th\u1ec3. Ngo\u00e0i ch\u1ee9c n\u0103ng \u0111\u00ecnh ch\u1ec9nh b\u1eb1ng tay th\u00f4ng qua b\u1ed9 \u0111i\u1ec1u khi\u1ec3n, m\u00e1y \u0111\u01b0\u1ee3c c\u00e0i \u0111\u1eb7t m\u1ea1nh vi x\u1eed l\u00fd c\u00f3 th\u1ec3 t\u0103ng gi\u1ea3m c\u01b0\u1eddng \u0111\u1ed9 m\u1ed9t c\u00e1ch t\u1ef1 \u0111\u1ed9ng.<\/p>\n","protected":false},"featured_media":1064,"comment_status":"closed","ping_status":"closed","template":"","meta":[],"product_cat":[66],"product_tag":[],"class_list":{"0":"post-1063","1":"product","2":"type-product","3":"status-publish","4":"has-post-thumbnail","6":"product_cat-tui-chuom-nong-lanh","8":"first","9":"instock","10":"shipping-taxable","11":"purchasable","12":"product-type-simple"},"_links":{"self":[{"href":"https:\/\/dungcutrilieu.com\/index.php?rest_route=\/wp\/v2\/product\/1063"}],"collection":[{"href":"https:\/\/dungcutrilieu.com\/index.php?rest_route=\/wp\/v2\/product"}],"about":[{"href":"https:\/\/dungcutrilieu.com\/index.php?rest_route=\/wp\/v2\/types\/product"}],"replies":[{"embeddable":true,"href":"https:\/\/dungcutrilieu.com\/index.php?rest_route=%2Fwp%2Fv2%2Fcomments&post=1063"}],"wp:featuredmedia":[{"embeddable":true,"href":"https:\/\/dungcutrilieu.com\/index.php?rest_route=\/wp\/v2\/media\/1064"}],"wp:attachment":[{"href":"https:\/\/dungcutrilieu.com\/index.php?rest_route=%2Fwp%2Fv2%2Fmedia&parent=1063"}],"wp:term":[{"taxonomy":"product_cat","embeddable":true,"href":"https:\/\/dungcutrilieu.com\/index.php?rest_route=%2Fwp%2Fv2%2Fproduct_cat&post=1063"},{"taxonomy":"product_tag","embeddable":true,"href":"https:\/\/dungcutrilieu.com\/index.php?rest_route=%2Fwp%2Fv2%2Fproduct_tag&post=1063"}],"curies":[{"name":"wp","href":"https:\/\/api.w.org\/{rel}","templated":true}]}}