{"id":1090,"date":"2024-07-08T14:56:46","date_gmt":"2024-07-08T14:56:46","guid":{"rendered":"https:\/\/dungcutrilieu.com\/?product=may-massage-xung-dien-aukewel-8m"},"modified":"2024-07-08T14:56:51","modified_gmt":"2024-07-08T14:56:51","slug":"may-massage-xung-dien-aukewel-8m","status":"publish","type":"product","link":"https:\/\/dungcutrilieu.com\/?product=may-massage-xung-dien-aukewel-8m","title":{"rendered":"M\u00e1y Massage xung \u0111i\u1ec7n AUKEWEL 8M"},"content":{"rendered":"<\/p>\n<div class=\"prod-descp body-content\" id=\"anchor-info\">\n<div class=\"block4 section\">\n<div class=\"row hara-container\">\n<div id=\"mce_12\" class=\"col-md-12\">\n<h2 style=\"font-style: normal;text-align: center\"><strong style=\"font-weight:bold\">Massage b\u1eb1ng m\u00e1y xung \u0111i\u1ec7n &#8211; M\u1ed9t li\u1ec7u ph\u00e1p ch\u0103m s\u00f3c to\u00e0n di\u1ec7n c\u01a1 th\u1ec3.<\/strong><\/h2>\n<\/div>\n<\/div>\n<\/div>\n<div class=\"row block1\">\n<div id=\"mce_0\" class=\"col-md-6\">\n<p>N\u1ebfu c\u00e1c lo\u1ea1i <a target=\"_blank\" href=\"https:\/\/www.medishop.com.vn\/blogs\/may-massage\/so-sanh-may-massage-cam-tay-va-may-massage-xung-dien\" rel=\"noopener\">m\u00e1y massage<\/a> kh\u00e1c ho\u1ea1t \u0111\u1ed9ng theo c\u01a1 ch\u1ebf rung v\u00e0 xoay th\u00ec m\u00e1y massage xung \u0111i\u1ec7n ho\u1ea1t \u0111\u1ed9ng theo c\u01a1 ch\u1ebf t\u1ea1o ra c\u00e1c xung \u0111i\u1ec7n t\u1ea7n s\u1ed1 th\u1ea5p th\u00f4ng qua c\u00e1c mi\u1ebfng d\u00e1n \u0111i\u1ec7n c\u1ef1c.<\/p>\n<p>H\u1eb1ng ng\u00e0y, c\u01a1 th\u1ec3 ch\u00fang ta sinh ra d\u00f2ng \u0111i\u1ec7n r\u1ea5t nh\u1ecf t\u1eeb c\u00e1c th\u00e0nh ph\u1ea7n kh\u00e1c nhau c\u1ee7a c\u01a1 th\u1ec3 nh\u01b0 tim, n\u00e3o, c\u01a1 v\u00e0 d\u00e2y th\u1ea7n kinh. D\u00f2ng \u0111i\u1ec7n sinh h\u1ecdc n\u00e0y \u0111\u00f3ng m\u1ed9t vai tr\u00f2 h\u1ebft s\u1ee9c quan tr\u1ecdng trong c\u00e1c ch\u1ee9c n\u0103ng b\u00ecnh th\u01b0\u1eddng c\u1ee7a c\u01a1 th\u1ec3.<\/p>\n<p>Ph\u01b0\u01a1ng ph\u00e1p \u0111i\u1ec1u tr\u1ecb b\u1eb1ng d\u00f2ng \u0111i\u1ec7n sinh h\u1ecdc n\u00e0y \u0111\u01b0\u1ee3c g\u1ecdi l\u00e0 li\u1ec7u ph\u00e1p \u0111i\u1ec7n xung v\u00e0 r\u1ea5t c\u00f3 hi\u1ec7u qu\u1ea3 khi b\u1ea1n b\u1ecb c\u0103ng v\u00e0 \u0111au c\u01a1, d\u00e2y th\u1ea7n kinh.<\/p>\n<\/div>\n<div id=\"mce_2\" class=\"col-md-6\">\n<p style=\"text-align: center\"><img decoding=\"async\" style=\"max-width: 100%\" src=\"https:\/\/dungcutrilieu.com\/wp-content\/uploads\/2024\/07\/mat_xa_xung_dien_c331fea3e20e4794a3484b17f6758471.jpeg\" title=\"mat_xa_xung_dien_c331fea3e20e4794a3484b17f6758471\"><\/p>\n<\/div>\n<\/div>\n<div class=\"row block4\">\n<div id=\"mce_3\" style=\"position: relative\" class=\"col-xs-12\">\n<h2 style=\"text-align: center\"><span><strong>T\u00e1c d\u1ee5ng c\u1ee7a massage xung \u0111i\u1ec7n v\u1edbi s\u1ee9c kh\u1ecfe.<\/strong><\/span><\/h2>\n<p style=\"text-align: center\">Massage xung \u0111i\u1ec7n t\u00e1c \u0111\u1ed9ng \u0111\u1ebfn c\u00e1c huy\u1ec7t \u0111\u1ea1o nhanh ch\u00f3ng v\u00e0 mang l\u1ea1i hi\u1ec7u qu\u1ea3 cao:<\/p>\n<p style=\"text-align: center\"><img decoding=\"async\" src=\"https:\/\/dungcutrilieu.com\/wp-content\/uploads\/2024\/07\/may-massage-ak-8m-2_9a36e6f1eb1c495ca1954a9f5ae955c8.jpg\" title=\"may-massage-ak-8m-2_9a36e6f1eb1c495ca1954a9f5ae955c8\"><\/p>\n<p><img decoding=\"async\" style=\"max-width: 100%;height: auto\" src=\"https:\/\/dungcutrilieu.com\/wp-content\/uploads\/2024\/07\/untitled-1_grande-1.jpg\" title=\"untitled-1_grande-1\"> K\u00edch th\u00edch h\u1ec7 b\u00e0i ti\u1ebft, t\u0103ng qu\u00e1 tr\u00ecnh trao \u0111\u1ed5i ch\u1ea5t, \u0111\u1ea3o th\u1ea3i \u0111\u1ed9c t\u1ed1.<\/p>\n<p><img decoding=\"async\" style=\"max-width: 100%;height: auto\" src=\"https:\/\/dungcutrilieu.com\/wp-content\/uploads\/2024\/07\/untitled-1_grande-1.jpg\" title=\"untitled-1_grande-1\"> \u0110\u1ea3 th\u00f4ng kinh m\u1ea1ch, k\u00edch th\u00edch c\u00e1c huy\u1ec7t \u0111\u1ea1o ho\u1ea1t \u0111\u1ed9ng gi\u00fap tu\u1ea7n ho\u00e0n m\u00e1u nhanh h\u01a1n.<\/p>\n<p><img decoding=\"async\" style=\"max-width: 100%;height: auto\" src=\"https:\/\/dungcutrilieu.com\/wp-content\/uploads\/2024\/07\/untitled-1_grande-1.jpg\" title=\"untitled-1_grande-1\"> L\u01b0u th\u00f4ng kh\u00ed huy\u1ebft, \u0111i\u1ec1u h\u00f2a tu\u1ea7n ho\u00e0n m\u00e1u ch\u1ea3y \u0111\u1ec1u kh\u1eafp c\u01a1 th\u1ec3.<\/p>\n<p><img decoding=\"async\" style=\"max-width: 100%;height: auto\" src=\"https:\/\/dungcutrilieu.com\/wp-content\/uploads\/2024\/07\/untitled-1_grande-1.jpg\" title=\"untitled-1_grande-1\"> Ch\u1ed1ng c\u00e1c ch\u1ee9ng ph\u00f9 n\u1ec1, t\u00ea b\u00ec ch\u00e2n tay do m\u00e1u kh\u00f4ng truy\u1ec1n \u0111\u1ebfn c\u00e1c chi.<\/p>\n<p><img decoding=\"async\" style=\"max-width: 100%;height: auto\" src=\"https:\/\/dungcutrilieu.com\/wp-content\/uploads\/2024\/07\/untitled-1_grande-1.jpg\" title=\"untitled-1_grande-1\"> Gi\u00fap th\u01b0 gi\u00e3n, gi\u1ea3i t\u1ecfa c\u0103ng th\u1eb3ng d\u1ec5 \u0111i v\u00e0o gi\u1ea5c ng\u1ee7.<\/p>\n<p>V\u1edbi nh\u1eefng l\u1ee3i \u00edch tr\u00ean, ch\u00fang ta kh\u00f4ng th\u1ec3 l\u00e0m ng\u01a1 tr\u01b0\u1edbc li\u1ec7u ph\u00e1p <a target=\"_blank\" href=\"https:\/\/www.medishop.com.vn\/blogs\/may-massage\/may-massage-xung-dien\" rel=\"noopener\">massage xung \u0111i\u1ec7n <\/a>v\u00e0 \u0111\u01b0a ch\u00fang tr\u1edf th\u00e0nh m\u1ed9t ph\u1ea7n thi\u1ebft y\u1ebfu cu\u1ed9c s\u1ed1ng h\u1eb1ng ng\u00e0y. Tuy nhi\u00ean, vi\u1ec7c \u0111\u1ebfn c\u00e1c c\u01a1 s\u1edf v\u1eadt l\u00fd tr\u1ecb li\u1ec7u kh\u00f4ng ph\u1ea3i l\u00e0 gi\u1ea3i ph\u00e1p th\u01b0\u1eddng xuy\u00ean c\u1ee7a t\u1ea5t c\u1ea3 m\u1ecdi ng\u01b0\u1eddi. V\u1eady c\u00f3 c\u00e1ch n\u00e0o kh\u00e1c \u0111\u1ec3 \u0111\u01b0\u1ee3c massage h\u00e0ng ng\u00e0y m\u00e0 kh\u00f4ng t\u1ed1n nhi\u1ec1u th\u1eddi gian v\u00e0 ti\u1ec1n b\u1ea1c? C\u00e1c chuy\u00ean gia y t\u1ebf khuy\u00ean b\u1ea1n l\u1ef1a ch\u1ecdn cho m\u00ecnh m\u1ed9t chi\u1ebfc m\u00e1y massage ph\u00f9 h\u1ee3p \u0111\u1ec3 t\u1ef1 ch\u0103m s\u00f3c c\u01a1 th\u1ec3 m\u1ecdi n\u01a1i m\u1ecdi l\u00fac. <strong>M\u00e1y Massage AK\u00a08M<\/strong>\u00a0ra \u0111\u1eddi v\u1edbi l\u00fd do tr\u1edf th\u00e0nh b\u00e1c s\u0129 c\u1ee7a m\u1ecdi gia \u0111\u00ecnh<\/p>\n<\/div>\n<\/div>\n<div class=\"row block4\">\n<div id=\"mce_4\" style=\"position: relative\" class=\"col-xs-12\">\n<p style=\"text-align: center\"><span><strong>B\u1ea1n mu\u1ed1n \u0111i\u1ec1u tr\u1ecb ngay nh\u1eefng c\u01a1n \u0111au m\u1ecfi vai g\u00e1y k\u00e9o d\u00e0i?<\/strong><\/span><\/p>\n<p style=\"text-align: center\">\n<section style=\"margin: auto;max-width: 340px;min-height: 100px\" class=\"call2action top-info-right\"><\/section>\n<\/p>\n<h2 style=\"text-align: center\">M\u00e1y Massage AUKEWEL\u00a08M b\u00e1c s\u0129 tr\u1ecb li\u1ec7u c\u1ee7a gia \u0111\u00ecnh.<\/h2>\n<\/div>\n<\/div>\n<div class=\"row block3\">\n<div id=\"mce_5\" class=\"col-md-4\">\n<p style=\"text-align: center\"><img decoding=\"async\" src=\"https:\/\/dungcutrilieu.com\/wp-content\/uploads\/2024\/07\/may-massage-ak-8m-1_934ce49eef9742408ca72601e5f7c13d.jpg\" title=\"may-massage-ak-8m-1_934ce49eef9742408ca72601e5f7c13d\"><\/p>\n<p style=\"text-align: center\">(Tr\u1ecdn b\u1ed9 s\u1ea3n ph\u1ea9m)<\/p>\n<\/div>\n<div id=\"mce_6\" class=\"col-md-8\">\n<h5><img decoding=\"async\" style=\"max-width: 100%;height: auto\" src=\"https:\/\/dungcutrilieu.com\/wp-content\/uploads\/2024\/07\/untitled-1_grande-1.jpg\" title=\"untitled-1_grande-1\"> Thi\u1ebft k\u1ebf nh\u1ecf g\u1ecdn, d\u1ec5 s\u1eed d\u1ee5ng<\/h5>\n<h5><img decoding=\"async\" style=\"max-width: 100%;height: auto\" src=\"https:\/\/dungcutrilieu.com\/wp-content\/uploads\/2024\/07\/untitled-1_grande-1.jpg\" title=\"untitled-1_grande-1\"> V\u1edbi 6 ch\u1ebf \u0111\u1ed9 tr\u1ecb li\u1ec7u t\u1ef1 \u0111\u1ed9ng v\u00e0 4 ch\u1ebf \u0111\u1ed9 \u0111i\u1ec1u ch\u1ec9nh b\u1eb1ng tay.<\/h5>\n<h5><img decoding=\"async\" style=\"max-width: 100%;height: auto\" src=\"https:\/\/dungcutrilieu.com\/wp-content\/uploads\/2024\/07\/untitled-1_grande-1.jpg\" title=\"untitled-1_grande-1\"> V\u1edbi ch\u1ee9c n\u0103ng \u0111i\u1ec1u tr\u1ecb 2 trong 1 l\u00e0m t\u0103ng tu\u1ea7n ho\u00e0n m\u00e1u, l\u00e0m d\u1ecbu c\u00e1c c\u01a1, ch\u1ed1ng vi\u00eam, gi\u1ea3m \u0111au nh\u1ee9c. Quy m\u00f4 \u0111i\u1ec1u tr\u1ecb r\u1ed9ng, ti\u1ec7n l\u1ee3i v\u00e0 hi\u1ec7u qu\u1ea3<\/h5>\n<h5><img decoding=\"async\" style=\"max-width: 100%;height: auto\" src=\"https:\/\/dungcutrilieu.com\/wp-content\/uploads\/2024\/07\/untitled-1_grande-1.jpg\" title=\"untitled-1_grande-1\"> S\u1eed d\u1ee5ng c\u00e1c \u0111i\u1ec7n c\u1ef1c d\u00e1n, c\u00f3 ch\u1ee9c n\u0103ng ch\u00e2m c\u1ee9u, c\u1ea1o gi\u00f3, gi\u00e1c h\u01a1i, massage, \u0111\u1ea5m b\u00f3p.<\/h5>\n<h5 style=\"font-style: normal\"><img decoding=\"async\" style=\"max-width: 100%\" src=\"https:\/\/dungcutrilieu.com\/wp-content\/uploads\/2024\/07\/untitled-1_grande-1.jpg\" title=\"untitled-1_grande-1\"> M\u00e0n h\u00ecnh LCD r\u1ed9ng, c\u00e1c ch\u1ee9c n\u0103ng th\u1ec3 hi\u1ec7n tr\u00ean m\u00e0n h\u00ecnh.<\/h5>\n<p><strong>Xem th\u00eam:<\/strong>\u00a0<a href=\"https:\/\/www.medishop.com.vn\/blogs\/may-massage\/may-massage-xung-dien-co-hai-khong\">D\u00f9ng m\u00e1y massage xung \u0111i\u1ec7n g\u00e2y h\u1ea1i c\u00f3 \u0111\u00fang kh\u00f4ng?<\/a><\/p>\n<\/div>\n<\/div>\n<div class=\"row block4\">\n<div id=\"mce_11\" style=\"position: relative\" class=\"col-xs-12\">\n<h2 style=\"text-align: center\"><span><strong>Nh\u1eefng \u0111i\u1ec1u c\u1ea7n ch\u00fa \u00fd trong qu\u00e1 tr\u00ecnh s\u1eed d\u1ee5ng<\/strong><\/span><\/h2>\n<\/div>\n<\/div>\n<div class=\"row block1\">\n<div id=\"mce_12\" class=\"col-md-6\">\n<p><img decoding=\"async\" width=\"30\" style=\"max-width: 100%;height: 30px\" src=\"https:\/\/dungcutrilieu.com\/wp-content\/uploads\/2024\/07\/luu_y_cd26e5b6f0864606a1e04c4f15925f49.png\" title=\"luu_y_cd26e5b6f0864606a1e04c4f15925f49\"> Nh\u1eefng v\u1ecb tr\u00ed n\u00e0o c\u1ea7n tr\u1ecb li\u1ec7u b\u1ea1n \u0111\u1ec1u c\u00f3 th\u1ec3 d\u00e1n mi\u1ebfng d\u00e1n \u0111i\u1ec7n c\u1ef1c n\u00e0y l\u00ean, ngo\u1ea1i tr\u1eeb khu v\u1ef1c tim v\u00e0 n\u00e3o. C\u00e1ch t\u1ed1t nh\u1ea5t \u0111\u1ec3 l\u00e0m xoa d\u1ecbu nh\u1eefng c\u01a1n \u0111au l\u00e0 t\u00ecm nh\u1eefng \u0111i\u1ec3m \u0111au v\u00e0 d\u00e1n mi\u1ebfng \u0111i\u1ec7n c\u1ef1c v\u00e0o v\u00f9ng \u0111\u00f3 \u0111\u1ec3 m\u00e1y massage.<\/p>\n<p><img decoding=\"async\" width=\"30\" style=\"font-style: normal;font-weight: 400;height: 30px;max-width: 100%\" src=\"https:\/\/dungcutrilieu.com\/wp-content\/uploads\/2024\/07\/luu_y_cd26e5b6f0864606a1e04c4f15925f49.png\" title=\"luu_y_cd26e5b6f0864606a1e04c4f15925f49\">\u00a0Tr\u01b0\u1edbc khi d\u00f9ng m\u00e1y massage tr\u1ecb li\u1ec7u n\u00ean l\u00e0m s\u1ea1ch da, n\u1ebfu nh\u1eefng mi\u1ebfng \u0111i\u1ec7n c\u1ef1c b\u1ecb b\u1ea9n c\u00f3 th\u1ec3 l\u00e0m cho s\u1ea1ch b\u1eb1ng n\u01b0\u1edbc hay l\u1ea5y kh\u0103n lau. T\u00f9y theo t\u1ea7n su\u1ea5t s\u1eed d\u1ee5ng m\u00e0 c\u00e1c mi\u1ebfng d\u00e1n \u0111\u01b0\u1ee3c thay m\u1edbi t\u1eeb m\u1ed9t \u0111\u1ebfn m\u1ed9t v\u00e0i th\u00e1ng. Sau khi d\u00f9ng xong n\u00ean b\u1ea3o qu\u1ea3n m\u00e1y v\u00e0 mi\u1ebfng \u0111i\u1ec7n c\u1ef1c \u0111\u1ec3 v\u00e0o h\u1ed9p tr\u00e1nh \u0111\u1ec3 ch\u00fang b\u1ecb kh\u00f4 hay d\u00ednh b\u1ee5i b\u1ea9n.<\/p>\n<\/div>\n<div id=\"mce_13\" class=\"col-md-6\">\n<p><img decoding=\"async\" width=\"30\" style=\"font-style: normal;font-weight: 400;height: 30px;max-width: 100%\" src=\"https:\/\/dungcutrilieu.com\/wp-content\/uploads\/2024\/07\/luu_y_cd26e5b6f0864606a1e04c4f15925f49.png\" title=\"luu_y_cd26e5b6f0864606a1e04c4f15925f49\">\u00a0Kh\u00f4ng s\u1eed d\u1ee5ng m\u00e1y khi \u0111ang mang c\u00e1c s\u1ea3n ph\u1ea9m \u0111i\u1ec7n t\u1eed kh\u00e1c nh\u01b0 m\u00e1y tr\u1ee3 tim, m\u00e1y \u0111i\u1ec1u h\u00f2a nh\u1ecbp tim, ho\u1eb7c \u0111i\u1ec7n tho\u1ea1i di \u0111\u1ed9ng.<\/p>\n<p><img decoding=\"async\" width=\"30\" style=\"font-style: normal;font-weight: 400;height: 30px;max-width: 100%\" src=\"https:\/\/dungcutrilieu.com\/wp-content\/uploads\/2024\/07\/luu_y_cd26e5b6f0864606a1e04c4f15925f49.png\" title=\"luu_y_cd26e5b6f0864606a1e04c4f15925f49\">\u00a0Kh\u00f4ng d\u00f9ng m\u00e1y g\u1ea7n tim, ph\u1ed5i, \u0111\u1ea7u v\u00e0 n\u01a1i v\u00f9ng da \u0111ang t\u1ed5n th\u01b0\u01a1ng.<\/p>\n<p><img decoding=\"async\" width=\"30\" style=\"font-style: normal;font-weight: 400;height: 30px;max-width: 100%\" src=\"https:\/\/dungcutrilieu.com\/wp-content\/uploads\/2024\/07\/luu_y_cd26e5b6f0864606a1e04c4f15925f49.png\" title=\"luu_y_cd26e5b6f0864606a1e04c4f15925f49\">\u00a0Kh\u00f4ng s\u1eed d\u1ee5ng m\u00e1y t\u1ea1i m\u1ed9t v\u00f9ng qu\u00e1 l\u00e2u (qu\u00e1 30 ph\u00fat).<\/p>\n<p><strong>Xem th\u00eam:<\/strong> <a href=\"https:\/\/www.medishop.com.vn\/blogs\/may-massage\/nhung-van-de-thuong-gap-khi-su-dung-may-massage-cam-tay\">Nh\u1eefng v\u1ea5n \u0111\u1ec1 th\u01b0\u1eddng g\u1eb7p khi s\u1eed d\u1ee5ng m\u00e1y massage<\/a>\u00a0<\/p>\n<\/div>\n<\/div>\n<div class=\"row block4\">\n<div id=\"mce_14\" style=\"position: relative\" class=\"col-xs-12\">\n<h2 style=\"text-align: center\"><span><strong>Ch\u00ednh s\u00e1ch mua h\u00e0ng<\/strong><\/span><\/h2>\n<\/div>\n<\/div>\n<div class=\"row block5\">\n<div id=\"mce_15\" class=\"col-md-4\">\n<p><img loading=\"lazy\" decoding=\"async\" width=\"160\" height=\"160\" style=\"margin-left: auto;margin-right: auto;max-width: 100%;height: auto\" src=\"https:\/\/dungcutrilieu.com\/wp-content\/uploads\/2024\/07\/customer-support_grande-1.png\" title=\"customer-support_grande-1\"><\/p>\n<p style=\"text-align: center\"><em>B\u1ea1n s\u1ebd \u0111\u01b0\u1ee3c <strong>B\u1ea2O H\u00c0NH 2 N\u0102M<\/strong>, kh\u1eafc ph\u1ee5c nh\u1eefng l\u1ed7i h\u01b0 h\u1ecfng, s\u1ef1 c\u1ed1 k\u1ef9 thu\u1eadt x\u1ea3y ra do l\u1ed7i c\u1ee7a nh\u00e0 s\u1ea3n xu\u1ea5t. <\/em><\/p>\n<\/div>\n<div id=\"mce_16\" class=\"col-md-4\">\n<p style=\"text-align: center\"><img decoding=\"async\" src=\"https:\/\/dungcutrilieu.com\/wp-content\/uploads\/2024\/07\/giao-hang-tan-noi-3_ebf9b1bef4eb4c4b97ea0a0c90b975ba-1.jpg\" title=\"giao-hang-tan-noi-3_ebf9b1bef4eb4c4b97ea0a0c90b975ba-1\"><\/p>\n<p style=\"text-align: center\"><em><strong>GIAO H\u00c0NG TPHCM\u00a0<\/strong>nhanh 60 ph\u00fat thu ti\u1ec1n t\u1ea1i nh\u00e0.<\/em><\/p>\n<\/div>\n<div id=\"mce_17\" class=\"col-md-4\">\n<p><img loading=\"lazy\" decoding=\"async\" width=\"163\" height=\"163\" style=\"margin-left: auto;margin-right: auto;max-width: 100%;height: auto\" src=\"https:\/\/dungcutrilieu.com\/wp-content\/uploads\/2024\/07\/badge_grande-1.png\" title=\"badge_grande-1\"><\/p>\n<p style=\"text-align: center\"><em>Cam k\u1ebft h\u00e0ng <strong>CH\u00cdNH H\u00c3NG<\/strong>, \u0111\u01b0\u1ee3c <strong>NH\u1eacP KH\u1ea8U HO\u00c0N TO\u00c0N<\/strong> t\u1eeb nh\u00e0 s\u1ea3n xu\u1ea5t<\/em><\/p>\n<\/div>\n<\/div>\n<div id=\"WidgetFloaterPanels\" style=\"text-align: left;direction: ltr\" class=\"LTRStyle\">\n<div id=\"WidgetFloater\">\n<div id=\"WidgetLogoPanel\"><span><span>TRANSLATE with <\/span><\/span> <span>x<\/span><\/div>\n<div id=\"LanguageMenuPanel\">\n<div class=\"DDStyle_outer\"><span class=\"DDStyle\">English<\/span><\/p>\n<div style=\"position:relative;text-align:left;left:0\">\n<div style=\"position:absolute;width:;left:0px\">\n<div id=\"__LanguageMenu_popup\" class=\"DDStyle\">\n<table id=\"LanguageMenu\" border=\"0\">\n<tbody>\n<tr>\n<td><a href=\"https:\/\/www.medishop.com.vn\/products\/may-massage-xung-dien-aukewel-8m#ar\">Arabic<\/a><\/td>\n<td><a href=\"https:\/\/www.medishop.com.vn\/products\/may-massage-xung-dien-aukewel-8m#he\">Hebrew<\/a><\/td>\n<td><a href=\"https:\/\/www.medishop.com.vn\/products\/may-massage-xung-dien-aukewel-8m#pl\">Polish<\/a><\/td>\n<\/tr>\n<tr>\n<td><a href=\"https:\/\/www.medishop.com.vn\/products\/may-massage-xung-dien-aukewel-8m#bg\">Bulgarian<\/a><\/td>\n<td><a href=\"https:\/\/www.medishop.com.vn\/products\/may-massage-xung-dien-aukewel-8m#hi\">Hindi<\/a><\/td>\n<td><a href=\"https:\/\/www.medishop.com.vn\/products\/may-massage-xung-dien-aukewel-8m#pt\">Portuguese<\/a><\/td>\n<\/tr>\n<tr>\n<td><a href=\"https:\/\/www.medishop.com.vn\/products\/may-massage-xung-dien-aukewel-8m#ca\">Catalan<\/a><\/td>\n<td><a href=\"https:\/\/www.medishop.com.vn\/products\/may-massage-xung-dien-aukewel-8m#mww\">Hmong Daw<\/a><\/td>\n<td><a href=\"https:\/\/www.medishop.com.vn\/products\/may-massage-xung-dien-aukewel-8m#ro\">Romanian<\/a><\/td>\n<\/tr>\n<tr>\n<td><a href=\"https:\/\/www.medishop.com.vn\/products\/may-massage-xung-dien-aukewel-8m#zh-CHS\">Chinese Simplified<\/a><\/td>\n<td><a href=\"https:\/\/www.medishop.com.vn\/products\/may-massage-xung-dien-aukewel-8m#hu\">Hungarian<\/a><\/td>\n<td><a href=\"https:\/\/www.medishop.com.vn\/products\/may-massage-xung-dien-aukewel-8m#ru\">Russian<\/a><\/td>\n<\/tr>\n<tr>\n<td><a href=\"https:\/\/www.medishop.com.vn\/products\/may-massage-xung-dien-aukewel-8m#zh-CHT\">Chinese Traditional<\/a><\/td>\n<td><a href=\"https:\/\/www.medishop.com.vn\/products\/may-massage-xung-dien-aukewel-8m#id\">Indonesian<\/a><\/td>\n<td><a href=\"https:\/\/www.medishop.com.vn\/products\/may-massage-xung-dien-aukewel-8m#sk\">Slovak<\/a><\/td>\n<\/tr>\n<tr>\n<td><a href=\"https:\/\/www.medishop.com.vn\/products\/may-massage-xung-dien-aukewel-8m#cs\">Czech<\/a><\/td>\n<td><a href=\"https:\/\/www.medishop.com.vn\/products\/may-massage-xung-dien-aukewel-8m#it\">Italian<\/a><\/td>\n<td><a href=\"https:\/\/www.medishop.com.vn\/products\/may-massage-xung-dien-aukewel-8m#sl\">Slovenian<\/a><\/td>\n<\/tr>\n<tr>\n<td><a href=\"https:\/\/www.medishop.com.vn\/products\/may-massage-xung-dien-aukewel-8m#da\">Danish<\/a><\/td>\n<td><a href=\"https:\/\/www.medishop.com.vn\/products\/may-massage-xung-dien-aukewel-8m#ja\">Japanese<\/a><\/td>\n<td><a href=\"https:\/\/www.medishop.com.vn\/products\/may-massage-xung-dien-aukewel-8m#es\">Spanish<\/a><\/td>\n<\/tr>\n<tr>\n<td><a href=\"https:\/\/www.medishop.com.vn\/products\/may-massage-xung-dien-aukewel-8m#nl\">Dutch<\/a><\/td>\n<td><a href=\"https:\/\/www.medishop.com.vn\/products\/may-massage-xung-dien-aukewel-8m#tlh\">Klingon<\/a><\/td>\n<td><a href=\"https:\/\/www.medishop.com.vn\/products\/may-massage-xung-dien-aukewel-8m#sv\">Swedish<\/a><\/td>\n<\/tr>\n<tr>\n<td><a href=\"https:\/\/www.medishop.com.vn\/products\/may-massage-xung-dien-aukewel-8m#en\">English<\/a><\/td>\n<td><a href=\"https:\/\/www.medishop.com.vn\/products\/may-massage-xung-dien-aukewel-8m#ko\">Korean<\/a><\/td>\n<td><a href=\"https:\/\/www.medishop.com.vn\/products\/may-massage-xung-dien-aukewel-8m#th\">Thai<\/a><\/td>\n<\/tr>\n<tr>\n<td><a href=\"https:\/\/www.medishop.com.vn\/products\/may-massage-xung-dien-aukewel-8m#et\">Estonian<\/a><\/td>\n<td><a href=\"https:\/\/www.medishop.com.vn\/products\/may-massage-xung-dien-aukewel-8m#lv\">Latvian<\/a><\/td>\n<td><a href=\"https:\/\/www.medishop.com.vn\/products\/may-massage-xung-dien-aukewel-8m#tr\">Turkish<\/a><\/td>\n<\/tr>\n<tr>\n<td><a href=\"https:\/\/www.medishop.com.vn\/products\/may-massage-xung-dien-aukewel-8m#fi\">Finnish<\/a><\/td>\n<td><a href=\"https:\/\/www.medishop.com.vn\/products\/may-massage-xung-dien-aukewel-8m#lt\">Lithuanian<\/a><\/td>\n<td><a href=\"https:\/\/www.medishop.com.vn\/products\/may-massage-xung-dien-aukewel-8m#uk\">Ukrainian<\/a><\/td>\n<\/tr>\n<tr>\n<td><a href=\"https:\/\/www.medishop.com.vn\/products\/may-massage-xung-dien-aukewel-8m#fr\">French<\/a><\/td>\n<td><a href=\"https:\/\/www.medishop.com.vn\/products\/may-massage-xung-dien-aukewel-8m#ms\">Malay<\/a><\/td>\n<td><a href=\"https:\/\/www.medishop.com.vn\/products\/may-massage-xung-dien-aukewel-8m#ur\">Urdu<\/a><\/td>\n<\/tr>\n<tr>\n<td><a href=\"https:\/\/www.medishop.com.vn\/products\/may-massage-xung-dien-aukewel-8m#de\">German<\/a><\/td>\n<td><a href=\"https:\/\/www.medishop.com.vn\/products\/may-massage-xung-dien-aukewel-8m#mt\">Maltese<\/a><\/td>\n<td><a href=\"https:\/\/www.medishop.com.vn\/products\/may-massage-xung-dien-aukewel-8m#vi\">Vietnamese<\/a><\/td>\n<\/tr>\n<tr>\n<td><a href=\"https:\/\/www.medishop.com.vn\/products\/may-massage-xung-dien-aukewel-8m#el\">Greek<\/a><\/td>\n<td><a href=\"https:\/\/www.medishop.com.vn\/products\/may-massage-xung-dien-aukewel-8m#no\">Norwegian<\/a><\/td>\n<td><a href=\"https:\/\/www.medishop.com.vn\/products\/may-massage-xung-dien-aukewel-8m#cy\">Welsh<\/a><\/td>\n<\/tr>\n<tr>\n<td><a href=\"https:\/\/www.medishop.com.vn\/products\/may-massage-xung-dien-aukewel-8m#ht\">Haitian Creole<\/a><\/td>\n<td><a href=\"https:\/\/www.medishop.com.vn\/products\/may-massage-xung-dien-aukewel-8m#fa\">Persian<\/a><\/td>\n<td>\u00a0<\/td>\n<\/tr>\n<\/tbody>\n<\/table>\n<\/div>\n<\/div>\n<\/div>\n<\/div>\n<\/div>\n<div id=\"CTFLinksPanel\"><span><a title=\"Get this widget for your own site\"> <\/a> <a title=\"Share translated page with friends\"> <\/a> <\/span><\/div>\n<div id=\"FloaterProgressBar\">\u00a0<\/div>\n<\/div>\n<div id=\"WidgetFloaterCollapsed\"><span>TRANSLATE with <\/span><\/div>\n<div id=\"FloaterSharePanel\">\n<div id=\"ShareTextDiv\"><span>COPY THE URL BELOW <\/span><\/div>\n<div id=\"ShareTextboxDiv\"><!--a id=&quot;TwitterLink&quot; title=&quot;Share on Twitter&quot;&gt; <img id=\"TwitterImg\" \/><\/a>  <img id=\"FacebookImg\" \/>&lt;\/a--><a title=\"Email this translation\"> <\/a><\/div>\n<div id=\"ShareFooter\"><span><a> <\/a><\/span> <span><a title=\"Back To Translation\"> Back<\/a><\/span><\/div>\n<\/div>\n<div id=\"FloaterEmbed\">\n<div id=\"EmbedTextDiv\"><span>EMBED THE SNIPPET BELOW IN YOUR SITE<\/span> <a title=\"Copy this code and place it into your HTML.\"> <\/a><\/div>\n<div id=\"EmbedTextboxDiv\">\u00a0<\/div>\n<div id=\"EmbedNoticeDiv\"><span>Enable collaborative features and customize widget: <a target=\"_blank\" href=\"http:\/\/www.bing.com\/widget\/translator\" rel=\"noopener\">Bing Webmaster Portal<\/a><\/span><\/div>\n<div id=\"EmbedFooterDiv\"><span><a title=\"Back To Translation\">Back<\/a><\/span><\/div>\n<\/div>\n<\/div>\n<p>\t$(&#8216;p:contains(&#8220;Phan &#272;&#259;ng L&#432;u&#8221;)&#8217;).html(`<\/p>\n<p style=\"text-align: center\"><strong><img decoding=\"async\" style=\"max-width: 100%;height: auto\" src=\"https:\/\/file.hstatic.net\/1000225641\/file\/25x25_f69545ac614b41bf95ccc6e0452a0155_grande.png\">360 Nguy&#7877;n V&#259;n Nghi, P.7, Q. G&ograve; V&#7845;p`);<\/p>\n<p>$(&#8216;p:contains(&#8220;addremove&#8221;)&#8217;).remove()<br \/>\n\t\t setTimeout(() =&gt; {<\/p>\n<p>           if(window.location.href.includes(&#8220;nhiet-ke-hong-ngoai-do-tran-microlife-nc200-new&#8221;)||window.location.href.includes(&#8220;khung-tap-di-co-ghe-ngoi&#8221;)||window.location.href.includes(&#8220;khung-tap-di-khong-ghe-ngoi&#8221;)||window.location.href.includes(&#8220;nhiet-ke-hong-ngoai-do-tran-mdf-usa&#8221;)) {<br \/>\n\t\t\/\/$(&#8220;#anchor-spec&#8221;).hide();<br \/>\n\t}<br \/>\n       }, 500);<\/p>\n<p> \t\t\t\/*<br \/>\n\t$(&#8220;#anchor-info img&#8221;).each(function() {<br \/>\n    \t\t$(this).addClass(&#8220;lazy&#8221;)<br \/>\n        $(this).attr(&#8220;data-src&#8221;,$(this).attr(&#8220;src&#8221;));<br \/>\n        $(this).attr(&#8220;src&#8221;,&#8217;\/\/hstatic.net\/0\/0\/global\/design\/theme-default\/no-image.png&#8217;);<\/p>\n<p>    });*\/<\/p>\n<p>$(&#8220;.prod-offer&#8221;).clone().appendTo(&#8220;.call2action&#8221;);<\/p>\n<p>$(&#8220;.call2action&#8221;).each(function(index){<\/p>\n<p>\t$(this).find(&#8216;input&#8217;).each(function(){<br \/>\n\t\t$(this).attr(&#8216;id&#8217;,$(this).attr(&#8216;id&#8217;)+index)<br \/>\n\t})<br \/>\n\t\t$(this).find(&#8216;label&#8217;).each(function(){<br \/>\n\t\t\t\t$(this).attr(&#8216;for&#8217;,$(this).attr(&#8216;for&#8217;)+index)<\/p>\n<p>\t})<br \/>\n})<\/p>\n<p>$(&#8220;.call2action .info-support,.call2action .detail-info-phone&#8221;).remove()<br \/>\n$(&#8220;.call2action&gt;div&#8221;).removeClass(&#8216;col-sm-8&#8217;);<br \/>\n$(&#8220;.call2action .send-support&#8221;).removeAttr(&#8216;onclick&#8217;);<br \/>\n$(&#8220;.call2action .send-support&#8221;).attr(&#8220;href&#8221;,&#8221;tel:0906.960.800&#8243;);<br \/>\n\t\t\t\t\t$(&#8220;.call2action .send-support .text-btn&#8221;).text(&#8220;0906.960.800&#8221;);<br \/>\n$(&#8220;.call2action&gt;div&#8221;).removeClass(&#8216;col-xs-12&#8217;)<br \/>\n\t$(&#8220;.call2action .variants .col-lg-8&#8221;).removeClass(&#8220;col-lg-8&#8221;).addClass(&#8220;col-lg-12&#8221;);<br \/>\n\t$(&#8220;.call2action .formphone&#8221;).attr(&#8220;style&#8221;,&#8221;width:340px&#8221;);<\/p>\n<div class=\"seemore hide\"> <a href=\"\">Xem th\u00eam chi ti\u1ebft<\/a><\/div>\n<\/p><\/div>\n","protected":false},"excerpt":{"rendered":"<p>Hi\u1ec7u \u0111i\u1ec7n th\u1ebf \u0111\u1ea7u v\u00e0o: DC 4.5V &#8211; 100mA &#8211; S\u1eed d\u1ee5ng pin s\u1ea1c<\/p>\n","protected":false},"featured_media":1091,"comment_status":"closed","ping_status":"closed","template":"","meta":[],"product_cat":[66],"product_tag":[],"class_list":{"0":"post-1090","1":"product","2":"type-product","3":"status-publish","4":"has-post-thumbnail","6":"product_cat-tui-chuom-nong-lanh","8":"first","9":"instock","10":"shipping-taxable","11":"purchasable","12":"product-type-simple"},"_links":{"self":[{"href":"https:\/\/dungcutrilieu.com\/index.php?rest_route=\/wp\/v2\/product\/1090"}],"collection":[{"href":"https:\/\/dungcutrilieu.com\/index.php?rest_route=\/wp\/v2\/product"}],"about":[{"href":"https:\/\/dungcutrilieu.com\/index.php?rest_route=\/wp\/v2\/types\/product"}],"replies":[{"embeddable":true,"href":"https:\/\/dungcutrilieu.com\/index.php?rest_route=%2Fwp%2Fv2%2Fcomments&post=1090"}],"wp:featuredmedia":[{"embeddable":true,"href":"https:\/\/dungcutrilieu.com\/index.php?rest_route=\/wp\/v2\/media\/1091"}],"wp:attachment":[{"href":"https:\/\/dungcutrilieu.com\/index.php?rest_route=%2Fwp%2Fv2%2Fmedia&parent=1090"}],"wp:term":[{"taxonomy":"product_cat","embeddable":true,"href":"https:\/\/dungcutrilieu.com\/index.php?rest_route=%2Fwp%2Fv2%2Fproduct_cat&post=1090"},{"taxonomy":"product_tag","embeddable":true,"href":"https:\/\/dungcutrilieu.com\/index.php?rest_route=%2Fwp%2Fv2%2Fproduct_tag&post=1090"}],"curies":[{"name":"wp","href":"https:\/\/api.w.org\/{rel}","templated":true}]}}