{"id":1100,"date":"2024-07-08T15:02:47","date_gmt":"2024-07-08T15:02:47","guid":{"rendered":"https:\/\/dungcutrilieu.com\/?product=dung-dich-con-y-te-70-do-100ml-xit"},"modified":"2024-07-08T15:02:49","modified_gmt":"2024-07-08T15:02:49","slug":"dung-dich-con-y-te-70-do-100ml-xit","status":"publish","type":"product","link":"https:\/\/dungcutrilieu.com\/?product=dung-dich-con-y-te-70-do-100ml-xit","title":{"rendered":"Dung D\u1ecbch C\u1ed3n Y T\u1ebf 70 \u0110\u1ed9 100ml (X\u1ecbt)"},"content":{"rendered":"<\/p>\n<div class=\"prod-descp body-content\" id=\"anchor-info\">\n<p><strong><a href=\"https:\/\/www.medishop.com.vn\/products\/dung-dich-con-y-te-70-do-100ml-xit\/\">Dung D\u1ecbch C\u1ed3n Y T\u1ebf 70 \u0110\u1ed9 100ml (X\u1ecbt)<\/a>\u00a0<\/strong>d\u00f9ng \u0111\u1ec3 s\u00e1t tr\u00f9ng trong c\u00e1c th\u1ee7 thu\u1eadt ti\u00eam thu\u1ed1c, truy\u1ec1n d\u1ecbch ho\u1eb7c s\u00e1t tr\u00f9ng d\u1ee5ng c\u1ee5, \u0111\u01b0\u1ee3c s\u1eed d\u1ee5ng trong c\u00e1c ph\u00f2ng kh\u00e1m, b\u1ec7nh vi\u1ec7n v\u00e0 l\u00e0 s\u1ea3n ph\u1ea9m c\u1ea7n thi\u1ebft trong t\u1ee7 thu\u1ed1c m\u1ecdi gia \u0111\u00ecnh.<\/p>\n<p><strong>Th\u00e0nh ph\u1ea7n:\u00a0<\/strong>70% v\/v ethanol.<\/p>\n<p><strong>C\u00f4ng d\u1ee5ng:\u00a0<\/strong>D\u00f9ng \u0111\u1ec3 di\u1ec7t khu\u1ea9n\u00a0d\u1ee5ng c\u1ee5 y t\u1ebf, b\u1ec1 m\u1eb7t trong y t\u1ebf.<\/p>\n<p style=\"text-align: center\"><img decoding=\"async\" src=\"https:\/\/dungcutrilieu.com\/wp-content\/uploads\/2024\/07\/dung-dich-con-xit-100ml_5547f148b7e24ef295c3370a09785388.jpg\" title=\"dung-dich-con-xit-100ml_5547f148b7e24ef295c3370a09785388\"><\/p>\n<p style=\"text-align: center\">(Dung D\u1ecbch C\u1ed3n Y T\u1ebf 70 \u0110\u1ed9 100ml X\u1ecbt)<\/p>\n<p><strong><span>C\u00e1ch d\u00f9ng<\/span><\/strong><\/p>\n<ul>\n<li><span>Dung d\u1ecbch s\u1eed d\u1ee5ng nguy\u00ean ch\u1ea5t, kh\u00f4ng pha lo\u00e3ng. D\u1ee5ng c\u1ee5 y t\u1ebf, b\u1ec1 m\u1eb7t y t\u1ebf ph\u1ea3i \u0111\u01b0\u1ee3c di\u1ec7t khu\u1ea9n v\u1edbi c\u1ed3n 70 \u0111\u1ed9.<\/span><\/li>\n<li><span>D\u00f9ng v\u1ea3i m\u1ec1m ho\u1eb7c b\u00f4ng g\u00f2n t\u1ea9m c\u1ed3n\u00a070 \u0111\u1ed9 lau \u01b0\u1edbt d\u1ee5ng c\u1ee5 y t\u1ebf, b\u1ec1 m\u1eb7t y t\u1ebf c\u1ea7n di\u1ec7t khu\u1ea9n trong 2 ph\u00fat.<\/span><\/li>\n<li><span>\u0110\u1ed1i v\u1edbi nh\u1eefng d\u1ee5ng c\u1ee5 nh\u1ecf: \u0110\u1ed5 c\u1ed3n 70\u00a0\u0111\u1ed9 ra khay, ly, ng\u00e2m tr\u1ef1c ti\u1ebfp d\u1ee5ng c\u1ee5 ng\u1eadp trong dung d\u1ecbch c\u1ed3n 70 \u0111\u1ed9 t\u1ed1i thi\u1ebfu 2 ph\u00fat.<\/span><\/li>\n<li><span>\u0110\u1ec3 kh\u00f4 t\u1ef1 nhi\u00ean.<\/span><\/li>\n<\/ul>\n<p><span><strong>B\u1ea3o qu\u1ea3n<\/strong><\/span><\/p>\n<ul>\n<li><span>B\u1ea3o qu\u1ea3n n\u01a1i kh\u00f4 r\u00e1o, tho\u00e1ng m\u00e1t, xa t\u1ea7m tay tr\u1ebb em.<\/span><\/li>\n<li><span>Tr\u00e1nh \u00e1nh s\u00e1ng tr\u1ef1c ti\u1ebfp v\u00e0 n\u01a1i c\u00f3 nhi\u1ec7t \u0111\u1ed9 cao ngu\u1ed3n l\u1eeda, tia l\u1eeda.<\/span><\/li>\n<\/ul>\n<p><strong>Quy c\u00e1ch:<\/strong> 20 chai\/th\u00f9ng.<\/p>\n<p>\t$(&#8216;p:contains(&#8220;Phan &#272;&#259;ng L&#432;u&#8221;)&#8217;).html(`<\/p>\n<p style=\"text-align: center\"><strong><img decoding=\"async\" style=\"max-width: 100%;height: auto\" src=\"https:\/\/file.hstatic.net\/1000225641\/file\/25x25_f69545ac614b41bf95ccc6e0452a0155_grande.png\">360 Nguy&#7877;n V&#259;n Nghi, P.7, Q. G&ograve; V&#7845;p`);<\/p>\n<p>$(&#8216;p:contains(&#8220;addremove&#8221;)&#8217;).remove()<br \/>\n\t\t setTimeout(() =&gt; {<\/p>\n<p>           if(window.location.href.includes(&#8220;nhiet-ke-hong-ngoai-do-tran-microlife-nc200-new&#8221;)||window.location.href.includes(&#8220;khung-tap-di-co-ghe-ngoi&#8221;)||window.location.href.includes(&#8220;khung-tap-di-khong-ghe-ngoi&#8221;)||window.location.href.includes(&#8220;nhiet-ke-hong-ngoai-do-tran-mdf-usa&#8221;)) {<br \/>\n\t\t\/\/$(&#8220;#anchor-spec&#8221;).hide();<br \/>\n\t}<br \/>\n       }, 500);<\/p>\n<p> \t\t\t\/*<br \/>\n\t$(&#8220;#anchor-info img&#8221;).each(function() {<br \/>\n    \t\t$(this).addClass(&#8220;lazy&#8221;)<br \/>\n        $(this).attr(&#8220;data-src&#8221;,$(this).attr(&#8220;src&#8221;));<br \/>\n        $(this).attr(&#8220;src&#8221;,&#8217;\/\/hstatic.net\/0\/0\/global\/design\/theme-default\/no-image.png&#8217;);<\/p>\n<p>    });*\/<\/p>\n<p>$(&#8220;.prod-offer&#8221;).clone().appendTo(&#8220;.call2action&#8221;);<\/p>\n<p>$(&#8220;.call2action&#8221;).each(function(index){<\/p>\n<p>\t$(this).find(&#8216;input&#8217;).each(function(){<br \/>\n\t\t$(this).attr(&#8216;id&#8217;,$(this).attr(&#8216;id&#8217;)+index)<br \/>\n\t})<br \/>\n\t\t$(this).find(&#8216;label&#8217;).each(function(){<br \/>\n\t\t\t\t$(this).attr(&#8216;for&#8217;,$(this).attr(&#8216;for&#8217;)+index)<\/p>\n<p>\t})<br \/>\n})<\/p>\n<p>$(&#8220;.call2action .info-support,.call2action .detail-info-phone&#8221;).remove()<br \/>\n$(&#8220;.call2action&gt;div&#8221;).removeClass(&#8216;col-sm-8&#8217;);<br \/>\n$(&#8220;.call2action .send-support&#8221;).removeAttr(&#8216;onclick&#8217;);<br \/>\n$(&#8220;.call2action .send-support&#8221;).attr(&#8220;href&#8221;,&#8221;tel:0906.960.800&#8243;);<br \/>\n\t\t\t\t\t$(&#8220;.call2action .send-support .text-btn&#8221;).text(&#8220;0906.960.800&#8221;);<br \/>\n$(&#8220;.call2action&gt;div&#8221;).removeClass(&#8216;col-xs-12&#8217;)<br \/>\n\t$(&#8220;.call2action .variants .col-lg-8&#8221;).removeClass(&#8220;col-lg-8&#8221;).addClass(&#8220;col-lg-12&#8221;);<br \/>\n\t$(&#8220;.call2action .formphone&#8221;).attr(&#8220;style&#8221;,&#8221;width:340px&#8221;);<\/p>\n<div class=\"seemore hide\"> <a href=\"\">Xem th\u00eam chi ti\u1ebft<\/a><\/div>\n<\/p><\/div>\n","protected":false},"excerpt":{"rendered":"<p>Dung D\u1ecbch C\u1ed3n Y T\u1ebf 70 \u0110\u1ed9 100ml (X\u1ecbt)\u00a0d\u00f9ng \u0111\u1ec3 s\u00e1t tr\u00f9ng trong c\u00e1c th\u1ee7 thu\u1eadt ti\u00eam thu\u1ed1c, truy\u1ec1n d\u1ecbch ho\u1eb7c s\u00e1t tr\u00f9ng d\u1ee5ng c\u1ee5, \u0111\u01b0\u1ee3c s\u1eed d\u1ee5ng trong c\u00e1c ph\u00f2ng kh\u00e1m, b\u1ec7nh vi\u1ec7n v\u00e0 l\u00e0 s\u1ea3n ph\u1ea9m c\u1ea7n thi\u1ebft trong t\u1ee7 thu\u1ed1c m\u1ecdi gia \u0111\u00ecnh. Th\u00e0nh ph\u1ea7n:\u00a070% v\/v ethanol. C\u00f4ng d\u1ee5ng:\u00a0D\u00f9ng \u0111\u1ec3 di\u1ec7t khu\u1ea9n\u00a0d\u1ee5ng &#8230;<\/p>\n","protected":false},"featured_media":1101,"comment_status":"closed","ping_status":"closed","template":"","meta":[],"product_cat":[53],"product_tag":[],"class_list":{"0":"post-1100","1":"product","2":"type-product","3":"status-publish","4":"has-post-thumbnail","6":"product_cat-dau-massage","8":"first","9":"instock","10":"shipping-taxable","11":"purchasable","12":"product-type-simple"},"_links":{"self":[{"href":"https:\/\/dungcutrilieu.com\/index.php?rest_route=\/wp\/v2\/product\/1100"}],"collection":[{"href":"https:\/\/dungcutrilieu.com\/index.php?rest_route=\/wp\/v2\/product"}],"about":[{"href":"https:\/\/dungcutrilieu.com\/index.php?rest_route=\/wp\/v2\/types\/product"}],"replies":[{"embeddable":true,"href":"https:\/\/dungcutrilieu.com\/index.php?rest_route=%2Fwp%2Fv2%2Fcomments&post=1100"}],"wp:featuredmedia":[{"embeddable":true,"href":"https:\/\/dungcutrilieu.com\/index.php?rest_route=\/wp\/v2\/media\/1101"}],"wp:attachment":[{"href":"https:\/\/dungcutrilieu.com\/index.php?rest_route=%2Fwp%2Fv2%2Fmedia&parent=1100"}],"wp:term":[{"taxonomy":"product_cat","embeddable":true,"href":"https:\/\/dungcutrilieu.com\/index.php?rest_route=%2Fwp%2Fv2%2Fproduct_cat&post=1100"},{"taxonomy":"product_tag","embeddable":true,"href":"https:\/\/dungcutrilieu.com\/index.php?rest_route=%2Fwp%2Fv2%2Fproduct_tag&post=1100"}],"curies":[{"name":"wp","href":"https:\/\/api.w.org\/{rel}","templated":true}]}}