{"id":1145,"date":"2024-07-08T17:40:54","date_gmt":"2024-07-08T17:40:54","guid":{"rendered":"https:\/\/dungcutrilieu.com\/?product=may-massage-cam-tay-ca-heo"},"modified":"2024-07-08T17:40:56","modified_gmt":"2024-07-08T17:40:56","slug":"may-massage-cam-tay-ca-heo","status":"publish","type":"product","link":"https:\/\/dungcutrilieu.com\/?product=may-massage-cam-tay-ca-heo","title":{"rendered":"M\u00e1y Massage c\u1ea7m tay C\u00e1 Heo"},"content":{"rendered":"<\/p>\n<div class=\"prod-descp body-content\" id=\"anchor-info\">\n<p><strong>M\u00e1y Massage c\u1ea7m tay C\u00e1 Heo<\/strong><\/p>\n<p>Khi c\u01a1 th\u1ec3 m\u1ec7t m\u1ecfi m\u00e0 kh\u00f4ng c\u00f3 th\u1eddi gian \u0111i\u1ec1u ki\u1ec7n \u0111\u1ebfn c\u00e1c \u0111i\u1ec3m tr\u1ecb li\u1ec7u, b\u1ea1n c\u00f3 th\u1ec3 d\u00f9ng thi\u1ebft b\u1ecb massage c\u1ea7m tay\u00a0v\u1edbi thi\u1ebft k\u1ebf g\u1ecdn nh\u1eb9 v\u00e0 nhi\u1ec1u t\u00ednh n\u0103ng, ph\u00f9 h\u1ee3p cho m\u1ecdi th\u00e0nh vi\u00ean trong gia \u0111\u00ecnh.<\/p>\n<p style=\"text-align: center\"><img decoding=\"async\" src=\"https:\/\/dungcutrilieu.com\/wp-content\/uploads\/2024\/07\/may-massage-dolphin_583341b7d0e6406ca567e62b54322da6.jpg\" title=\"may-massage-dolphin_583341b7d0e6406ca567e62b54322da6\"><\/p>\n<p style=\"text-align: center\">(tr\u1ecdn b\u1ed9 s\u1ea3n ph\u1ea9m)<\/p>\n<p><strong>T\u00ednh n\u0103ng:<\/strong><\/p>\n<p>&#8211; D\u1ee5ng c\u1ee5 massage g\u1ecdn nh\u1ecf, c\u01a1 \u0111\u1ed9ng c\u00f3 th\u1ec3 massage to\u00e0n th\u00e2n tao c\u1ea3m gi\u00e1c th\u01b0 th\u00e1i, tho\u1ea3i m\u00e1i<\/p>\n<p>&#8211; M\u00e1y massage c\u1ea7m tay con c\u00e1 heo l\u00e0 d\u1ee5ng c\u1ee5 massage to\u00e0n th\u00e2n, ph\u00f9 h\u1ee3p v\u1edbi m\u1ecdi v\u1ecb tr\u00ed v\u00e0 \u0111\u1ed9 tu\u1ed5i.<\/p>\n<p>&#8211; M\u00e1y c\u00f3 c\u00e1c &#8220;\u0111\u1ea7u massage&#8221; kh\u00e1c nhau \u0111\u1ec3 thay th\u1ebf cho ph\u00f9 h\u1ee3p v\u1edbi t\u1eebng v\u00f9ng nh\u01b0: \u0111\u1ea7u, tay ch\u00e2n v\u00e0 ph\u1ea7n th\u00e2n ng\u01b0\u1eddi.<\/p>\n<p><em>Tham kh\u1ea3o th\u00eam:\u00a0<span style=\"color:#339966\"><a target=\"_blank\" rel=\"noopener noreferrer\" href=\"https:\/\/www.medishop.com.vn\/blogs\/may-massage\/may-massage-cam-tay\">\u0110\u1eebng b\u1ecf l\u1ee1 top 2 lo\u1ea1i m\u00e1y massage c\u1ea7m tay n\u00e0y b\u1ea1n s\u1ebd ti\u1ebfc \u0111\u00f3<\/a><\/span><\/em><\/p>\n<p><strong>C\u00f4ng d\u1ee5ng c\u1ee7a m\u00e1y:<\/strong><br \/>&#8211; Gi\u1ea3m t\u00ecnh tr\u1ea1ng c\u0103ng c\u01a1: Khi t\u00ecnh tr\u1ea1ng c\u0103ng c\u01a1 x\u1ea3y ra th\u01b0\u1eddng xuy\u00ean s\u1ebd l\u00e0m ch\u1eadm qu\u00e1 tr\u00ecnh l\u01b0u th\u00f4ng m\u00e1u, m\u00e1y massage gi\u00fap th\u01b0 gi\u00e3n c\u0169ng nh\u01b0 t\u0103ng c\u01b0\u1eddng l\u01b0u th\u00f4ng m\u00e1u v\u00e0 \u0111\u1ea9y nhanh qu\u00e1 tr\u00ecnh trao \u0111\u1ed5i ch\u1ea5t, x\u00f3a tan c\u00e1c tri\u1ec7u ch\u1ee9ng t\u00ea, m\u1ecfi c\u0169ng nh\u01b0 ph\u1ee5c h\u1ed3i c\u01a1 b\u1eafp.<br \/>&#8211; Gi\u00fap t\u0103ng l\u01b0\u1ee3ng oxy trong m\u00e1u t\u1eeb 10-20% sau khi c\u01a1 th\u1ec3 \u0111\u01b0\u1ee3c massage. M\u00e1u \u0111\u01b0\u1ee3c v\u1eadn chuy\u1ec3n v\u00e0 l\u01b0u th\u00f4ng t\u1ed1t h\u01a1n c\u1ea3 v\u1ec1 l\u01b0\u1ee3ng v\u00e0 ch\u1ea5t trong to\u00e0n c\u01a1 th\u1ec3, \u0111\u1eb7c bi\u1ec7t l\u00e0 v\u00f9ng c\u01a1 n\u1ed9i t\u1ea1ng.<br \/>&#8211; Gi\u1ea3m t\u0103ng x\u00f4ng v\u1edbi nh\u1eefng ng\u01b0\u1eddi cao huy\u1ebft \u00e1p.<br \/>&#8211; L\u00e0m gi\u1ea3m \u0111au hi\u1ec7u qu\u1ea3 c\u01a1 vai, c\u1ed5 do khi ng\u1ee7 sai t\u01b0 th\u1ebf.<br \/>&#8211; Gi\u00fap ng\u01b0\u1eddi cao tu\u1ed5i c\u00f3 \u0111\u01b0\u1ee3c s\u1ef1 tho\u1ea3i m\u00e1i v\u1ec1 th\u1ec3 ch\u1ea5t v\u00e0 tinh th\u1ea7n,gi\u00fap d\u1ec5 ng\u1ee7 ( \u0111\u1eb7c bi\u1ec7t l\u00e0 massage l\u00f2ng b\u00e0n ch\u00e2n)<\/p>\n<p style=\"text-align: center\"><img decoding=\"async\" src=\"https:\/\/dungcutrilieu.com\/wp-content\/uploads\/2024\/07\/cac-nut-dieu-khien-may-massage-dolphin_3bdc763849b54f14a9326550cbf1a268.jpg\" title=\"cac-nut-dieu-khien-may-massage-dolphin_3bdc763849b54f14a9326550cbf1a268\"><\/p>\n<p style=\"text-align: center\">(c\u00e1c n\u00fat b\u1ea5m \u0111\u1ec3 ch\u1ec9nh ch\u1ebf \u0111\u1ed9 massage)<\/p>\n<p><strong>L\u01b0u \u00fd:<\/strong><br \/>&#8211; Kh\u00f4ng s\u1eed d\u1ee5ng qu\u00e1 20 ph\u00fat m\u1ed7i l\u1ea7n \u0111\u1ec3 \u0111\u1ea3m b\u1ea3o \u0111\u1ed9 b\u1ec1n cho \u0111\u1ea7u \u0111\u1ea5m c\u1ee7a m\u00e1y ho\u1ea1t \u0111\u1ed9ng b\u1ec1n b\u1ec9.<br \/>&#8211; Kh\u00f4ng l\u1ea1m d\u1ee5ng massage qu\u00e1 nhi\u1ec1u l\u1ea7n trong ng\u00e0y.<br \/>&#8211; Kh\u00f4ng s\u1eed d\u1ee5ng nh\u1eefng n\u01a1i \u1ea9m \u01b0\u1edbt hay khi tay \u01b0\u1edbt.<\/p>\n<div id=\"WidgetFloaterPanels\" style=\"text-align: left;direction: ltr\" class=\"LTRStyle\">\n<div id=\"WidgetFloater\">\n<div id=\"WidgetLogoPanel\"><span><span>TRANSLATE with <\/span><img><\/span> <span>x<\/span><\/div>\n<div id=\"LanguageMenuPanel\">\n<div class=\"DDStyle_outer\">  <span class=\"DDStyle\">English<\/span><\/p>\n<div style=\"position:relative;text-align:left;left:0\">\n<div style=\"position:absolute;width:;left:0px\">\n<div class=\"DDStyle\" id=\"__LanguageMenu_popup\">\n<table id=\"LanguageMenu\" border=\"0\">\n<tbody>\n<tr>\n<td><a href=\"https:\/\/www.medishop.com.vn\/products\/may-massage-ca-heo#ar\">Arabic<\/a><\/td>\n<td><a href=\"https:\/\/www.medishop.com.vn\/products\/may-massage-ca-heo#he\">Hebrew<\/a><\/td>\n<td><a href=\"https:\/\/www.medishop.com.vn\/products\/may-massage-ca-heo#pl\">Polish<\/a><\/td>\n<\/tr>\n<tr>\n<td><a href=\"https:\/\/www.medishop.com.vn\/products\/may-massage-ca-heo#bg\">Bulgarian<\/a><\/td>\n<td><a href=\"https:\/\/www.medishop.com.vn\/products\/may-massage-ca-heo#hi\">Hindi<\/a><\/td>\n<td><a href=\"https:\/\/www.medishop.com.vn\/products\/may-massage-ca-heo#pt\">Portuguese<\/a><\/td>\n<\/tr>\n<tr>\n<td><a href=\"https:\/\/www.medishop.com.vn\/products\/may-massage-ca-heo#ca\">Catalan<\/a><\/td>\n<td><a href=\"https:\/\/www.medishop.com.vn\/products\/may-massage-ca-heo#mww\">Hmong Daw<\/a><\/td>\n<td><a href=\"https:\/\/www.medishop.com.vn\/products\/may-massage-ca-heo#ro\">Romanian<\/a><\/td>\n<\/tr>\n<tr>\n<td><a href=\"https:\/\/www.medishop.com.vn\/products\/may-massage-ca-heo#zh-CHS\">Chinese Simplified<\/a><\/td>\n<td><a href=\"https:\/\/www.medishop.com.vn\/products\/may-massage-ca-heo#hu\">Hungarian<\/a><\/td>\n<td><a href=\"https:\/\/www.medishop.com.vn\/products\/may-massage-ca-heo#ru\">Russian<\/a><\/td>\n<\/tr>\n<tr>\n<td><a href=\"https:\/\/www.medishop.com.vn\/products\/may-massage-ca-heo#zh-CHT\">Chinese Traditional<\/a><\/td>\n<td><a href=\"https:\/\/www.medishop.com.vn\/products\/may-massage-ca-heo#id\">Indonesian<\/a><\/td>\n<td><a href=\"https:\/\/www.medishop.com.vn\/products\/may-massage-ca-heo#sk\">Slovak<\/a><\/td>\n<\/tr>\n<tr>\n<td><a href=\"https:\/\/www.medishop.com.vn\/products\/may-massage-ca-heo#cs\">Czech<\/a><\/td>\n<td><a href=\"https:\/\/www.medishop.com.vn\/products\/may-massage-ca-heo#it\">Italian<\/a><\/td>\n<td><a href=\"https:\/\/www.medishop.com.vn\/products\/may-massage-ca-heo#sl\">Slovenian<\/a><\/td>\n<\/tr>\n<tr>\n<td><a href=\"https:\/\/www.medishop.com.vn\/products\/may-massage-ca-heo#da\">Danish<\/a><\/td>\n<td><a href=\"https:\/\/www.medishop.com.vn\/products\/may-massage-ca-heo#ja\">Japanese<\/a><\/td>\n<td><a href=\"https:\/\/www.medishop.com.vn\/products\/may-massage-ca-heo#es\">Spanish<\/a><\/td>\n<\/tr>\n<tr>\n<td><a href=\"https:\/\/www.medishop.com.vn\/products\/may-massage-ca-heo#nl\">Dutch<\/a><\/td>\n<td><a href=\"https:\/\/www.medishop.com.vn\/products\/may-massage-ca-heo#tlh\">Klingon<\/a><\/td>\n<td><a href=\"https:\/\/www.medishop.com.vn\/products\/may-massage-ca-heo#sv\">Swedish<\/a><\/td>\n<\/tr>\n<tr>\n<td><a href=\"https:\/\/www.medishop.com.vn\/products\/may-massage-ca-heo#en\">English<\/a><\/td>\n<td><a href=\"https:\/\/www.medishop.com.vn\/products\/may-massage-ca-heo#ko\">Korean<\/a><\/td>\n<td><a href=\"https:\/\/www.medishop.com.vn\/products\/may-massage-ca-heo#th\">Thai<\/a><\/td>\n<\/tr>\n<tr>\n<td><a href=\"https:\/\/www.medishop.com.vn\/products\/may-massage-ca-heo#et\">Estonian<\/a><\/td>\n<td><a href=\"https:\/\/www.medishop.com.vn\/products\/may-massage-ca-heo#lv\">Latvian<\/a><\/td>\n<td><a href=\"https:\/\/www.medishop.com.vn\/products\/may-massage-ca-heo#tr\">Turkish<\/a><\/td>\n<\/tr>\n<tr>\n<td><a href=\"https:\/\/www.medishop.com.vn\/products\/may-massage-ca-heo#fi\">Finnish<\/a><\/td>\n<td><a href=\"https:\/\/www.medishop.com.vn\/products\/may-massage-ca-heo#lt\">Lithuanian<\/a><\/td>\n<td><a href=\"https:\/\/www.medishop.com.vn\/products\/may-massage-ca-heo#uk\">Ukrainian<\/a><\/td>\n<\/tr>\n<tr>\n<td><a href=\"https:\/\/www.medishop.com.vn\/products\/may-massage-ca-heo#fr\">French<\/a><\/td>\n<td><a href=\"https:\/\/www.medishop.com.vn\/products\/may-massage-ca-heo#ms\">Malay<\/a><\/td>\n<td><a href=\"https:\/\/www.medishop.com.vn\/products\/may-massage-ca-heo#ur\">Urdu<\/a><\/td>\n<\/tr>\n<tr>\n<td><a href=\"https:\/\/www.medishop.com.vn\/products\/may-massage-ca-heo#de\">German<\/a><\/td>\n<td><a href=\"https:\/\/www.medishop.com.vn\/products\/may-massage-ca-heo#mt\">Maltese<\/a><\/td>\n<td><a href=\"https:\/\/www.medishop.com.vn\/products\/may-massage-ca-heo#vi\">Vietnamese<\/a><\/td>\n<\/tr>\n<tr>\n<td><a href=\"https:\/\/www.medishop.com.vn\/products\/may-massage-ca-heo#el\">Greek<\/a><\/td>\n<td><a href=\"https:\/\/www.medishop.com.vn\/products\/may-massage-ca-heo#no\">Norwegian<\/a><\/td>\n<td><a href=\"https:\/\/www.medishop.com.vn\/products\/may-massage-ca-heo#cy\">Welsh<\/a><\/td>\n<\/tr>\n<tr>\n<td><a href=\"https:\/\/www.medishop.com.vn\/products\/may-massage-ca-heo#ht\">Haitian Creole<\/a><\/td>\n<td><a href=\"https:\/\/www.medishop.com.vn\/products\/may-massage-ca-heo#fa\">Persian<\/a><\/td>\n<td>\u00a0<\/td>\n<\/tr>\n<\/tbody>\n<\/table>\n<p><img style=\"height:7px;width:17px;border-width:0px;left:20px\"><\/div>\n<\/div>\n<\/div>\n<\/div>\n<\/div>\n<div id=\"CTFLinksPanel\"><span><a title=\"Help\" target=\"_blank\" href=\"https:\/\/go.microsoft.com\/?linkid=9722454\" rel=\"noopener\"><img><\/a> <a title=\"Get this widget for your own site\"> <img><\/a> <a title=\"Share translated page with friends\"> <img><\/a> <\/span><\/div>\n<div id=\"FloaterProgressBar\">\u00a0<\/div>\n<\/div>\n<div id=\"WidgetFloaterCollapsed\"><span>TRANSLATE with <\/span><img><\/div>\n<div id=\"FloaterSharePanel\">\n<div id=\"ShareTextDiv\"><span>COPY THE URL BELOW <\/span><\/div>\n<div id=\"ShareTextboxDiv\"> <!--a id=&quot;TwitterLink&quot; title=&quot;Share on Twitter&quot;&gt; <img id=\"TwitterImg\" \/><\/a>  <img id=\"FacebookImg\" \/>&lt;\/a--> <a title=\"Email this translation\"> <img><\/a><\/div>\n<div id=\"ShareFooter\"><span><a> <img><\/a><\/span> <span><a title=\"Back To Translation\"> Back<\/a><\/span><\/div>\n<\/p><\/div>\n<div id=\"FloaterEmbed\">\n<div id=\"EmbedTextDiv\"><span>EMBED THE SNIPPET BELOW IN YOUR SITE<\/span> <a title=\"Copy this code and place it into your HTML.\"> <img><\/a><\/div>\n<div id=\"EmbedTextboxDiv\"><\/div>\n<div id=\"EmbedNoticeDiv\"><span>Enable collaborative features and customize widget: <a href=\"http:\/\/www.bing.com\/widget\/translator\" target=\"_blank\" rel=\"noopener\">Bing Webmaster Portal<\/a><\/span><\/div>\n<div id=\"EmbedFooterDiv\"><span><a title=\"Back To Translation\">Back<\/a><\/span><\/div>\n<\/div>\n<\/div>\n<p>\t$(&#8216;p:contains(&#8220;Phan &#272;&#259;ng L&#432;u&#8221;)&#8217;).html(`<\/p>\n<p style=\"text-align: center\"><strong><img decoding=\"async\" style=\"max-width: 100%;height: auto\" src=\"https:\/\/file.hstatic.net\/1000225641\/file\/25x25_f69545ac614b41bf95ccc6e0452a0155_grande.png\">360 Nguy&#7877;n V&#259;n Nghi, P.7, Q. G&ograve; V&#7845;p`);<\/p>\n<p>$(&#8216;p:contains(&#8220;addremove&#8221;)&#8217;).remove()<br \/>\n\t\t setTimeout(() =&gt; {<\/p>\n<p>           if(window.location.href.includes(&#8220;nhiet-ke-hong-ngoai-do-tran-microlife-nc200-new&#8221;)||window.location.href.includes(&#8220;khung-tap-di-co-ghe-ngoi&#8221;)||window.location.href.includes(&#8220;khung-tap-di-khong-ghe-ngoi&#8221;)||window.location.href.includes(&#8220;nhiet-ke-hong-ngoai-do-tran-mdf-usa&#8221;)) {<br \/>\n\t\t\/\/$(&#8220;#anchor-spec&#8221;).hide();<br \/>\n\t}<br \/>\n       }, 500);<\/p>\n<p> \t\t\t\/*<br \/>\n\t$(&#8220;#anchor-info img&#8221;).each(function() {<br \/>\n    \t\t$(this).addClass(&#8220;lazy&#8221;)<br \/>\n        $(this).attr(&#8220;data-src&#8221;,$(this).attr(&#8220;src&#8221;));<br \/>\n        $(this).attr(&#8220;src&#8221;,&#8217;\/\/hstatic.net\/0\/0\/global\/design\/theme-default\/no-image.png&#8217;);<\/p>\n<p>    });*\/<\/p>\n<p>$(&#8220;.prod-offer&#8221;).clone().appendTo(&#8220;.call2action&#8221;);<\/p>\n<p>$(&#8220;.call2action&#8221;).each(function(index){<\/p>\n<p>\t$(this).find(&#8216;input&#8217;).each(function(){<br \/>\n\t\t$(this).attr(&#8216;id&#8217;,$(this).attr(&#8216;id&#8217;)+index)<br \/>\n\t})<br \/>\n\t\t$(this).find(&#8216;label&#8217;).each(function(){<br \/>\n\t\t\t\t$(this).attr(&#8216;for&#8217;,$(this).attr(&#8216;for&#8217;)+index)<\/p>\n<p>\t})<br \/>\n})<\/p>\n<p>$(&#8220;.call2action .info-support,.call2action .detail-info-phone&#8221;).remove()<br \/>\n$(&#8220;.call2action&gt;div&#8221;).removeClass(&#8216;col-sm-8&#8217;);<br \/>\n$(&#8220;.call2action .send-support&#8221;).removeAttr(&#8216;onclick&#8217;);<br \/>\n$(&#8220;.call2action .send-support&#8221;).attr(&#8220;href&#8221;,&#8221;tel:0906.960.800&#8243;);<br \/>\n\t\t\t\t\t$(&#8220;.call2action .send-support .text-btn&#8221;).text(&#8220;0906.960.800&#8221;);<br \/>\n$(&#8220;.call2action&gt;div&#8221;).removeClass(&#8216;col-xs-12&#8217;)<br \/>\n\t$(&#8220;.call2action .variants .col-lg-8&#8221;).removeClass(&#8220;col-lg-8&#8221;).addClass(&#8220;col-lg-12&#8221;);<br \/>\n\t$(&#8220;.call2action .formphone&#8221;).attr(&#8220;style&#8221;,&#8221;width:340px&#8221;);<\/p>\n<div class=\"seemore hide\"> <a href=\"\">Xem th\u00eam chi ti\u1ebft<\/a><\/div>\n<\/p><\/div>\n","protected":false},"excerpt":{"rendered":"<p><strong>Th\u00f4ng S\u1ed1 K\u1ef9 Thu\u1eadt:<\/strong><\/p>\n","protected":false},"featured_media":1146,"comment_status":"closed","ping_status":"closed","template":"","meta":[],"product_cat":[66],"product_tag":[],"class_list":{"0":"post-1145","1":"product","2":"type-product","3":"status-publish","4":"has-post-thumbnail","6":"product_cat-tui-chuom-nong-lanh","8":"first","9":"instock","10":"shipping-taxable","11":"purchasable","12":"product-type-simple"},"_links":{"self":[{"href":"https:\/\/dungcutrilieu.com\/index.php?rest_route=\/wp\/v2\/product\/1145"}],"collection":[{"href":"https:\/\/dungcutrilieu.com\/index.php?rest_route=\/wp\/v2\/product"}],"about":[{"href":"https:\/\/dungcutrilieu.com\/index.php?rest_route=\/wp\/v2\/types\/product"}],"replies":[{"embeddable":true,"href":"https:\/\/dungcutrilieu.com\/index.php?rest_route=%2Fwp%2Fv2%2Fcomments&post=1145"}],"wp:featuredmedia":[{"embeddable":true,"href":"https:\/\/dungcutrilieu.com\/index.php?rest_route=\/wp\/v2\/media\/1146"}],"wp:attachment":[{"href":"https:\/\/dungcutrilieu.com\/index.php?rest_route=%2Fwp%2Fv2%2Fmedia&parent=1145"}],"wp:term":[{"taxonomy":"product_cat","embeddable":true,"href":"https:\/\/dungcutrilieu.com\/index.php?rest_route=%2Fwp%2Fv2%2Fproduct_cat&post=1145"},{"taxonomy":"product_tag","embeddable":true,"href":"https:\/\/dungcutrilieu.com\/index.php?rest_route=%2Fwp%2Fv2%2Fproduct_tag&post=1145"}],"curies":[{"name":"wp","href":"https:\/\/api.w.org\/{rel}","templated":true}]}}