{"id":1158,"date":"2024-07-08T19:33:40","date_gmt":"2024-07-08T19:33:40","guid":{"rendered":"https:\/\/dungcutrilieu.com\/?product=dai-quan-nong-unicare"},"modified":"2024-07-08T19:33:42","modified_gmt":"2024-07-08T19:33:42","slug":"dai-quan-nong-unicare","status":"publish","type":"product","link":"https:\/\/dungcutrilieu.com\/?product=dai-quan-nong-unicare","title":{"rendered":"\u0110ai Qu\u1ea5n N\u00f3ng Unicare"},"content":{"rendered":"<\/p>\n<div class=\"prod-descp body-content\" id=\"anchor-info\">\n<p><strong>\u0110ai Qu\u1ea5n N\u00f3ng Unicare- \u0110ai qu\u1ea5n n\u00f3ng b\u1ee5ng<\/strong><\/p>\n<ul>\n<li>Thi\u1ebft k\u1ebf nh\u1ecf g\u1ecdn<\/li>\n<li>Gi\u1ea3m c\u0103ng th\u1eb3ng v\u00e0 m\u1ec7t m\u1ecfi<\/li>\n<li>Gi\u1ea3m m\u1ee1 hi\u1ec7u qu\u1ea3<\/li>\n<\/ul>\n<p style=\"text-align: center\"><img decoding=\"async\" src=\"https:\/\/dungcutrilieu.com\/wp-content\/uploads\/2024\/07\/dai-quan-nong-unicare-1_abd72ccbecc64aefb031aa974ba0568c.jpg\" title=\"dai-quan-nong-unicare-1_abd72ccbecc64aefb031aa974ba0568c\"><\/p>\n<p style=\"text-align: center\"><em>(S\u1eed d\u1ee5ng \u0111\u01a1n gi\u1ea3n, mang l\u1ea1i hi\u1ec7u qu\u1ea3 cao)<\/em><\/p>\n<p><strong>I. C\u00c1CH S\u1eec D\u1ee4NG<\/strong><\/p>\n<p>\u0110ai qu\u1ea5n n\u00f3ng c\u00f3 gi\u1ea3m m\u1ee1 b\u1ee5ng kh\u00f4ng c\u00f2n tu\u1ef3 thu\u1ed9c v\u00e0o c\u00e1ch s\u1eed d\u1ee5ng \u0111\u00fang ch\u01b0a. Tham kh\u1ea3o ngay c\u00e1ch s\u1eed d\u1ee5ng \u0111ai qu\u1ea5n n\u00f3ng sau:<br \/><span>\u00b7 Qu\u1ea5n th\u1eaft l\u01b0ng quanh ph\u1ea7n c\u01a1 th\u1ec3 \u0111\u00e3 ch\u1ecdn (b\u1ee5ng, eo, ho\u1eb7c h\u00f4ng). B\u1ea1n n\u00ean qu\u1ea5n n\u00f3 quanh ng\u01b0\u1eddi m\u00e0 kh\u00f4ng \u0111\u1ec3 n\u00f3 b\u1ecb g\u1ea5p ho\u1eb7c b\u1ecb \u0111\u00e8 l\u00ean.<\/span><br \/><span>\u00b7 Kh\u00f4ng qu\u1ea5n qu\u00e1 ch\u1eb7t \u0111\u1ec3 c\u00f3 hi\u1ec7u qu\u1ea3 t\u1ed1i \u01b0u v\u00e0 tr\u00e1nh b\u1ecb n\u00f3ng c\u1ee5c b\u1ed9.<\/span><br \/><span>\u00b7 Ki\u1ec3m tra \u0111i\u1ec7n \u00e1p ngu\u1ed3n v\u1edbi \u0111i\u1ec7n \u00e1p ghi tr\u00ean ph\u00edch c\u1eafm tr\u01b0\u1edbc khi c\u1eafm thi\u1ebft b\u1ecb v\u00e0o.<\/span><br \/><span>\u00b7 \u0110\u1ea3m b\u1ea3o l\u00e0 b\u1ed9 \u0111i\u1ec1u ch\u1ec9nh nhi\u1ec7t \u0111\u00e3 t\u1eaft.<\/span><br \/><span>\u00b7 C\u1eafm \u0111i\u1ec7n<\/span><br \/><span>\u00b7 V\u1eb7n c\u00f4ng t\u1eafc \u0111i\u1ec1u ch\u1ec9nh nhi\u1ec7t v\u00e0o v\u1ecb tr\u00ed t\u1ed1i \u0111a \u0111\u1ec3 nhanh ch\u00f3ng t\u0103ng nhi\u1ec7t.\u00a0<\/span><span>Sau 3 &#8211; 5 ph\u00fat, gi\u1ea3m nhi\u1ec7t \u0111\u1ed9 t\u1edbi m\u1ee9c v\u1eeba ph\u1ea3i \u0111\u1ed1i v\u1edbi b\u1ea1n.<\/span><br \/><span>\u00b7 Sau 50 ph\u00fat, t\u1eaft m\u00e1y, lau m\u1ed3 h\u00f4i v\u00e0 \u0111\u1ee3i kho\u1ea3ng 15 \u0111\u1ebfn 20 ph\u00fat tr\u01b0\u1edbc khi\u00a0<\/span><span>t\u1eafm, \u0103n, ho\u1eb7c u\u1ed1ng th\u1ee9c u\u1ed1ng l\u1ea1nh. \u0110\u1eebng lo l\u1eafng n\u1ebfu da b\u1ea1n b\u1ecb \u0111\u1ecf l\u00ean, n\u00f3 s\u1ebd m\u1ea5t \u0111i sau v\u00e0i gi\u1edd.<\/span><\/p>\n<p><strong>II. B\u1ea2O TR\u00cc V\u00c0 L\u00c0M S\u1ea0CH:<\/strong><br \/><span>Khi d\u00f9ng xong, c\u1edfi th\u1eaft l\u01b0ng v\u00e0 tr\u1ea3i n\u00f3 ra tr\u00ean n\u1ec1n ph\u1eb3ng cho \u0111\u1ebfn khi n\u00f3 ngu\u1ed9i xu\u1ed1ng. Sau \u0111\u00f3 lau b\u1eb1ng v\u1ea3i \u1ea9m v\u00e0 l\u00e0m kh\u00f4 n\u00f3. B\u1ea3o qu\u1ea3n \u1edf n\u01a1i kh\u00f4 tho\u00e1ng.<\/span><\/p>\n<p style=\"text-align: center\"><img decoding=\"async\" src=\"https:\/\/dungcutrilieu.com\/wp-content\/uploads\/2024\/07\/dai-quan-nong-unicare_18c7cb6906ab4a698d5631cde6785d1a.jpg\" title=\"dai-quan-nong-unicare_18c7cb6906ab4a698d5631cde6785d1a\"><\/p>\n<p style=\"text-align: center\"><em>(tr\u1ecdn b\u1ed9 s\u1ea3n ph\u1ea9m)<\/em><\/p>\n<p><strong>III. CH\u00da \u00dd:<\/strong><br \/><span>\u00b7 Ki\u1ec3m tra \u0111i\u1ec7n \u00e1p ngu\u1ed3n tr\u01b0\u1edbc khi s\u1eed d\u1ee5ng<\/span><br \/><span>\u00b7 Kh\u00f4ng g\u1ea5p th\u1eaft l\u01b0ng gi\u1ea3m b\u00e9o khi \u0111ang s\u1eed d\u1ee5ng ho\u1eb7c khi b\u1ea3o qu\u1ea3n.<\/span><br \/><span>\u00b7 Kh\u00f4ng s\u1eed d\u1ee5ng kim, \u0111inh gim, v\u00e0 c\u00e1c v\u1eadt b\u1eb1ng kim lo\u1ea1i nh\u1ecdn s\u1eafc kh\u00e1c khi s\u1eed d\u1ee5ng th\u1eaft l\u01b0ng gi\u1ea3m b\u00e9o<\/span><br \/><span>\u00b7 Kh\u00f4ng gi\u1eb7t<\/span><br \/><span>\u00b7 Kh\u00f4ng s\u1eed d\u1ee5ng th\u1eaft l\u01b0ng gi\u1ea3m b\u00e9o khi \u0111ang say r\u01b0\u1ee3u, u\u1ed1ng thu\u1ed1c ng\u1ee7 ho\u1eb7c thu\u1ed1c gi\u1ea3m \u0111au.<\/span><br \/><span>\u00b7 Kh\u00f4ng d\u00f9ng cho tr\u1ebb em ho\u1eb7c ng\u01b0\u1eddi \u1ed1m<\/span><br \/><span>\u00b7 Kh\u00f4ng s\u1eed d\u1ee5ng th\u1eaft l\u01b0ng gi\u1ea3m b\u00e9o qu\u00e1 l\u00e2u \u1edf nhi\u1ec7t \u0111\u1ed9 t\u1ed1i \u0111a \u0111\u1ec3 tr\u00e1nh b\u1ecb b\u1ecfng da.<\/span><br \/><span>\u00b7 Nh\u1eefng ng\u01b0\u1eddi c\u00f3 l\u00e0n da nh\u1ea1y c\u1ea3m kh\u00f4ng n\u00ean s\u1eed d\u1ee5ng \u1edf nhi\u1ec7t \u0111\u1ed9 t\u1ed1i \u0111a.<\/span><br \/><span>\u00b7 Th\u00e1o th\u1eaft l\u01b0ng gi\u1ea3m b\u00e9o ra n\u1ebfu b\u1ea1n c\u1ea3m th\u1ea5y bu\u1ed3n ng\u1ee7 v\u00e0 tr\u01b0\u1edbc khi b\u1ea1n ng\u1ee7 qu\u00ean.<\/span><br \/><span>\u00b7 Ch\u1ec9 s\u1eed d\u1ee5ng b\u1ed9 \u0111i\u1ec1u ch\u1ec9nh nhi\u1ec7t \u0111\u1ed9 \u0111i k\u00e8m v\u1edbi th\u1eaft l\u01b0ng gi\u1ea3m b\u00e9o.<\/span><br \/><span>\u00b7 Kh\u00f4ng thay th\u1ebf c\u00e1c linh ki\u1ec7n trong th\u1eaft l\u01b0ng gi\u1ea3m b\u00e9o v\u1edbi c\u00e1c linh ki\u1ec7n c\u1ee7a c\u00e1c thi\u1ebft b\u1ecb kh\u00e1c.<\/span><br \/><span>\u00b7 Kh\u00f4ng \u0111\u1ec3 th\u1eaft l\u01b0ng gi\u1ea3m b\u00e9o g\u1ea7n n\u01b0\u1edbc<\/span><br \/><span>\u00b7 Khi kh\u00f4ng s\u1eed d\u1ee5ng, b\u1ea1n ph\u1ea3i nh\u1edb t\u1eaft m\u00e1y v\u00e0 r\u00fat \u0111i\u1ec7n ra kh\u1ecfi ngu\u1ed3n.<\/span><br \/><span>\u00b7 \u0110\u1ec3 th\u1eaft l\u01b0ng gi\u1ea3m b\u00e9o xa kh\u1ecfi t\u1ea7m tay tr\u1ebb em.<\/span><br \/><span>\u00b7 Ch\u1ec9 s\u1eed d\u1ee5ng th\u1eaft l\u01b0ng gi\u1ea3m b\u00e9o \u1edf nh\u1eefng ph\u1ea7n c\u01a1 th\u1ec3 \u0111\u01b0\u1ee3c ch\u1ec9 \u0111\u1ecbnh trong h\u01b0\u1edbng d\u1eabn s\u1eed d\u1ee5ng n\u00e0y.<\/span><br \/><span>\u00b7 Kh\u00f4ng s\u1eed d\u1ee5ng trong ph\u00f2ng t\u1eafm<\/span><br \/><span>\u00b7 Kh\u00f4ng s\u1eed d\u1ee5ng m\u00e1y khi \u0111ang mang thai ho\u1eb7c trong k\u1ef3 kinh nguy\u1ec7t.<\/span><\/p>\n<p><span>Xem th\u00eam:\u00a0<a href=\"https:\/\/www.medishop.com.vn\/blogs\/may-massage\">T\u00ecm hi\u1ec3u \u01b0u nh\u01b0\u1ee3c \u0111i\u1ec3m c\u1ee7a m\u00e1y massage xung \u0111i\u1ec7n.\u00a0<\/a><\/span><\/p>\n<p>\t$(&#8216;p:contains(&#8220;Phan &#272;&#259;ng L&#432;u&#8221;)&#8217;).html(`<\/p>\n<p style=\"text-align: center\"><strong><img decoding=\"async\" style=\"max-width: 100%;height: auto\" src=\"https:\/\/file.hstatic.net\/1000225641\/file\/25x25_f69545ac614b41bf95ccc6e0452a0155_grande.png\">360 Nguy&#7877;n V&#259;n Nghi, P.7, Q. G&ograve; V&#7845;p`);<\/p>\n<p>$(&#8216;p:contains(&#8220;addremove&#8221;)&#8217;).remove()<br \/>\n\t\t setTimeout(() =&gt; {<\/p>\n<p>           if(window.location.href.includes(&#8220;nhiet-ke-hong-ngoai-do-tran-microlife-nc200-new&#8221;)||window.location.href.includes(&#8220;khung-tap-di-co-ghe-ngoi&#8221;)||window.location.href.includes(&#8220;khung-tap-di-khong-ghe-ngoi&#8221;)||window.location.href.includes(&#8220;nhiet-ke-hong-ngoai-do-tran-mdf-usa&#8221;)) {<br \/>\n\t\t\/\/$(&#8220;#anchor-spec&#8221;).hide();<br \/>\n\t}<br \/>\n       }, 500);<\/p>\n<p> \t\t\t\/*<br \/>\n\t$(&#8220;#anchor-info img&#8221;).each(function() {<br \/>\n    \t\t$(this).addClass(&#8220;lazy&#8221;)<br \/>\n        $(this).attr(&#8220;data-src&#8221;,$(this).attr(&#8220;src&#8221;));<br \/>\n        $(this).attr(&#8220;src&#8221;,&#8217;\/\/hstatic.net\/0\/0\/global\/design\/theme-default\/no-image.png&#8217;);<\/p>\n<p>    });*\/<\/p>\n<p>$(&#8220;.prod-offer&#8221;).clone().appendTo(&#8220;.call2action&#8221;);<\/p>\n<p>$(&#8220;.call2action&#8221;).each(function(index){<\/p>\n<p>\t$(this).find(&#8216;input&#8217;).each(function(){<br \/>\n\t\t$(this).attr(&#8216;id&#8217;,$(this).attr(&#8216;id&#8217;)+index)<br \/>\n\t})<br \/>\n\t\t$(this).find(&#8216;label&#8217;).each(function(){<br \/>\n\t\t\t\t$(this).attr(&#8216;for&#8217;,$(this).attr(&#8216;for&#8217;)+index)<\/p>\n<p>\t})<br \/>\n})<\/p>\n<p>$(&#8220;.call2action .info-support,.call2action .detail-info-phone&#8221;).remove()<br \/>\n$(&#8220;.call2action&gt;div&#8221;).removeClass(&#8216;col-sm-8&#8217;);<br \/>\n$(&#8220;.call2action .send-support&#8221;).removeAttr(&#8216;onclick&#8217;);<br \/>\n$(&#8220;.call2action .send-support&#8221;).attr(&#8220;href&#8221;,&#8221;tel:0906.960.800&#8243;);<br \/>\n\t\t\t\t\t$(&#8220;.call2action .send-support .text-btn&#8221;).text(&#8220;0906.960.800&#8221;);<br \/>\n$(&#8220;.call2action&gt;div&#8221;).removeClass(&#8216;col-xs-12&#8217;)<br \/>\n\t$(&#8220;.call2action .variants .col-lg-8&#8221;).removeClass(&#8220;col-lg-8&#8221;).addClass(&#8220;col-lg-12&#8221;);<br \/>\n\t$(&#8220;.call2action .formphone&#8221;).attr(&#8220;style&#8221;,&#8221;width:340px&#8221;);<\/p>\n<div class=\"seemore hide\"> <a href=\"\">Xem th\u00eam chi ti\u1ebft<\/a><\/div>\n<\/p><\/div>\n","protected":false},"excerpt":{"rendered":"<p>\u0110i\u1ec7n \u00e1p s\u1eed d\u1ee5ng: 200V &#8211; 230V\/ 50hz &#8211; 60hz<br \/>C\u00f4ng su\u1ea5t t\u1ea1o n\u00f3ng: 50W.<\/p>\n","protected":false},"featured_media":1159,"comment_status":"closed","ping_status":"closed","template":"","meta":[],"product_cat":[66],"product_tag":[],"class_list":{"0":"post-1158","1":"product","2":"type-product","3":"status-publish","4":"has-post-thumbnail","6":"product_cat-tui-chuom-nong-lanh","8":"first","9":"instock","10":"shipping-taxable","11":"purchasable","12":"product-type-simple"},"_links":{"self":[{"href":"https:\/\/dungcutrilieu.com\/index.php?rest_route=\/wp\/v2\/product\/1158"}],"collection":[{"href":"https:\/\/dungcutrilieu.com\/index.php?rest_route=\/wp\/v2\/product"}],"about":[{"href":"https:\/\/dungcutrilieu.com\/index.php?rest_route=\/wp\/v2\/types\/product"}],"replies":[{"embeddable":true,"href":"https:\/\/dungcutrilieu.com\/index.php?rest_route=%2Fwp%2Fv2%2Fcomments&post=1158"}],"wp:featuredmedia":[{"embeddable":true,"href":"https:\/\/dungcutrilieu.com\/index.php?rest_route=\/wp\/v2\/media\/1159"}],"wp:attachment":[{"href":"https:\/\/dungcutrilieu.com\/index.php?rest_route=%2Fwp%2Fv2%2Fmedia&parent=1158"}],"wp:term":[{"taxonomy":"product_cat","embeddable":true,"href":"https:\/\/dungcutrilieu.com\/index.php?rest_route=%2Fwp%2Fv2%2Fproduct_cat&post=1158"},{"taxonomy":"product_tag","embeddable":true,"href":"https:\/\/dungcutrilieu.com\/index.php?rest_route=%2Fwp%2Fv2%2Fproduct_tag&post=1158"}],"curies":[{"name":"wp","href":"https:\/\/api.w.org\/{rel}","templated":true}]}}