{"id":1165,"date":"2024-07-09T02:05:42","date_gmt":"2024-07-09T02:05:42","guid":{"rendered":"https:\/\/dungcutrilieu.com\/?product=bon-massage-chan"},"modified":"2024-07-09T02:05:45","modified_gmt":"2024-07-09T02:05:45","slug":"bon-massage-chan","status":"publish","type":"product","link":"https:\/\/dungcutrilieu.com\/?product=bon-massage-chan","title":{"rendered":"B\u1ed3n Massage Ch\u00e2n"},"content":{"rendered":"<\/p>\n<div class=\"prod-descp body-content\" id=\"anchor-info\">\n<div class=\"noidungchitiet\">\n<p><strong>B\u1ed3n Massage Ch\u00e2n<\/strong>\u00a0v\u1edbi ch\u1ebf \u0111\u1ed9 l\u00e0m \u1ea5m n\u01b0\u1edbc v\u00e0 ch\u1ebf \u0111\u1ed9 gi\u1eef nhi\u1ec7t r\u1ea5t ti\u1ec7n d\u1ee5ng. B\u00ean c\u1ea1nh \u0111\u00f3 ch\u1ebf \u0111\u1ed9 massage rung v\u00e0 ch\u1ebf t\u1ea1o t\u1ea1o b\u1ecdt kh\u00ed gi\u00fap b\u1ea1n th\u01b0 gi\u00e3n tuy\u1ec7t \u0111\u1ed1i. Ng\u00e2m ch\u00e2n gi\u00fap l\u01b0u th\u00f4ng m\u00e1u t\u1ed1t h\u01a1n, gi\u00fap gi\u1ea3m c\u0103ng th\u1eb3ng m\u1ec7t m\u1ecfi, ng\u1ee7 ngon h\u01a1n.<\/p>\n<p>Ngo\u00e0i ra b\u1ed3n massage ch\u00e2n c\u00f2n c\u00f3 \u0111\u00e8n h\u1ed3ng ngo\u1ea1i gi\u00fap tr\u1ecb li\u1ec7u r\u1ea5t t\u1ed1t.<\/p>\n<p>B\u1ed3n ng\u00e2m ch\u00e2n c\u00f3 thi\u1ebft k\u1ebf l\u1ecbch s\u1ef1 trang nh\u00e3, c\u00f3 k\u00e8m th\u00eam b\u1ed9 ch\u1ed5i ch\u1ea3i ch\u00e2n v\u00e0 \u0111\u1ea7u b\u1ea5m huy\u1ec7t.<\/p>\n<p style=\"text-align: center\"><img decoding=\"async\" src=\"https:\/\/dungcutrilieu.com\/wp-content\/uploads\/2024\/07\/bon-massage-chan_c49b4a40f59d44e09a8d1029d6843237.jpg\" title=\"bon-massage-chan_c49b4a40f59d44e09a8d1029d6843237\"><\/p>\n<p style=\"text-align: center\"><img decoding=\"async\" src=\"https:\/\/dungcutrilieu.com\/wp-content\/uploads\/2024\/07\/bon-massage-chan-1_2da391e6488a4ddc9fcbaefb1439970d.jpg\" title=\"bon-massage-chan-1_2da391e6488a4ddc9fcbaefb1439970d\"><\/p>\n<p>\u00a0<\/p>\n<p><strong>B\u1ed3n Massage Ch\u00e2n c\u00f3 c\u00e1c ch\u1ee9c n\u0103ng ch\u00ednh nh\u01b0 sau:<\/strong><\/p>\n<p>1.Ch\u1ee9c n\u0103ng t\u1ef1 l\u00e0m n\u00f3ng n\u01b0\u1edbc v\u00e0 gi\u1eef \u1ea5m n\u01b0\u1edbc : Cho n\u01b0\u1edbc l\u1ea1nh v\u00e0o m\u00e1y sau kho\u1ea3ng 5 ph\u00fat l\u00e0 n\u01b0\u1edbc s\u1ebd \u1ea5m l\u00ean, m\u1edf ch\u1ee9c n\u0103ng gi\u1eef n\u00f3ng, b\u1ea1n c\u00f3 th\u1ec3 v\u1eeba t\u1eadn h\u01b0\u1edfng d\u00f2ng n\u01b0\u1edbc \u1ea5m \u00e1p, v\u1eeba \u0111\u01b0\u1ee3c massage. C\u00f3 t\u00e1c d\u1ee5ng t\u0103ng tu\u1ea7n ho\u00e0n m\u00e1u, lo\u1ea1i b\u1ecf c\u1ea3m gi\u00e1c m\u1ec7t m\u1ecfi.<\/p>\n<p>2.Ch\u1ee9c n\u0103ng rung: c\u00e1c \u0111\u1ea7u massage v\u1edbi ch\u1ee9c n\u0103ng rung c\u00f3 th\u1ec3 k\u00edch th\u00edch v\u00e0 massage c\u00e1c huy\u1ec7t \u0111\u1ea1o d\u01b0\u1edbi l\u00f2ng b\u00e0n ch\u00e2n.<\/p>\n<p>3.Ch\u1ee9c n\u0103ng massage con l\u0103n: d\u01b0\u1edbi l\u00f2ng b\u1ed3n c\u00f3 c\u00e1c gai massage v\u00e0 con l\u0103n massage, b\u1ea1n c\u00f3 th\u1ec3 d\u00f9ng ch\u00e2n l\u0103n \u0111\u1ec3 t\u00e1c \u0111\u1ed9ng v\u00e0o c\u00e1c huy\u1ec7t \u0111\u1ea1o l\u00f2ng b\u00e0n ch\u00e2n s\u1ebd gi\u1ea3m t\u00ea bu\u1ed1t v\u00e0 t\u00ecnh tr\u1ea1ng trai s\u1ea1n \u1edf ch\u00e2n<\/p>\n<p>4. \u0110\u00e8n h\u1ed3ng ngo\u1ea1i : B\u1ea1n c\u00f3 th\u1ec3 s\u1eed d\u1ee5ng ho\u1eb7c kh\u00f4ng s\u1eed d\u1ee5ng ch\u1ee9c n\u0103ng n\u00e0y, tuy nhi\u00ean \u0111\u00e8n h\u1ed3ng ngo\u1ea1i r\u1ea5t t\u1ed1t cho c\u01a1 th\u1ec3 gi\u00fap gi\u1ea3m \u0111au r\u1ea5t t\u1ed1t v\u00e0 gi\u00fap t\u0103ng c\u01b0\u1eddng l\u01b0u th\u00f4ng kh\u00ed huy\u1ebft, b\u1ea1n c\u00f3 th\u1ec3 s\u1eed d\u1ee5ng \u0111\u00e8n trong su\u1ed1t qu\u00e1 tr\u00ecnh ng\u00e2m ch\u00e2n.<\/p>\n<p>5. Ch\u1ee9c n\u0103ng s\u1ee7i b\u1ecdt t\u1ea1o s\u00f3ng: Ch\u1ee9c n\u0103ng n\u00e0y t\u1ea1o c\u1ea3m gi\u00e1c nh\u1eb9 nh\u00e0ng v\u00e0 th\u01b0 th\u00e1i cho ng\u01b0\u1eddi s\u1eed d\u1ee5ng.<\/p>\n<p>6. Ch\u1ed5i m\u00e0i g\u00f3t ch\u00e2n: lo\u1ea1i b\u1ecf t\u1ebf b\u00e0o ch\u1ebft \u1edf g\u00f3t ch\u00e2n l\u00e0m gi\u1ea3m \u0111\u1ed9 chai s\u1ea7n \u1edf g\u00f3t ch\u00e2n.<\/p>\n<p style=\"text-align: center\"><img decoding=\"async\" src=\"https:\/\/dungcutrilieu.com\/wp-content\/uploads\/2024\/07\/bon-massage-chan-2_421ecf82179b4a1f8dcfe0d110bb7d66.jpg\" title=\"bon-massage-chan-2_421ecf82179b4a1f8dcfe0d110bb7d66\"><\/p>\n<p style=\"text-align: center\">(Tr\u1ecdn b\u1ed9 s\u1ea3n ph\u1ea9m)<\/p>\n<p>Xem th\u00eam:\u00a0<a target=\"_blank\" rel=\"noopener noreferrer\" href=\"https:\/\/www.medishop.com.vn\/collections\/nem-chong-loet\">N\u1ec7m ch\u1ed1ng lo\u00e9t t\u00e1c \u0111\u1ed9ng th\u1ebf n\u00e0o \u0111\u1ebfn tinh th\u1ea7n ng\u01b0\u1eddi n\u1eb1m l\u00e2u ng\u00e0y<\/a><\/p>\n<\/div>\n<div id=\"WidgetFloaterPanels\" style=\"text-align: left;direction: ltr\" class=\"LTRStyle\">\n<div id=\"WidgetFloater\">\n<div id=\"WidgetLogoPanel\"><span><span>TRANSLATE with <\/span><img><\/span> <span>x<\/span><\/div>\n<div id=\"LanguageMenuPanel\">\n<div class=\"DDStyle_outer\">  <span class=\"DDStyle\">English<\/span><\/p>\n<div style=\"position:relative;text-align:left;left:0\">\n<div style=\"position:absolute;width:;left:0px\">\n<div class=\"DDStyle\" id=\"__LanguageMenu_popup\">\n<table id=\"LanguageMenu\" border=\"0\">\n<tbody>\n<tr>\n<td><a href=\"https:\/\/www.medishop.com.vn\/products\/bon-massage-chan#ar\">Arabic<\/a><\/td>\n<td><a href=\"https:\/\/www.medishop.com.vn\/products\/bon-massage-chan#he\">Hebrew<\/a><\/td>\n<td><a href=\"https:\/\/www.medishop.com.vn\/products\/bon-massage-chan#pl\">Polish<\/a><\/td>\n<\/tr>\n<tr>\n<td><a href=\"https:\/\/www.medishop.com.vn\/products\/bon-massage-chan#bg\">Bulgarian<\/a><\/td>\n<td><a href=\"https:\/\/www.medishop.com.vn\/products\/bon-massage-chan#hi\">Hindi<\/a><\/td>\n<td><a href=\"https:\/\/www.medishop.com.vn\/products\/bon-massage-chan#pt\">Portuguese<\/a><\/td>\n<\/tr>\n<tr>\n<td><a href=\"https:\/\/www.medishop.com.vn\/products\/bon-massage-chan#ca\">Catalan<\/a><\/td>\n<td><a href=\"https:\/\/www.medishop.com.vn\/products\/bon-massage-chan#mww\">Hmong Daw<\/a><\/td>\n<td><a href=\"https:\/\/www.medishop.com.vn\/products\/bon-massage-chan#ro\">Romanian<\/a><\/td>\n<\/tr>\n<tr>\n<td><a href=\"https:\/\/www.medishop.com.vn\/products\/bon-massage-chan#zh-CHS\">Chinese Simplified<\/a><\/td>\n<td><a href=\"https:\/\/www.medishop.com.vn\/products\/bon-massage-chan#hu\">Hungarian<\/a><\/td>\n<td><a href=\"https:\/\/www.medishop.com.vn\/products\/bon-massage-chan#ru\">Russian<\/a><\/td>\n<\/tr>\n<tr>\n<td><a href=\"https:\/\/www.medishop.com.vn\/products\/bon-massage-chan#zh-CHT\">Chinese Traditional<\/a><\/td>\n<td><a href=\"https:\/\/www.medishop.com.vn\/products\/bon-massage-chan#id\">Indonesian<\/a><\/td>\n<td><a href=\"https:\/\/www.medishop.com.vn\/products\/bon-massage-chan#sk\">Slovak<\/a><\/td>\n<\/tr>\n<tr>\n<td><a href=\"https:\/\/www.medishop.com.vn\/products\/bon-massage-chan#cs\">Czech<\/a><\/td>\n<td><a href=\"https:\/\/www.medishop.com.vn\/products\/bon-massage-chan#it\">Italian<\/a><\/td>\n<td><a href=\"https:\/\/www.medishop.com.vn\/products\/bon-massage-chan#sl\">Slovenian<\/a><\/td>\n<\/tr>\n<tr>\n<td><a href=\"https:\/\/www.medishop.com.vn\/products\/bon-massage-chan#da\">Danish<\/a><\/td>\n<td><a href=\"https:\/\/www.medishop.com.vn\/products\/bon-massage-chan#ja\">Japanese<\/a><\/td>\n<td><a href=\"https:\/\/www.medishop.com.vn\/products\/bon-massage-chan#es\">Spanish<\/a><\/td>\n<\/tr>\n<tr>\n<td><a href=\"https:\/\/www.medishop.com.vn\/products\/bon-massage-chan#nl\">Dutch<\/a><\/td>\n<td><a href=\"https:\/\/www.medishop.com.vn\/products\/bon-massage-chan#tlh\">Klingon<\/a><\/td>\n<td><a href=\"https:\/\/www.medishop.com.vn\/products\/bon-massage-chan#sv\">Swedish<\/a><\/td>\n<\/tr>\n<tr>\n<td><a href=\"https:\/\/www.medishop.com.vn\/products\/bon-massage-chan#en\">English<\/a><\/td>\n<td><a href=\"https:\/\/www.medishop.com.vn\/products\/bon-massage-chan#ko\">Korean<\/a><\/td>\n<td><a href=\"https:\/\/www.medishop.com.vn\/products\/bon-massage-chan#th\">Thai<\/a><\/td>\n<\/tr>\n<tr>\n<td><a href=\"https:\/\/www.medishop.com.vn\/products\/bon-massage-chan#et\">Estonian<\/a><\/td>\n<td><a href=\"https:\/\/www.medishop.com.vn\/products\/bon-massage-chan#lv\">Latvian<\/a><\/td>\n<td><a href=\"https:\/\/www.medishop.com.vn\/products\/bon-massage-chan#tr\">Turkish<\/a><\/td>\n<\/tr>\n<tr>\n<td><a href=\"https:\/\/www.medishop.com.vn\/products\/bon-massage-chan#fi\">Finnish<\/a><\/td>\n<td><a href=\"https:\/\/www.medishop.com.vn\/products\/bon-massage-chan#lt\">Lithuanian<\/a><\/td>\n<td><a href=\"https:\/\/www.medishop.com.vn\/products\/bon-massage-chan#uk\">Ukrainian<\/a><\/td>\n<\/tr>\n<tr>\n<td><a href=\"https:\/\/www.medishop.com.vn\/products\/bon-massage-chan#fr\">French<\/a><\/td>\n<td><a href=\"https:\/\/www.medishop.com.vn\/products\/bon-massage-chan#ms\">Malay<\/a><\/td>\n<td><a href=\"https:\/\/www.medishop.com.vn\/products\/bon-massage-chan#ur\">Urdu<\/a><\/td>\n<\/tr>\n<tr>\n<td><a href=\"https:\/\/www.medishop.com.vn\/products\/bon-massage-chan#de\">German<\/a><\/td>\n<td><a href=\"https:\/\/www.medishop.com.vn\/products\/bon-massage-chan#mt\">Maltese<\/a><\/td>\n<td><a href=\"https:\/\/www.medishop.com.vn\/products\/bon-massage-chan#vi\">Vietnamese<\/a><\/td>\n<\/tr>\n<tr>\n<td><a href=\"https:\/\/www.medishop.com.vn\/products\/bon-massage-chan#el\">Greek<\/a><\/td>\n<td><a href=\"https:\/\/www.medishop.com.vn\/products\/bon-massage-chan#no\">Norwegian<\/a><\/td>\n<td><a href=\"https:\/\/www.medishop.com.vn\/products\/bon-massage-chan#cy\">Welsh<\/a><\/td>\n<\/tr>\n<tr>\n<td><a href=\"https:\/\/www.medishop.com.vn\/products\/bon-massage-chan#ht\">Haitian Creole<\/a><\/td>\n<td><a href=\"https:\/\/www.medishop.com.vn\/products\/bon-massage-chan#fa\">Persian<\/a><\/td>\n<td>\u00a0<\/td>\n<\/tr>\n<\/tbody>\n<\/table>\n<p><img style=\"height:7px;width:17px;border-width:0px;left:20px\"><\/div>\n<\/div>\n<\/div>\n<\/div>\n<\/div>\n<div id=\"CTFLinksPanel\"><span><a title=\"Help\" target=\"_blank\" href=\"https:\/\/go.microsoft.com\/?linkid=9722454\" rel=\"noopener\"><img><\/a> <a title=\"Get this widget for your own site\"> <img><\/a> <a title=\"Share translated page with friends\"> <img><\/a> <\/span><\/div>\n<div id=\"FloaterProgressBar\">\u00a0<\/div>\n<\/div>\n<div id=\"WidgetFloaterCollapsed\"><span>TRANSLATE with <\/span><img><\/div>\n<div id=\"FloaterSharePanel\">\n<div id=\"ShareTextDiv\"><span>COPY THE URL BELOW <\/span><\/div>\n<div id=\"ShareTextboxDiv\"> <!--a id=&quot;TwitterLink&quot; title=&quot;Share on Twitter&quot;&gt; <img id=\"TwitterImg\" \/><\/a>  <img id=\"FacebookImg\" \/>&lt;\/a--> <a title=\"Email this translation\"> <img><\/a><\/div>\n<div id=\"ShareFooter\"><span><a> <img><\/a><\/span> <span><a title=\"Back To Translation\"> Back<\/a><\/span><\/div>\n<\/p><\/div>\n<div id=\"FloaterEmbed\">\n<div id=\"EmbedTextDiv\"><span>EMBED THE SNIPPET BELOW IN YOUR SITE<\/span> <a title=\"Copy this code and place it into your HTML.\"> <img><\/a><\/div>\n<div id=\"EmbedTextboxDiv\"><\/div>\n<div id=\"EmbedNoticeDiv\"><span>Enable collaborative features and customize widget: <a href=\"http:\/\/www.bing.com\/widget\/translator\" target=\"_blank\" rel=\"noopener\">Bing Webmaster Portal<\/a><\/span><\/div>\n<div id=\"EmbedFooterDiv\"><span><a title=\"Back To Translation\">Back<\/a><\/span><\/div>\n<\/div>\n<\/div>\n<p>\t$(&#8216;p:contains(&#8220;Phan &#272;&#259;ng L&#432;u&#8221;)&#8217;).html(`<\/p>\n<p style=\"text-align: center\"><strong><img decoding=\"async\" style=\"max-width: 100%;height: auto\" src=\"https:\/\/file.hstatic.net\/1000225641\/file\/25x25_f69545ac614b41bf95ccc6e0452a0155_grande.png\">360 Nguy&#7877;n V&#259;n Nghi, P.7, Q. G&ograve; V&#7845;p`);<\/p>\n<p>$(&#8216;p:contains(&#8220;addremove&#8221;)&#8217;).remove()<br \/>\n\t\t setTimeout(() =&gt; {<\/p>\n<p>           if(window.location.href.includes(&#8220;nhiet-ke-hong-ngoai-do-tran-microlife-nc200-new&#8221;)||window.location.href.includes(&#8220;khung-tap-di-co-ghe-ngoi&#8221;)||window.location.href.includes(&#8220;khung-tap-di-khong-ghe-ngoi&#8221;)||window.location.href.includes(&#8220;nhiet-ke-hong-ngoai-do-tran-mdf-usa&#8221;)) {<br \/>\n\t\t\/\/$(&#8220;#anchor-spec&#8221;).hide();<br \/>\n\t}<br \/>\n       }, 500);<\/p>\n<p> \t\t\t\/*<br \/>\n\t$(&#8220;#anchor-info img&#8221;).each(function() {<br \/>\n    \t\t$(this).addClass(&#8220;lazy&#8221;)<br \/>\n        $(this).attr(&#8220;data-src&#8221;,$(this).attr(&#8220;src&#8221;));<br \/>\n        $(this).attr(&#8220;src&#8221;,&#8217;\/\/hstatic.net\/0\/0\/global\/design\/theme-default\/no-image.png&#8217;);<\/p>\n<p>    });*\/<\/p>\n<p>$(&#8220;.prod-offer&#8221;).clone().appendTo(&#8220;.call2action&#8221;);<\/p>\n<p>$(&#8220;.call2action&#8221;).each(function(index){<\/p>\n<p>\t$(this).find(&#8216;input&#8217;).each(function(){<br \/>\n\t\t$(this).attr(&#8216;id&#8217;,$(this).attr(&#8216;id&#8217;)+index)<br \/>\n\t})<br \/>\n\t\t$(this).find(&#8216;label&#8217;).each(function(){<br \/>\n\t\t\t\t$(this).attr(&#8216;for&#8217;,$(this).attr(&#8216;for&#8217;)+index)<\/p>\n<p>\t})<br \/>\n})<\/p>\n<p>$(&#8220;.call2action .info-support,.call2action .detail-info-phone&#8221;).remove()<br \/>\n$(&#8220;.call2action&gt;div&#8221;).removeClass(&#8216;col-sm-8&#8217;);<br \/>\n$(&#8220;.call2action .send-support&#8221;).removeAttr(&#8216;onclick&#8217;);<br \/>\n$(&#8220;.call2action .send-support&#8221;).attr(&#8220;href&#8221;,&#8221;tel:0906.960.800&#8243;);<br \/>\n\t\t\t\t\t$(&#8220;.call2action .send-support .text-btn&#8221;).text(&#8220;0906.960.800&#8221;);<br \/>\n$(&#8220;.call2action&gt;div&#8221;).removeClass(&#8216;col-xs-12&#8217;)<br \/>\n\t$(&#8220;.call2action .variants .col-lg-8&#8221;).removeClass(&#8220;col-lg-8&#8221;).addClass(&#8220;col-lg-12&#8221;);<br \/>\n\t$(&#8220;.call2action .formphone&#8221;).attr(&#8220;style&#8221;,&#8221;width:340px&#8221;);<\/p>\n<div class=\"seemore hide\"> <a href=\"\">Xem th\u00eam chi ti\u1ebft<\/a><\/div>\n<\/p><\/div>\n","protected":false},"excerpt":{"rendered":"<p>B\u1ed3n Massage Ch\u00e2n\u00a0v\u1edbi ch\u1ebf \u0111\u1ed9 l\u00e0m \u1ea5m n\u01b0\u1edbc v\u00e0 ch\u1ebf \u0111\u1ed9 gi\u1eef nhi\u1ec7t r\u1ea5t ti\u1ec7n d\u1ee5ng. B\u00ean c\u1ea1nh \u0111\u00f3 ch\u1ebf \u0111\u1ed9 massage rung v\u00e0 ch\u1ebf t\u1ea1o t\u1ea1o b\u1ecdt kh\u00ed gi\u00fap b\u1ea1n th\u01b0 gi\u00e3n tuy\u1ec7t \u0111\u1ed1i. Ng\u00e2m ch\u00e2n gi\u00fap l\u01b0u th\u00f4ng m\u00e1u t\u1ed1t h\u01a1n, gi\u00fap gi\u1ea3m c\u0103ng th\u1eb3ng m\u1ec7t m\u1ecfi, ng\u1ee7 ngon h\u01a1n. Ngo\u00e0i ra b\u1ed3n &#8230;<\/p>\n","protected":false},"featured_media":1166,"comment_status":"closed","ping_status":"closed","template":"","meta":[],"product_cat":[66],"product_tag":[],"class_list":{"0":"post-1165","1":"product","2":"type-product","3":"status-publish","4":"has-post-thumbnail","6":"product_cat-tui-chuom-nong-lanh","8":"first","9":"instock","10":"shipping-taxable","11":"purchasable","12":"product-type-simple"},"_links":{"self":[{"href":"https:\/\/dungcutrilieu.com\/index.php?rest_route=\/wp\/v2\/product\/1165"}],"collection":[{"href":"https:\/\/dungcutrilieu.com\/index.php?rest_route=\/wp\/v2\/product"}],"about":[{"href":"https:\/\/dungcutrilieu.com\/index.php?rest_route=\/wp\/v2\/types\/product"}],"replies":[{"embeddable":true,"href":"https:\/\/dungcutrilieu.com\/index.php?rest_route=%2Fwp%2Fv2%2Fcomments&post=1165"}],"wp:featuredmedia":[{"embeddable":true,"href":"https:\/\/dungcutrilieu.com\/index.php?rest_route=\/wp\/v2\/media\/1166"}],"wp:attachment":[{"href":"https:\/\/dungcutrilieu.com\/index.php?rest_route=%2Fwp%2Fv2%2Fmedia&parent=1165"}],"wp:term":[{"taxonomy":"product_cat","embeddable":true,"href":"https:\/\/dungcutrilieu.com\/index.php?rest_route=%2Fwp%2Fv2%2Fproduct_cat&post=1165"},{"taxonomy":"product_tag","embeddable":true,"href":"https:\/\/dungcutrilieu.com\/index.php?rest_route=%2Fwp%2Fv2%2Fproduct_tag&post=1165"}],"curies":[{"name":"wp","href":"https:\/\/api.w.org\/{rel}","templated":true}]}}