{"id":1180,"date":"2024-07-09T04:13:59","date_gmt":"2024-07-09T04:13:59","guid":{"rendered":"https:\/\/dungcutrilieu.com\/?product=massage-go-nho-lan-tay-lan-chan-massage"},"modified":"2024-07-09T04:14:02","modified_gmt":"2024-07-09T04:14:02","slug":"massage-go-nho-lan-tay-lan-chan-massage","status":"publish","type":"product","link":"https:\/\/dungcutrilieu.com\/?product=massage-go-nho-lan-tay-lan-chan-massage","title":{"rendered":"Massage G\u1ed7 Nh\u1ecf (l\u0103n tay &#8211; l\u0103n ch\u00e2n massage)"},"content":{"rendered":"<\/p>\n<div class=\"prod-descp body-content\" id=\"anchor-info\">\n<p><strong><a href=\"https:\/\/www.medishop.com.vn\/products\/massage-go-nho-lan-tay-lan-chan-massage\/\">Massage G\u1ed7 Nh\u1ecf<\/a> (l\u0103n tay &#8211; l\u0103n ch\u00e2n massage)<\/strong>\u00a0\u0111\u01b0\u1ee3c s\u1ea3n xu\u1ea5t b\u1eb1ng g\u1ed7 \u0111\u00e3 qua s\u1eed l\u00fd ch\u1ed1ng \u1ea9m m\u1ed1c.\u00a0<\/p>\n<p>Ch\u1ea5t li\u1ec7u: \u00a0G\u1ed7 l\u00f5i l\u0103n th\u00e9p.<\/p>\n<p><img decoding=\"async\" style=\"margin-left: auto;margin-right: auto\" src=\"https:\/\/dungcutrilieu.com\/wp-content\/uploads\/2024\/07\/massage-chan-go-nho_0f3650cef3c04a41b00089abe5d61caf.jpg\" title=\"massage-chan-go-nho_0f3650cef3c04a41b00089abe5d61caf\"><\/p>\n<ul>\n<li>C\u1ea5u t\u1ea1o s\u1ea3n ph\u1ea9m g\u1ed3m g\u1ed3m 10 tr\u1ee5c l\u0103n g\u1ed7 c\u00f3 gai n\u1eb1m ngang c\u00f3 t\u00e1c d\u1ee5ng massage l\u00f2ng b\u00e0n ch\u00e2n.<\/li>\n<li>S\u1ea3n ph\u1ea9m ph\u00f9 h\u1ee3p cho c\u1ea3 gia \u0111\u00ecnh. Th\u00edch h\u1ee3p l\u00e0m qu\u00e0 t\u1eb7ng cho \u00f4ng b\u00e0, b\u1ed1 m\u1eb9\u2026 c\u00f4ng d\u1ee5ng Massage b\u00e0n ch\u00e2n gi\u00fap l\u01b0u th\u00f4ng kh\u00ed huy\u1ebft th\u00f4ng qua c\u00e1c huy\u1ec7t \u0111\u1ea1o l\u00f2ng b\u00e0n ch\u00e2n, b\u1eafp ch\u00e2n, \u0111\u00f9i v\u00e0 l\u00f2ng b\u00e0n tay gi\u00fap gi\u1ea3m \u0111au nh\u1ee9t t\u00ea tay. \u0110\u1ed1i v\u1edbi ng\u01b0\u1eddi l\u1edbn tu\u1ed5i, massage ch\u00e2n gi\u00fap gi\u1ea3m \u0111i s\u1ef1 nh\u1ee9c m\u1ecfi, ng\u0103n ng\u1eeba v\u00e0 ch\u1eefa tr\u1ecb c\u00e1c c\u0103n b\u1ec7nh \u0111au kh\u1edbp, ch\u00f3ng m\u1eb7t, t\u00ea ch\u00e2n, th\u1ea5p kh\u1edbp, c\u00f3 \u0111\u01b0\u1ee3c gi\u1ea5c ng\u1ee7 ngon.\u00a0<\/li>\n<li>L\u0103n ch\u00e2n g\u1ed7 gi\u00fap x\u01b0\u01a1ng c\u1ed1t m\u1ec1m m\u1ea1i, ch\u1ed1ng c\u00e1c b\u1ec7nh \u0111au t\u00ea kh\u1eafp to\u00e0n th\u00e2n. Khi l\u0103n ch\u00e2n g\u1ed7 c\u00f3 c\u00e1c d\u1ee5ng ch\u1eefa b\u1ec7nh, ph\u00f2ng b\u1ec7nh v\u00e0 k\u00e9o d\u00e0i tu\u1ed5i xu\u00e2n. \u0110i\u1ec1u tr\u1ecb m\u1ea1ch v\u00e0nh v\u00e0 thi\u1ebfu m\u00e1u c\u01a1 tim. L\u00e0m ch\u1eadm qu\u00e1 tr\u00ecnh l\u00e3o h\u00f3a c\u01a1 th\u1ec3 v\u00e0 t\u0103ng c\u01b0\u1eddng kh\u1ea3 n\u0103ng th\u1ea3i \u0111\u1ed9c c\u01a1 th\u1ec3 Gi\u00fap gi\u1ea3m \u0111au v\u00e0 c\u00e1c b\u1ec7nh li\u00ean quan t\u1edbi x\u01b0\u01a1ng kh\u1edbp K\u00edch th\u00edch c\u00e1c huy\u1ec7t \u0111\u1ea1o, gi\u00fap t\u0103ng c\u01b0\u1eddng l\u01b0u th\u00f4ng m\u00e1u, ng\u1ee7 ngon v\u00e0 k\u00edch th\u00edch ti\u00eau h\u00f3a. T\u0103ng c\u01b0\u1eddng h\u1ec7 th\u1ed1ng mi\u1ec5n d\u1ecbch c\u01a1 th\u1ec3 Th\u00edch h\u1ee3p cho nh\u1eefng ng\u01b0\u1eddi ng\u1ed3i l\u00e2u 1 ch\u1ed7, nh\u00e2n vi\u00ean v\u0103n ph\u00f2ng, ng\u01b0\u1eddi cao tu\u1ed5i \u00edt v\u1eadn \u0111\u1ed9ng, ng\u01b0\u1eddi c\u00f3 ti\u1ec1n s\u1eed b\u1ec7nh tim m\u1ea1ch hay th\u1ea5p kh\u01a1p&#8230;<\/li>\n<\/ul>\n<div>\u00a0<\/div>\n<p><img decoding=\"async\" style=\"margin-left: auto;margin-right: auto\" src=\"https:\/\/dungcutrilieu.com\/wp-content\/uploads\/2024\/07\/massage-chan-go-nho-1_9527a2a1841148aeb99bb0c311c62882.jpg\" title=\"massage-chan-go-nho-1_9527a2a1841148aeb99bb0c311c62882\"><\/p>\n<p style=\"text-align: center\">(tr\u1ecdn b\u1ed9 s\u1ea3n ph\u1ea9m)<\/p>\n<p><strong>\u0110\u1eb7c \u0111i\u1ec3m\u00a0<\/strong><\/p>\n<ul>\n<li>Thi\u1ebft k\u1ebf \u0111\u01a1n gi\u1ea3n, thu\u1eadn ti\u1ec7n trong s\u1eed d\u1ee5ng. C\u00f3 th\u1ec3 s\u1eed d\u1ee5ng \u0111\u1ec3 massage nhi\u1ec1u b\u1ed9 ph\u1eadn kh\u00e1c t\u00f9y theo s\u1edf th\u00edch nh\u01b0: b\u00e0n ch\u00e2n, b\u00e0n tay\u00a0<\/li>\n<li>Do \u0111a s\u1ed1 c\u00e1c huy\u1ec7t v\u1ecb c\u1ee7a c\u01a1 th\u1ec3 \u0111\u1ec1u t\u1eadp trung \u1edf b\u00e0n ch\u00e2n. V\u00ec v\u1eady, khi massage c\u00e1c n\u00fat c\u01a1 h\u1ecdc d\u01b0\u1edbi l\u00f2ng b\u00e0n ch\u00e2n s\u1ebd k\u00edch th\u00edch c\u00e1c huy\u1ec7t ph\u1ea3n x\u1ea1 \u1edf khu v\u1ef1c n\u00e0y ho\u1ea1t \u0111\u1ed9ng t\u1ed1t h\u01a1n.\u00a0<\/li>\n<li>\u0110\u1ed1i v\u1edbi ng\u01b0\u1eddi l\u1edbn tu\u1ed5i, massage ch\u00e2n gi\u00fap gi\u1ea3m \u0111i s\u1ef1 nh\u1ee9c m\u1ecfi, ng\u0103n ng\u1eeba v\u00e0 ch\u1eefa tr\u1ecb c\u00e1c c\u0103n b\u1ec7nh \u0111au kh\u1edbp, ch\u00f3ng m\u1eb7t, t\u00ea ch\u00e2n, th\u1ea5p kh\u1edbp.<\/li>\n<li>Th\u1eddi gian s\u1eed d\u1ee5ng: S\u1eed d\u1ee5ng moi l\u00fac, m\u1ecdi n\u01a1i, trong gi\u1edd l\u00e0m vi\u1ec7c hay th\u1eddi gian th\u01b0 gi\u00e3n v\u00e0o bu\u1ed5i t\u1ed1i, l\u0103n kho\u1ea3n 15-20ph\u00fat s\u1ebd \u0111\u01b0a ch\u00fang ta v\u00e0o gi\u1ea5c ng\u1ee7 \u00eam \u00e1i.<\/li>\n<\/ul>\n<p>Xem th\u00eam:\u00a0<a target=\"_blank\" href=\"https:\/\/www.medishop.com.vn\/blogs\/may-massage\/may-massage-xung-dien\" rel=\"noopener\">\u0110\u1eebng v\u1ed9i mua m\u00e1y massage xung \u0111i\u1ec7n khi ch\u01b0a t\u00ecm hi\u1ec3u k\u1ef9<\/a><\/p>\n<div id=\"WidgetFloaterPanels\" style=\"text-align: left;direction: ltr\" class=\"LTRStyle\">\n<div id=\"WidgetFloater\">\n<div id=\"WidgetLogoPanel\"><span><span>TRANSLATE with <\/span><\/span> <span>x<\/span><\/div>\n<div id=\"LanguageMenuPanel\">\n<div class=\"DDStyle_outer\"><span class=\"DDStyle\">English<\/span><\/p>\n<div style=\"position:relative;text-align:left;left:0\">\n<div style=\"position:absolute;width:;left:0px\">\n<div id=\"__LanguageMenu_popup\" class=\"DDStyle\">\n<table id=\"LanguageMenu\" border=\"0\">\n<tbody>\n<tr>\n<td><a href=\"https:\/\/www.medishop.com.vn\/products\/massage-go-nho-lan-tay-lan-chan-massage#ar\">Arabic<\/a><\/td>\n<td><a href=\"https:\/\/www.medishop.com.vn\/products\/massage-go-nho-lan-tay-lan-chan-massage#he\">Hebrew<\/a><\/td>\n<td><a href=\"https:\/\/www.medishop.com.vn\/products\/massage-go-nho-lan-tay-lan-chan-massage#pl\">Polish<\/a><\/td>\n<\/tr>\n<tr>\n<td><a href=\"https:\/\/www.medishop.com.vn\/products\/massage-go-nho-lan-tay-lan-chan-massage#bg\">Bulgarian<\/a><\/td>\n<td><a href=\"https:\/\/www.medishop.com.vn\/products\/massage-go-nho-lan-tay-lan-chan-massage#hi\">Hindi<\/a><\/td>\n<td><a href=\"https:\/\/www.medishop.com.vn\/products\/massage-go-nho-lan-tay-lan-chan-massage#pt\">Portuguese<\/a><\/td>\n<\/tr>\n<tr>\n<td><a href=\"https:\/\/www.medishop.com.vn\/products\/massage-go-nho-lan-tay-lan-chan-massage#ca\">Catalan<\/a><\/td>\n<td><a href=\"https:\/\/www.medishop.com.vn\/products\/massage-go-nho-lan-tay-lan-chan-massage#mww\">Hmong Daw<\/a><\/td>\n<td><a href=\"https:\/\/www.medishop.com.vn\/products\/massage-go-nho-lan-tay-lan-chan-massage#ro\">Romanian<\/a><\/td>\n<\/tr>\n<tr>\n<td><a href=\"https:\/\/www.medishop.com.vn\/products\/massage-go-nho-lan-tay-lan-chan-massage#zh-CHS\">Chinese Simplified<\/a><\/td>\n<td><a href=\"https:\/\/www.medishop.com.vn\/products\/massage-go-nho-lan-tay-lan-chan-massage#hu\">Hungarian<\/a><\/td>\n<td><a href=\"https:\/\/www.medishop.com.vn\/products\/massage-go-nho-lan-tay-lan-chan-massage#ru\">Russian<\/a><\/td>\n<\/tr>\n<tr>\n<td><a href=\"https:\/\/www.medishop.com.vn\/products\/massage-go-nho-lan-tay-lan-chan-massage#zh-CHT\">Chinese Traditional<\/a><\/td>\n<td><a href=\"https:\/\/www.medishop.com.vn\/products\/massage-go-nho-lan-tay-lan-chan-massage#id\">Indonesian<\/a><\/td>\n<td><a href=\"https:\/\/www.medishop.com.vn\/products\/massage-go-nho-lan-tay-lan-chan-massage#sk\">Slovak<\/a><\/td>\n<\/tr>\n<tr>\n<td><a href=\"https:\/\/www.medishop.com.vn\/products\/massage-go-nho-lan-tay-lan-chan-massage#cs\">Czech<\/a><\/td>\n<td><a href=\"https:\/\/www.medishop.com.vn\/products\/massage-go-nho-lan-tay-lan-chan-massage#it\">Italian<\/a><\/td>\n<td><a href=\"https:\/\/www.medishop.com.vn\/products\/massage-go-nho-lan-tay-lan-chan-massage#sl\">Slovenian<\/a><\/td>\n<\/tr>\n<tr>\n<td><a href=\"https:\/\/www.medishop.com.vn\/products\/massage-go-nho-lan-tay-lan-chan-massage#da\">Danish<\/a><\/td>\n<td><a href=\"https:\/\/www.medishop.com.vn\/products\/massage-go-nho-lan-tay-lan-chan-massage#ja\">Japanese<\/a><\/td>\n<td><a href=\"https:\/\/www.medishop.com.vn\/products\/massage-go-nho-lan-tay-lan-chan-massage#es\">Spanish<\/a><\/td>\n<\/tr>\n<tr>\n<td><a href=\"https:\/\/www.medishop.com.vn\/products\/massage-go-nho-lan-tay-lan-chan-massage#nl\">Dutch<\/a><\/td>\n<td><a href=\"https:\/\/www.medishop.com.vn\/products\/massage-go-nho-lan-tay-lan-chan-massage#tlh\">Klingon<\/a><\/td>\n<td><a href=\"https:\/\/www.medishop.com.vn\/products\/massage-go-nho-lan-tay-lan-chan-massage#sv\">Swedish<\/a><\/td>\n<\/tr>\n<tr>\n<td><a href=\"https:\/\/www.medishop.com.vn\/products\/massage-go-nho-lan-tay-lan-chan-massage#en\">English<\/a><\/td>\n<td><a href=\"https:\/\/www.medishop.com.vn\/products\/massage-go-nho-lan-tay-lan-chan-massage#ko\">Korean<\/a><\/td>\n<td><a href=\"https:\/\/www.medishop.com.vn\/products\/massage-go-nho-lan-tay-lan-chan-massage#th\">Thai<\/a><\/td>\n<\/tr>\n<tr>\n<td><a href=\"https:\/\/www.medishop.com.vn\/products\/massage-go-nho-lan-tay-lan-chan-massage#et\">Estonian<\/a><\/td>\n<td><a href=\"https:\/\/www.medishop.com.vn\/products\/massage-go-nho-lan-tay-lan-chan-massage#lv\">Latvian<\/a><\/td>\n<td><a href=\"https:\/\/www.medishop.com.vn\/products\/massage-go-nho-lan-tay-lan-chan-massage#tr\">Turkish<\/a><\/td>\n<\/tr>\n<tr>\n<td><a href=\"https:\/\/www.medishop.com.vn\/products\/massage-go-nho-lan-tay-lan-chan-massage#fi\">Finnish<\/a><\/td>\n<td><a href=\"https:\/\/www.medishop.com.vn\/products\/massage-go-nho-lan-tay-lan-chan-massage#lt\">Lithuanian<\/a><\/td>\n<td><a href=\"https:\/\/www.medishop.com.vn\/products\/massage-go-nho-lan-tay-lan-chan-massage#uk\">Ukrainian<\/a><\/td>\n<\/tr>\n<tr>\n<td><a href=\"https:\/\/www.medishop.com.vn\/products\/massage-go-nho-lan-tay-lan-chan-massage#fr\">French<\/a><\/td>\n<td><a href=\"https:\/\/www.medishop.com.vn\/products\/massage-go-nho-lan-tay-lan-chan-massage#ms\">Malay<\/a><\/td>\n<td><a href=\"https:\/\/www.medishop.com.vn\/products\/massage-go-nho-lan-tay-lan-chan-massage#ur\">Urdu<\/a><\/td>\n<\/tr>\n<tr>\n<td><a href=\"https:\/\/www.medishop.com.vn\/products\/massage-go-nho-lan-tay-lan-chan-massage#de\">German<\/a><\/td>\n<td><a href=\"https:\/\/www.medishop.com.vn\/products\/massage-go-nho-lan-tay-lan-chan-massage#mt\">Maltese<\/a><\/td>\n<td><a href=\"https:\/\/www.medishop.com.vn\/products\/massage-go-nho-lan-tay-lan-chan-massage#vi\">Vietnamese<\/a><\/td>\n<\/tr>\n<tr>\n<td><a href=\"https:\/\/www.medishop.com.vn\/products\/massage-go-nho-lan-tay-lan-chan-massage#el\">Greek<\/a><\/td>\n<td><a href=\"https:\/\/www.medishop.com.vn\/products\/massage-go-nho-lan-tay-lan-chan-massage#no\">Norwegian<\/a><\/td>\n<td><a href=\"https:\/\/www.medishop.com.vn\/products\/massage-go-nho-lan-tay-lan-chan-massage#cy\">Welsh<\/a><\/td>\n<\/tr>\n<tr>\n<td><a href=\"https:\/\/www.medishop.com.vn\/products\/massage-go-nho-lan-tay-lan-chan-massage#ht\">Haitian Creole<\/a><\/td>\n<td><a href=\"https:\/\/www.medishop.com.vn\/products\/massage-go-nho-lan-tay-lan-chan-massage#fa\">Persian<\/a><\/td>\n<td>\u00a0<\/td>\n<\/tr>\n<\/tbody>\n<\/table>\n<\/div>\n<\/div>\n<\/div>\n<\/div>\n<\/div>\n<div id=\"CTFLinksPanel\"><span><a title=\"Get this widget for your own site\"> <\/a> <a title=\"Share translated page with friends\"> <\/a> <\/span><\/div>\n<div id=\"FloaterProgressBar\">\u00a0<\/div>\n<\/div>\n<div id=\"WidgetFloaterCollapsed\"><span>TRANSLATE with <\/span><\/div>\n<div id=\"FloaterSharePanel\">\n<div id=\"ShareTextDiv\"><span>COPY THE URL BELOW <\/span><\/div>\n<div id=\"ShareTextboxDiv\"><!--a id=&quot;TwitterLink&quot; title=&quot;Share on Twitter&quot;&gt; <img id=\"TwitterImg\" \/><\/a>  <img id=\"FacebookImg\" \/>&lt;\/a--><a title=\"Email this translation\"> <\/a><\/div>\n<div id=\"ShareFooter\"><span><a> <\/a><\/span> <span><a title=\"Back To Translation\"> Back<\/a><\/span><\/div>\n<\/div>\n<div id=\"FloaterEmbed\">\n<div id=\"EmbedTextDiv\"><span>EMBED THE SNIPPET BELOW IN YOUR SITE<\/span> <a title=\"Copy this code and place it into your HTML.\"> <\/a><\/div>\n<div id=\"EmbedTextboxDiv\">\u00a0<\/div>\n<div id=\"EmbedNoticeDiv\"><span>Enable collaborative features and customize widget: <a target=\"_blank\" href=\"http:\/\/www.bing.com\/widget\/translator\" rel=\"noopener\">Bing Webmaster Portal<\/a><\/span><\/div>\n<div id=\"EmbedFooterDiv\"><span><a title=\"Back To Translation\">Back<\/a><\/span><\/div>\n<\/div>\n<\/div>\n<p>\t$(&#8216;p:contains(&#8220;Phan &#272;&#259;ng L&#432;u&#8221;)&#8217;).html(`<\/p>\n<p style=\"text-align: center\"><strong><img decoding=\"async\" style=\"max-width: 100%;height: auto\" src=\"https:\/\/file.hstatic.net\/1000225641\/file\/25x25_f69545ac614b41bf95ccc6e0452a0155_grande.png\">360 Nguy&#7877;n V&#259;n Nghi, P.7, Q. G&ograve; V&#7845;p`);<\/p>\n<p>$(&#8216;p:contains(&#8220;addremove&#8221;)&#8217;).remove()<br \/>\n\t\t setTimeout(() =&gt; {<\/p>\n<p>           if(window.location.href.includes(&#8220;nhiet-ke-hong-ngoai-do-tran-microlife-nc200-new&#8221;)||window.location.href.includes(&#8220;khung-tap-di-co-ghe-ngoi&#8221;)||window.location.href.includes(&#8220;khung-tap-di-khong-ghe-ngoi&#8221;)||window.location.href.includes(&#8220;nhiet-ke-hong-ngoai-do-tran-mdf-usa&#8221;)) {<br \/>\n\t\t\/\/$(&#8220;#anchor-spec&#8221;).hide();<br \/>\n\t}<br \/>\n       }, 500);<\/p>\n<p> \t\t\t\/*<br \/>\n\t$(&#8220;#anchor-info img&#8221;).each(function() {<br \/>\n    \t\t$(this).addClass(&#8220;lazy&#8221;)<br \/>\n        $(this).attr(&#8220;data-src&#8221;,$(this).attr(&#8220;src&#8221;));<br \/>\n        $(this).attr(&#8220;src&#8221;,&#8217;\/\/hstatic.net\/0\/0\/global\/design\/theme-default\/no-image.png&#8217;);<\/p>\n<p>    });*\/<\/p>\n<p>$(&#8220;.prod-offer&#8221;).clone().appendTo(&#8220;.call2action&#8221;);<\/p>\n<p>$(&#8220;.call2action&#8221;).each(function(index){<\/p>\n<p>\t$(this).find(&#8216;input&#8217;).each(function(){<br \/>\n\t\t$(this).attr(&#8216;id&#8217;,$(this).attr(&#8216;id&#8217;)+index)<br \/>\n\t})<br \/>\n\t\t$(this).find(&#8216;label&#8217;).each(function(){<br \/>\n\t\t\t\t$(this).attr(&#8216;for&#8217;,$(this).attr(&#8216;for&#8217;)+index)<\/p>\n<p>\t})<br \/>\n})<\/p>\n<p>$(&#8220;.call2action .info-support,.call2action .detail-info-phone&#8221;).remove()<br \/>\n$(&#8220;.call2action&gt;div&#8221;).removeClass(&#8216;col-sm-8&#8217;);<br \/>\n$(&#8220;.call2action .send-support&#8221;).removeAttr(&#8216;onclick&#8217;);<br \/>\n$(&#8220;.call2action .send-support&#8221;).attr(&#8220;href&#8221;,&#8221;tel:0906.960.800&#8243;);<br \/>\n\t\t\t\t\t$(&#8220;.call2action .send-support .text-btn&#8221;).text(&#8220;0906.960.800&#8221;);<br \/>\n$(&#8220;.call2action&gt;div&#8221;).removeClass(&#8216;col-xs-12&#8217;)<br \/>\n\t$(&#8220;.call2action .variants .col-lg-8&#8221;).removeClass(&#8220;col-lg-8&#8221;).addClass(&#8220;col-lg-12&#8221;);<br \/>\n\t$(&#8220;.call2action .formphone&#8221;).attr(&#8220;style&#8221;,&#8221;width:340px&#8221;);<\/p>\n<div class=\"seemore hide\"> <a href=\"\">Xem th\u00eam chi ti\u1ebft<\/a><\/div>\n<\/p><\/div>\n","protected":false},"excerpt":{"rendered":"<p>Massage G\u1ed7 Nh\u1ecf (l\u0103n tay &#8211; l\u0103n ch\u00e2n massage)\u00a0\u0111\u01b0\u1ee3c s\u1ea3n xu\u1ea5t b\u1eb1ng g\u1ed7 \u0111\u00e3 qua s\u1eed l\u00fd ch\u1ed1ng \u1ea9m m\u1ed1c.\u00a0 Ch\u1ea5t li\u1ec7u: \u00a0G\u1ed7 l\u00f5i l\u0103n th\u00e9p. C\u1ea5u t\u1ea1o s\u1ea3n ph\u1ea9m g\u1ed3m g\u1ed3m 10 tr\u1ee5c l\u0103n g\u1ed7 c\u00f3 gai n\u1eb1m ngang c\u00f3 t\u00e1c d\u1ee5ng massage l\u00f2ng b\u00e0n ch\u00e2n. S\u1ea3n ph\u1ea9m ph\u00f9 h\u1ee3p cho c\u1ea3 gia \u0111\u00ecnh. &#8230;<\/p>\n","protected":false},"featured_media":1181,"comment_status":"closed","ping_status":"closed","template":"","meta":[],"product_cat":[66],"product_tag":[],"class_list":{"0":"post-1180","1":"product","2":"type-product","3":"status-publish","4":"has-post-thumbnail","6":"product_cat-tui-chuom-nong-lanh","8":"first","9":"instock","10":"shipping-taxable","11":"purchasable","12":"product-type-simple"},"_links":{"self":[{"href":"https:\/\/dungcutrilieu.com\/index.php?rest_route=\/wp\/v2\/product\/1180"}],"collection":[{"href":"https:\/\/dungcutrilieu.com\/index.php?rest_route=\/wp\/v2\/product"}],"about":[{"href":"https:\/\/dungcutrilieu.com\/index.php?rest_route=\/wp\/v2\/types\/product"}],"replies":[{"embeddable":true,"href":"https:\/\/dungcutrilieu.com\/index.php?rest_route=%2Fwp%2Fv2%2Fcomments&post=1180"}],"wp:featuredmedia":[{"embeddable":true,"href":"https:\/\/dungcutrilieu.com\/index.php?rest_route=\/wp\/v2\/media\/1181"}],"wp:attachment":[{"href":"https:\/\/dungcutrilieu.com\/index.php?rest_route=%2Fwp%2Fv2%2Fmedia&parent=1180"}],"wp:term":[{"taxonomy":"product_cat","embeddable":true,"href":"https:\/\/dungcutrilieu.com\/index.php?rest_route=%2Fwp%2Fv2%2Fproduct_cat&post=1180"},{"taxonomy":"product_tag","embeddable":true,"href":"https:\/\/dungcutrilieu.com\/index.php?rest_route=%2Fwp%2Fv2%2Fproduct_tag&post=1180"}],"curies":[{"name":"wp","href":"https:\/\/api.w.org\/{rel}","templated":true}]}}