{"id":1184,"date":"2024-07-09T04:18:11","date_gmt":"2024-07-09T04:18:11","guid":{"rendered":"https:\/\/dungcutrilieu.com\/?product=vien-sat-trung-presept"},"modified":"2024-07-09T04:18:14","modified_gmt":"2024-07-09T04:18:14","slug":"vien-sat-trung-presept","status":"publish","type":"product","link":"https:\/\/dungcutrilieu.com\/?product=vien-sat-trung-presept","title":{"rendered":"Vi\u00ean S\u00e1t Tr\u00f9ng Presept"},"content":{"rendered":"<\/p>\n<div class=\"prod-descp body-content\" id=\"anchor-info\">\n<p><a href=\"https:\/\/www.medishop.com.vn\/products\/vien-sat-trung-presept\"><strong>Vi\u00ean S\u00e1t Tr\u00f9ng Presept<\/strong><\/a><\/p>\n<p><strong>T\u00e1c d\u1ee5ng:<\/strong>\u00a0Di\u1ec7t khu\u1ea9n nhanh, ph\u1ed5 t\u00e1c d\u1ee5ng r\u1ed9ng c\u00f3 t\u00e1c d\u1ee5ng \u0111\u1ed1i v\u1edbi t\u1ea5t c\u1ea3 c\u00e1c lo\u1ea1i vi khu\u1ea9n sinh d\u01b0\u1ee1ng, n\u1ea5m, virus v\u00e0 nha b\u00e0o. S\u1eed d\u1ee5ng \u0111\u1ec3 kh\u1eed khu\u1ea9n b\u1ec1 m\u1eb7t, \u0111\u1ed3 v\u1ea3i, \u0111\u1ed3 th\u1ee7y tinh v\u00e0 c\u00e1c thi\u1ebft b\u1ecb ph\u00f2ng m\u1ed5, ph\u00f2ng \u0111\u1ebb, ph\u00f2ng b\u1ec7nh, c\u00e1c labo x\u00e9t nghi\u1ec7m c\u0169ng nh\u01b0 trong kh\u1eed khu\u1ea9n b\u1ec7nh vi\u1ec7n n\u00f3i chung.<\/p>\n<p style=\"text-align: center\"><img decoding=\"async\" src=\"https:\/\/dungcutrilieu.com\/wp-content\/uploads\/2024\/07\/vien-sat-trung-presept_8244caebb39340109d8fa257ada1351c.jpg\" title=\"vien-sat-trung-presept_8244caebb39340109d8fa257ada1351c\"><\/p>\n<p style=\"text-align: center\"><em>(Tr\u1ecdn b\u1ed9 s\u1ea3n ph\u1ea9m)<\/em><\/p>\n<p><strong>Th\u00e0nh Ph\u1ea7n:\u00a0<\/strong>Natri Troclosene (Natri Dichloroisocyanurate) 50% (kl\/kl)<\/p>\n<p><span><strong>C\u00e1ch d\u00f9ng<\/strong>:<\/span><\/p>\n<p style=\"text-align: center\"><img decoding=\"async\" src=\"https:\/\/dungcutrilieu.com\/wp-content\/uploads\/2024\/07\/huong_dan_sat_trung_presept_8c6f6081f35647ea86ee80b36ace44fd.jpg\" title=\"huong_dan_sat_trung_presept_8c6f6081f35647ea86ee80b36ace44fd\"><\/p>\n<p><strong>B\u1ea3o Qu\u1ea3n<\/strong><\/p>\n<ul>\n<li><span>B\u1ea3o qu\u1ea3n n\u01a1i kh\u00f4 tho\u00e1ng, tr\u00e1nh \u00e1nh n\u1eafng tr\u1ef1c ti\u1ebfp.<\/span><\/li>\n<\/ul>\n<p><strong>Quy c\u00e1ch: <\/strong>M\u1ed7i h\u1ed9p ch\u1ee9a 100 vi\u00ean, m\u1ed7i vi\u00ean 5g ch\u1ee9a 2,5g ho\u1ea1t ch\u1ea5t<\/p>\n<p>\t$(&#8216;p:contains(&#8220;Phan &#272;&#259;ng L&#432;u&#8221;)&#8217;).html(`<\/p>\n<p style=\"text-align: center\"><strong><img decoding=\"async\" style=\"max-width: 100%;height: auto\" src=\"https:\/\/file.hstatic.net\/1000225641\/file\/25x25_f69545ac614b41bf95ccc6e0452a0155_grande.png\">360 Nguy&#7877;n V&#259;n Nghi, P.7, Q. G&ograve; V&#7845;p`);<\/p>\n<p>$(&#8216;p:contains(&#8220;addremove&#8221;)&#8217;).remove()<br \/>\n\t\t setTimeout(() =&gt; {<\/p>\n<p>           if(window.location.href.includes(&#8220;nhiet-ke-hong-ngoai-do-tran-microlife-nc200-new&#8221;)||window.location.href.includes(&#8220;khung-tap-di-co-ghe-ngoi&#8221;)||window.location.href.includes(&#8220;khung-tap-di-khong-ghe-ngoi&#8221;)||window.location.href.includes(&#8220;nhiet-ke-hong-ngoai-do-tran-mdf-usa&#8221;)) {<br \/>\n\t\t\/\/$(&#8220;#anchor-spec&#8221;).hide();<br \/>\n\t}<br \/>\n       }, 500);<\/p>\n<p> \t\t\t\/*<br \/>\n\t$(&#8220;#anchor-info img&#8221;).each(function() {<br \/>\n    \t\t$(this).addClass(&#8220;lazy&#8221;)<br \/>\n        $(this).attr(&#8220;data-src&#8221;,$(this).attr(&#8220;src&#8221;));<br \/>\n        $(this).attr(&#8220;src&#8221;,&#8217;\/\/hstatic.net\/0\/0\/global\/design\/theme-default\/no-image.png&#8217;);<\/p>\n<p>    });*\/<\/p>\n<p>$(&#8220;.prod-offer&#8221;).clone().appendTo(&#8220;.call2action&#8221;);<\/p>\n<p>$(&#8220;.call2action&#8221;).each(function(index){<\/p>\n<p>\t$(this).find(&#8216;input&#8217;).each(function(){<br \/>\n\t\t$(this).attr(&#8216;id&#8217;,$(this).attr(&#8216;id&#8217;)+index)<br \/>\n\t})<br \/>\n\t\t$(this).find(&#8216;label&#8217;).each(function(){<br \/>\n\t\t\t\t$(this).attr(&#8216;for&#8217;,$(this).attr(&#8216;for&#8217;)+index)<\/p>\n<p>\t})<br \/>\n})<\/p>\n<p>$(&#8220;.call2action .info-support,.call2action .detail-info-phone&#8221;).remove()<br \/>\n$(&#8220;.call2action&gt;div&#8221;).removeClass(&#8216;col-sm-8&#8217;);<br \/>\n$(&#8220;.call2action .send-support&#8221;).removeAttr(&#8216;onclick&#8217;);<br \/>\n$(&#8220;.call2action .send-support&#8221;).attr(&#8220;href&#8221;,&#8221;tel:0906.960.800&#8243;);<br \/>\n\t\t\t\t\t$(&#8220;.call2action .send-support .text-btn&#8221;).text(&#8220;0906.960.800&#8221;);<br \/>\n$(&#8220;.call2action&gt;div&#8221;).removeClass(&#8216;col-xs-12&#8217;)<br \/>\n\t$(&#8220;.call2action .variants .col-lg-8&#8221;).removeClass(&#8220;col-lg-8&#8221;).addClass(&#8220;col-lg-12&#8221;);<br \/>\n\t$(&#8220;.call2action .formphone&#8221;).attr(&#8220;style&#8221;,&#8221;width:340px&#8221;);<\/p>\n<div class=\"seemore hide\"> <a href=\"\">Xem th\u00eam chi ti\u1ebft<\/a><\/div>\n<\/p><\/div>\n","protected":false},"excerpt":{"rendered":"<p>Vi\u00ean S\u00e1t Tr\u00f9ng Presept T\u00e1c d\u1ee5ng:\u00a0Di\u1ec7t khu\u1ea9n nhanh, ph\u1ed5 t\u00e1c d\u1ee5ng r\u1ed9ng c\u00f3 t\u00e1c d\u1ee5ng \u0111\u1ed1i v\u1edbi t\u1ea5t c\u1ea3 c\u00e1c lo\u1ea1i vi khu\u1ea9n sinh d\u01b0\u1ee1ng, n\u1ea5m, virus v\u00e0 nha b\u00e0o. S\u1eed d\u1ee5ng \u0111\u1ec3 kh\u1eed khu\u1ea9n b\u1ec1 m\u1eb7t, \u0111\u1ed3 v\u1ea3i, \u0111\u1ed3 th\u1ee7y tinh v\u00e0 c\u00e1c thi\u1ebft b\u1ecb ph\u00f2ng m\u1ed5, ph\u00f2ng \u0111\u1ebb, ph\u00f2ng b\u1ec7nh, c\u00e1c labo x\u00e9t &#8230;<\/p>\n","protected":false},"featured_media":1185,"comment_status":"closed","ping_status":"closed","template":"","meta":[],"product_cat":[53],"product_tag":[],"class_list":{"0":"post-1184","1":"product","2":"type-product","3":"status-publish","4":"has-post-thumbnail","6":"product_cat-dau-massage","8":"first","9":"instock","10":"shipping-taxable","11":"purchasable","12":"product-type-simple"},"_links":{"self":[{"href":"https:\/\/dungcutrilieu.com\/index.php?rest_route=\/wp\/v2\/product\/1184"}],"collection":[{"href":"https:\/\/dungcutrilieu.com\/index.php?rest_route=\/wp\/v2\/product"}],"about":[{"href":"https:\/\/dungcutrilieu.com\/index.php?rest_route=\/wp\/v2\/types\/product"}],"replies":[{"embeddable":true,"href":"https:\/\/dungcutrilieu.com\/index.php?rest_route=%2Fwp%2Fv2%2Fcomments&post=1184"}],"wp:featuredmedia":[{"embeddable":true,"href":"https:\/\/dungcutrilieu.com\/index.php?rest_route=\/wp\/v2\/media\/1185"}],"wp:attachment":[{"href":"https:\/\/dungcutrilieu.com\/index.php?rest_route=%2Fwp%2Fv2%2Fmedia&parent=1184"}],"wp:term":[{"taxonomy":"product_cat","embeddable":true,"href":"https:\/\/dungcutrilieu.com\/index.php?rest_route=%2Fwp%2Fv2%2Fproduct_cat&post=1184"},{"taxonomy":"product_tag","embeddable":true,"href":"https:\/\/dungcutrilieu.com\/index.php?rest_route=%2Fwp%2Fv2%2Fproduct_tag&post=1184"}],"curies":[{"name":"wp","href":"https:\/\/api.w.org\/{rel}","templated":true}]}}