{"id":1191,"date":"2024-07-09T12:06:00","date_gmt":"2024-07-09T12:06:00","guid":{"rendered":"https:\/\/dungcutrilieu.com\/?product=dung-dich-rua-tay-sat-khuan-clincare-500ml"},"modified":"2024-07-09T12:06:02","modified_gmt":"2024-07-09T12:06:02","slug":"dung-dich-rua-tay-sat-khuan-clincare-500ml","status":"publish","type":"product","link":"https:\/\/dungcutrilieu.com\/?product=dung-dich-rua-tay-sat-khuan-clincare-500ml","title":{"rendered":"Dung D\u1ecbch R\u1eeda Tay S\u00e1t Khu\u1ea9n Clincare 500ml"},"content":{"rendered":"<\/p>\n<div class=\"prod-descp body-content\" id=\"anchor-info\">\n<p><span>M\u1ed9t trong nh\u1eefng bi\u1ec7n ph\u00e1p ph\u00f2ng <strong>ch\u1ed1ng c\u00fam<\/strong> h\u1eefu hi\u1ec7u l\u00e0 r\u1eeda tay di\u1ec7t khu\u1ea9n. Trong tr\u01b0\u1eddng h\u1ee3p c\u1ea7n s\u00e1t khu\u1ea9n tay nhanh, b\u1ea1n c\u00f3 th\u1ec3 d\u00f9ng CLINCARE l\u00e0 dung d\u1ecbch s\u00e1t khu\u1ea9n tay nhanh kh\u00f4ng c\u1ea7n r\u1eeda l\u1ea1i v\u1edbi n\u01b0\u1edbc do OPODIS PHARMA nghi\u00ean c\u1ee9u s\u1ea3n xu\u1ea5t.<\/span><br \/><span><a href=\"https:\/\/www.medishop.com.vn\/products\/dung-dich-rua-tay-sat-khuan-clincare-500ml\"><strong>Dung D\u1ecbch R\u1eeda Tay S\u00e1t Khu\u1ea9n Clincare 500ml<\/strong><\/a> di\u1ec7t khu\u1ea9n m\u1ea1nh, t\u1ee9c th\u00ec v\u1edbi ph\u1ed5 r\u1ed9ng v\u00e0 c\u00f3 t\u00e1c d\u1ee5ng k\u00e9o d\u00e0i. Clincare \u0111\u00e3 \u0111\u01b0\u1ee3c s\u1eed d\u1ee5ng an to\u00e0n, h\u1eefu hi\u1ec7u t\u1ea1i c\u00e1c tuy\u1ebfn \u0111i\u1ec1u tr\u1ecb ng\u00e0nh y t\u1ebf v\u00e0 y t\u1ebf d\u1ef1 ph\u00f2ng.<\/span><\/p>\n<p><img decoding=\"async\" style=\"margin-left: auto;margin-right: auto\" src=\"https:\/\/dungcutrilieu.com\/wp-content\/uploads\/2024\/07\/dung-dich-sat-khuan-tay-clincare-500ml-2_c859d37541dc40c68f9e316fe4afd6fe.jpg\" title=\"dung-dich-sat-khuan-tay-clincare-500ml-2_c859d37541dc40c68f9e316fe4afd6fe\"><\/p>\n<p style=\"text-align: center\"><em>(Tr\u1ecdn b\u1ed9 s\u1ea3n ph\u1ea9m c\u00f3 v\u00f2i x\u1ecbt)<\/em><\/p>\n<p><strong>Th\u00e0nh Ph\u1ea7n:\u00a0<\/strong><\/p>\n<ul>\n<li>Ethanol 76%<\/li>\n<li>Chlorhexidine Gluconate 0.5%<\/li>\n<li>Alpha \u2013 Terpineol 0.5%<\/li>\n<li>Vitamin E v\u00e0 t\u00e1 d\u01b0\u1ee3c d\u1eef\u1ee1ng da<\/li>\n<\/ul>\n<p><img decoding=\"async\" style=\"margin-left: auto;margin-right: auto\" src=\"https:\/\/dungcutrilieu.com\/wp-content\/uploads\/2024\/07\/dung-dich-sat-khuan-tay-clincare-500ml-3_61217ab64a1e4d938d4fa77048cdd1d1.jpg\" title=\"dung-dich-sat-khuan-tay-clincare-500ml-3_61217ab64a1e4d938d4fa77048cdd1d1\"><\/p>\n<p style=\"text-align: center\"><em>(Di\u1ec7t s\u1ea1ch vi khu\u1ea9n, kh\u00f4ng h\u1ea1i da tay)<\/em><\/p>\n<p><span><strong>C\u00f4ng d\u1ee5ng<\/strong>:<br \/>\u00a0 \u00a0 \u00a0 T\u00e1c d\u1ee5ng s\u00e1t khu\u1ea9n v\u1edbi ph\u1ed5 r\u1ed9ng, nhanh ch\u00f3ng ti\u00eau di\u1ec7t to\u00e0n ho\u00e0n c\u00e1c vi khu\u1ea9n Gram (-), Gram (+) bao g\u1ed3m tr\u1ef1c khu\u1ea9n lao, tr\u1ef1c khu\u1ea9n m\u1ee7 xanh, c\u00e1c ch\u1ee7ng n\u1ea5m b\u1ec7nh, virus c\u00fam A\/H1N1, H5N1, Enterovirus (EV71), virus HIV v\u00e0 c\u00f3 t\u00e1c \u0111\u1ed9ng kh\u00e1ng khu\u1ea9n tr\u00ean 02 gi\u1edd.<br \/><strong>\u0110\u1ed1i t\u01b0\u1ee3ng s\u1eed d\u1ee5ng<\/strong>:<br \/>\u00a0 \u00a0 \u00a0D\u00f9ng \u0111\u1ec3 s\u00e1t khu\u1ea9n nhanh, v\u00f4 tr\u00f9ng tay cho ph\u1eabu thu\u1eadt vi\u00ean, s\u00e1t khu\u1ea9n b\u00e0n tay th\u01b0\u1eddng qui cho nh\u00e2n vi\u00ean y t\u1ebf h\u1ec7 \u0111i\u1ec1u tr\u1ecb v\u00e0 d\u1ef1 ph\u00f2ng.<br \/><strong>C\u00e1ch d\u00f9ng<\/strong>:<\/span><\/p>\n<ul>\n<li>Cho 3ml -5ml dung d\u1ecbch\u00a0<strong>CLINCARE<\/strong> l\u00ean l\u00f2ng b\u00e0n tay v\u00e0 b\u1eaft \u0111\u1ea7u ch\u00e0 b\u00e0n tay theo quy tr\u00ecnh r\u1eeda tay th\u01b0\u1eddng quy.<\/li>\n<li>\u0110\u1ea3m b\u1ea3o to\u00e0n b\u1ed9 b\u1ec1 m\u1eb7t da lu\u00f4n \u01b0\u1edbt v\u00e0 \u0111\u01b0\u1ee3c bao ph\u1ee7 to\u00e0n b\u1ed9 b\u1edfi dung d\u1ecbch ch\u1ebf ph\u1ea9m trong t\u1ed1i thi\u1ec3u 20 gi\u00e2y.<\/li>\n<li>\u0110\u1ec3 tay kh\u00f4 t\u1ef1 nhi\u00ean v\u00e0 kh\u00f4ng r\u1eeda l\u1ea1i b\u1eb1ng n\u01b0\u1edbc.<\/li>\n<li>C\u00f3 th\u1ec3 d\u00f9ng nhi\u1ec1u l\u1ea7n trong ng\u00e0y.<\/li>\n<\/ul>\n<p><strong>B\u1ea3o Qu\u1ea3n<\/strong><\/p>\n<ul>\n<li><span>D\u1ec5 ch\u00e1y v\u00e0 bay h\u01a1i khi ti\u1ebfp x\u00fac v\u1edbi ng\u1ecdn l\u1eeda. <\/span><\/li>\n<li><span>B\u1ea3o qu\u1ea3n n\u01a1i kh\u00f4 tho\u00e1ng, tr\u00e1nh \u00e1nh n\u1eafng tr\u1ef1c ti\u1ebfp.<\/span><\/li>\n<li><span>\u0110\u1ec3 tr\u00e1nh xa ngu\u1ed3n nhi\u1ec7t v\u00e0 ng\u1ecdn l\u1eeda.<\/span><\/li>\n<\/ul>\n<p><strong>Quy c\u00e1ch: <\/strong>12 chai\/th\u00f9ng<\/p>\n<div id=\"WidgetFloaterPanels\" style=\"text-align: left;direction: ltr\" class=\"LTRStyle\">\n<div id=\"WidgetFloater\">\n<div id=\"WidgetLogoPanel\"><span><span>TRANSLATE with <\/span><img><\/span> <span>x<\/span><\/div>\n<div id=\"LanguageMenuPanel\">\n<div class=\"DDStyle_outer\">  <span class=\"DDStyle\">English<\/span><\/p>\n<div style=\"position:relative;text-align:left;left:0\">\n<div style=\"position:absolute;width:;left:0px\">\n<div class=\"DDStyle\" id=\"__LanguageMenu_popup\">\n<table id=\"LanguageMenu\" border=\"0\">\n<tbody>\n<tr>\n<td><a href=\"https:\/\/www.medishop.com.vn\/products\/dung-dich-rua-tay-sat-khuan-clincare-500ml#ar\">Arabic<\/a><\/td>\n<td><a href=\"https:\/\/www.medishop.com.vn\/products\/dung-dich-rua-tay-sat-khuan-clincare-500ml#he\">Hebrew<\/a><\/td>\n<td><a href=\"https:\/\/www.medishop.com.vn\/products\/dung-dich-rua-tay-sat-khuan-clincare-500ml#pl\">Polish<\/a><\/td>\n<\/tr>\n<tr>\n<td><a href=\"https:\/\/www.medishop.com.vn\/products\/dung-dich-rua-tay-sat-khuan-clincare-500ml#bg\">Bulgarian<\/a><\/td>\n<td><a href=\"https:\/\/www.medishop.com.vn\/products\/dung-dich-rua-tay-sat-khuan-clincare-500ml#hi\">Hindi<\/a><\/td>\n<td><a href=\"https:\/\/www.medishop.com.vn\/products\/dung-dich-rua-tay-sat-khuan-clincare-500ml#pt\">Portuguese<\/a><\/td>\n<\/tr>\n<tr>\n<td><a href=\"https:\/\/www.medishop.com.vn\/products\/dung-dich-rua-tay-sat-khuan-clincare-500ml#ca\">Catalan<\/a><\/td>\n<td><a href=\"https:\/\/www.medishop.com.vn\/products\/dung-dich-rua-tay-sat-khuan-clincare-500ml#mww\">Hmong Daw<\/a><\/td>\n<td><a href=\"https:\/\/www.medishop.com.vn\/products\/dung-dich-rua-tay-sat-khuan-clincare-500ml#ro\">Romanian<\/a><\/td>\n<\/tr>\n<tr>\n<td><a href=\"https:\/\/www.medishop.com.vn\/products\/dung-dich-rua-tay-sat-khuan-clincare-500ml#zh-CHS\">Chinese Simplified<\/a><\/td>\n<td><a href=\"https:\/\/www.medishop.com.vn\/products\/dung-dich-rua-tay-sat-khuan-clincare-500ml#hu\">Hungarian<\/a><\/td>\n<td><a href=\"https:\/\/www.medishop.com.vn\/products\/dung-dich-rua-tay-sat-khuan-clincare-500ml#ru\">Russian<\/a><\/td>\n<\/tr>\n<tr>\n<td><a href=\"https:\/\/www.medishop.com.vn\/products\/dung-dich-rua-tay-sat-khuan-clincare-500ml#zh-CHT\">Chinese Traditional<\/a><\/td>\n<td><a href=\"https:\/\/www.medishop.com.vn\/products\/dung-dich-rua-tay-sat-khuan-clincare-500ml#id\">Indonesian<\/a><\/td>\n<td><a href=\"https:\/\/www.medishop.com.vn\/products\/dung-dich-rua-tay-sat-khuan-clincare-500ml#sk\">Slovak<\/a><\/td>\n<\/tr>\n<tr>\n<td><a href=\"https:\/\/www.medishop.com.vn\/products\/dung-dich-rua-tay-sat-khuan-clincare-500ml#cs\">Czech<\/a><\/td>\n<td><a href=\"https:\/\/www.medishop.com.vn\/products\/dung-dich-rua-tay-sat-khuan-clincare-500ml#it\">Italian<\/a><\/td>\n<td><a href=\"https:\/\/www.medishop.com.vn\/products\/dung-dich-rua-tay-sat-khuan-clincare-500ml#sl\">Slovenian<\/a><\/td>\n<\/tr>\n<tr>\n<td><a href=\"https:\/\/www.medishop.com.vn\/products\/dung-dich-rua-tay-sat-khuan-clincare-500ml#da\">Danish<\/a><\/td>\n<td><a href=\"https:\/\/www.medishop.com.vn\/products\/dung-dich-rua-tay-sat-khuan-clincare-500ml#ja\">Japanese<\/a><\/td>\n<td><a href=\"https:\/\/www.medishop.com.vn\/products\/dung-dich-rua-tay-sat-khuan-clincare-500ml#es\">Spanish<\/a><\/td>\n<\/tr>\n<tr>\n<td><a href=\"https:\/\/www.medishop.com.vn\/products\/dung-dich-rua-tay-sat-khuan-clincare-500ml#nl\">Dutch<\/a><\/td>\n<td><a href=\"https:\/\/www.medishop.com.vn\/products\/dung-dich-rua-tay-sat-khuan-clincare-500ml#tlh\">Klingon<\/a><\/td>\n<td><a href=\"https:\/\/www.medishop.com.vn\/products\/dung-dich-rua-tay-sat-khuan-clincare-500ml#sv\">Swedish<\/a><\/td>\n<\/tr>\n<tr>\n<td><a href=\"https:\/\/www.medishop.com.vn\/products\/dung-dich-rua-tay-sat-khuan-clincare-500ml#en\">English<\/a><\/td>\n<td><a href=\"https:\/\/www.medishop.com.vn\/products\/dung-dich-rua-tay-sat-khuan-clincare-500ml#ko\">Korean<\/a><\/td>\n<td><a href=\"https:\/\/www.medishop.com.vn\/products\/dung-dich-rua-tay-sat-khuan-clincare-500ml#th\">Thai<\/a><\/td>\n<\/tr>\n<tr>\n<td><a href=\"https:\/\/www.medishop.com.vn\/products\/dung-dich-rua-tay-sat-khuan-clincare-500ml#et\">Estonian<\/a><\/td>\n<td><a href=\"https:\/\/www.medishop.com.vn\/products\/dung-dich-rua-tay-sat-khuan-clincare-500ml#lv\">Latvian<\/a><\/td>\n<td><a href=\"https:\/\/www.medishop.com.vn\/products\/dung-dich-rua-tay-sat-khuan-clincare-500ml#tr\">Turkish<\/a><\/td>\n<\/tr>\n<tr>\n<td><a href=\"https:\/\/www.medishop.com.vn\/products\/dung-dich-rua-tay-sat-khuan-clincare-500ml#fi\">Finnish<\/a><\/td>\n<td><a href=\"https:\/\/www.medishop.com.vn\/products\/dung-dich-rua-tay-sat-khuan-clincare-500ml#lt\">Lithuanian<\/a><\/td>\n<td><a href=\"https:\/\/www.medishop.com.vn\/products\/dung-dich-rua-tay-sat-khuan-clincare-500ml#uk\">Ukrainian<\/a><\/td>\n<\/tr>\n<tr>\n<td><a href=\"https:\/\/www.medishop.com.vn\/products\/dung-dich-rua-tay-sat-khuan-clincare-500ml#fr\">French<\/a><\/td>\n<td><a href=\"https:\/\/www.medishop.com.vn\/products\/dung-dich-rua-tay-sat-khuan-clincare-500ml#ms\">Malay<\/a><\/td>\n<td><a href=\"https:\/\/www.medishop.com.vn\/products\/dung-dich-rua-tay-sat-khuan-clincare-500ml#ur\">Urdu<\/a><\/td>\n<\/tr>\n<tr>\n<td><a href=\"https:\/\/www.medishop.com.vn\/products\/dung-dich-rua-tay-sat-khuan-clincare-500ml#de\">German<\/a><\/td>\n<td><a href=\"https:\/\/www.medishop.com.vn\/products\/dung-dich-rua-tay-sat-khuan-clincare-500ml#mt\">Maltese<\/a><\/td>\n<td><a href=\"https:\/\/www.medishop.com.vn\/products\/dung-dich-rua-tay-sat-khuan-clincare-500ml#vi\">Vietnamese<\/a><\/td>\n<\/tr>\n<tr>\n<td><a href=\"https:\/\/www.medishop.com.vn\/products\/dung-dich-rua-tay-sat-khuan-clincare-500ml#el\">Greek<\/a><\/td>\n<td><a href=\"https:\/\/www.medishop.com.vn\/products\/dung-dich-rua-tay-sat-khuan-clincare-500ml#no\">Norwegian<\/a><\/td>\n<td><a href=\"https:\/\/www.medishop.com.vn\/products\/dung-dich-rua-tay-sat-khuan-clincare-500ml#cy\">Welsh<\/a><\/td>\n<\/tr>\n<tr>\n<td><a href=\"https:\/\/www.medishop.com.vn\/products\/dung-dich-rua-tay-sat-khuan-clincare-500ml#ht\">Haitian Creole<\/a><\/td>\n<td><a href=\"https:\/\/www.medishop.com.vn\/products\/dung-dich-rua-tay-sat-khuan-clincare-500ml#fa\">Persian<\/a><\/td>\n<td>\u00a0<\/td>\n<\/tr>\n<\/tbody>\n<\/table>\n<p><img style=\"height:7px;width:17px;border-width:0px;left:20px\"><\/div>\n<\/div>\n<\/div>\n<\/div>\n<\/div>\n<div id=\"CTFLinksPanel\"><span><a title=\"Help\" target=\"_blank\" href=\"https:\/\/go.microsoft.com\/?linkid=9722454\" rel=\"noopener\"><img><\/a> <a title=\"Get this widget for your own site\"> <img><\/a> <a title=\"Share translated page with friends\"> <img><\/a> <\/span><\/div>\n<div id=\"FloaterProgressBar\">\u00a0<\/div>\n<\/div>\n<div id=\"WidgetFloaterCollapsed\"><span>TRANSLATE with <\/span><img><\/div>\n<div id=\"FloaterSharePanel\">\n<div id=\"ShareTextDiv\"><span>COPY THE URL BELOW <\/span><\/div>\n<div id=\"ShareTextboxDiv\"> <!--a id=&quot;TwitterLink&quot; title=&quot;Share on Twitter&quot;&gt; <img id=\"TwitterImg\" \/><\/a>  <img id=\"FacebookImg\" \/>&lt;\/a--> <a title=\"Email this translation\"> <img><\/a><\/div>\n<div id=\"ShareFooter\"><span><a> <img><\/a><\/span> <span><a title=\"Back To Translation\"> Back<\/a><\/span><\/div>\n<\/p><\/div>\n<div id=\"FloaterEmbed\">\n<div id=\"EmbedTextDiv\"><span>EMBED THE SNIPPET BELOW IN YOUR SITE<\/span> <a title=\"Copy this code and place it into your HTML.\"> <img><\/a><\/div>\n<div id=\"EmbedTextboxDiv\"><\/div>\n<div id=\"EmbedNoticeDiv\"><span>Enable collaborative features and customize widget: <a href=\"http:\/\/www.bing.com\/widget\/translator\" target=\"_blank\" rel=\"noopener\">Bing Webmaster Portal<\/a><\/span><\/div>\n<div id=\"EmbedFooterDiv\"><span><a title=\"Back To Translation\">Back<\/a><\/span><\/div>\n<\/div>\n<\/div>\n<p>\t$(&#8216;p:contains(&#8220;Phan &#272;&#259;ng L&#432;u&#8221;)&#8217;).html(`<\/p>\n<p style=\"text-align: center\"><strong><img decoding=\"async\" style=\"max-width: 100%;height: auto\" src=\"https:\/\/file.hstatic.net\/1000225641\/file\/25x25_f69545ac614b41bf95ccc6e0452a0155_grande.png\">360 Nguy&#7877;n V&#259;n Nghi, P.7, Q. G&ograve; V&#7845;p`);<\/p>\n<p>$(&#8216;p:contains(&#8220;addremove&#8221;)&#8217;).remove()<br \/>\n\t\t setTimeout(() =&gt; {<\/p>\n<p>           if(window.location.href.includes(&#8220;nhiet-ke-hong-ngoai-do-tran-microlife-nc200-new&#8221;)||window.location.href.includes(&#8220;khung-tap-di-co-ghe-ngoi&#8221;)||window.location.href.includes(&#8220;khung-tap-di-khong-ghe-ngoi&#8221;)||window.location.href.includes(&#8220;nhiet-ke-hong-ngoai-do-tran-mdf-usa&#8221;)) {<br \/>\n\t\t\/\/$(&#8220;#anchor-spec&#8221;).hide();<br \/>\n\t}<br \/>\n       }, 500);<\/p>\n<p> \t\t\t\/*<br \/>\n\t$(&#8220;#anchor-info img&#8221;).each(function() {<br \/>\n    \t\t$(this).addClass(&#8220;lazy&#8221;)<br \/>\n        $(this).attr(&#8220;data-src&#8221;,$(this).attr(&#8220;src&#8221;));<br \/>\n        $(this).attr(&#8220;src&#8221;,&#8217;\/\/hstatic.net\/0\/0\/global\/design\/theme-default\/no-image.png&#8217;);<\/p>\n<p>    });*\/<\/p>\n<p>$(&#8220;.prod-offer&#8221;).clone().appendTo(&#8220;.call2action&#8221;);<\/p>\n<p>$(&#8220;.call2action&#8221;).each(function(index){<\/p>\n<p>\t$(this).find(&#8216;input&#8217;).each(function(){<br \/>\n\t\t$(this).attr(&#8216;id&#8217;,$(this).attr(&#8216;id&#8217;)+index)<br \/>\n\t})<br \/>\n\t\t$(this).find(&#8216;label&#8217;).each(function(){<br \/>\n\t\t\t\t$(this).attr(&#8216;for&#8217;,$(this).attr(&#8216;for&#8217;)+index)<\/p>\n<p>\t})<br \/>\n})<\/p>\n<p>$(&#8220;.call2action .info-support,.call2action .detail-info-phone&#8221;).remove()<br \/>\n$(&#8220;.call2action&gt;div&#8221;).removeClass(&#8216;col-sm-8&#8217;);<br \/>\n$(&#8220;.call2action .send-support&#8221;).removeAttr(&#8216;onclick&#8217;);<br \/>\n$(&#8220;.call2action .send-support&#8221;).attr(&#8220;href&#8221;,&#8221;tel:0906.960.800&#8243;);<br \/>\n\t\t\t\t\t$(&#8220;.call2action .send-support .text-btn&#8221;).text(&#8220;0906.960.800&#8221;);<br \/>\n$(&#8220;.call2action&gt;div&#8221;).removeClass(&#8216;col-xs-12&#8217;)<br \/>\n\t$(&#8220;.call2action .variants .col-lg-8&#8221;).removeClass(&#8220;col-lg-8&#8221;).addClass(&#8220;col-lg-12&#8221;);<br \/>\n\t$(&#8220;.call2action .formphone&#8221;).attr(&#8220;style&#8221;,&#8221;width:340px&#8221;);<\/p>\n<div class=\"seemore hide\"> <a href=\"\">Xem th\u00eam chi ti\u1ebft<\/a><\/div>\n<\/p><\/div>\n","protected":false},"excerpt":{"rendered":"<p>M\u1ed9t trong nh\u1eefng bi\u1ec7n ph\u00e1p ph\u00f2ng ch\u1ed1ng c\u00fam h\u1eefu hi\u1ec7u l\u00e0 r\u1eeda tay di\u1ec7t khu\u1ea9n. Trong tr\u01b0\u1eddng h\u1ee3p c\u1ea7n s\u00e1t khu\u1ea9n tay nhanh, b\u1ea1n c\u00f3 th\u1ec3 d\u00f9ng CLINCARE l\u00e0 dung d\u1ecbch s\u00e1t khu\u1ea9n tay nhanh kh\u00f4ng c\u1ea7n r\u1eeda l\u1ea1i v\u1edbi n\u01b0\u1edbc do OPODIS PHARMA nghi\u00ean c\u1ee9u s\u1ea3n xu\u1ea5t.Dung D\u1ecbch R\u1eeda Tay S\u00e1t Khu\u1ea9n Clincare 500ml &#8230;<\/p>\n","protected":false},"featured_media":1192,"comment_status":"closed","ping_status":"closed","template":"","meta":[],"product_cat":[53],"product_tag":[],"class_list":{"0":"post-1191","1":"product","2":"type-product","3":"status-publish","4":"has-post-thumbnail","6":"product_cat-dau-massage","8":"first","9":"instock","10":"shipping-taxable","11":"purchasable","12":"product-type-simple"},"_links":{"self":[{"href":"https:\/\/dungcutrilieu.com\/index.php?rest_route=\/wp\/v2\/product\/1191"}],"collection":[{"href":"https:\/\/dungcutrilieu.com\/index.php?rest_route=\/wp\/v2\/product"}],"about":[{"href":"https:\/\/dungcutrilieu.com\/index.php?rest_route=\/wp\/v2\/types\/product"}],"replies":[{"embeddable":true,"href":"https:\/\/dungcutrilieu.com\/index.php?rest_route=%2Fwp%2Fv2%2Fcomments&post=1191"}],"wp:featuredmedia":[{"embeddable":true,"href":"https:\/\/dungcutrilieu.com\/index.php?rest_route=\/wp\/v2\/media\/1192"}],"wp:attachment":[{"href":"https:\/\/dungcutrilieu.com\/index.php?rest_route=%2Fwp%2Fv2%2Fmedia&parent=1191"}],"wp:term":[{"taxonomy":"product_cat","embeddable":true,"href":"https:\/\/dungcutrilieu.com\/index.php?rest_route=%2Fwp%2Fv2%2Fproduct_cat&post=1191"},{"taxonomy":"product_tag","embeddable":true,"href":"https:\/\/dungcutrilieu.com\/index.php?rest_route=%2Fwp%2Fv2%2Fproduct_tag&post=1191"}],"curies":[{"name":"wp","href":"https:\/\/api.w.org\/{rel}","templated":true}]}}