{"id":1198,"date":"2024-07-09T15:19:03","date_gmt":"2024-07-09T15:19:03","guid":{"rendered":"https:\/\/dungcutrilieu.com\/?product=dung-dich-povidine-20ml-sat-trung-vet-thuong"},"modified":"2024-07-09T15:19:06","modified_gmt":"2024-07-09T15:19:06","slug":"dung-dich-povidine-20ml-sat-trung-vet-thuong","status":"publish","type":"product","link":"https:\/\/dungcutrilieu.com\/?product=dung-dich-povidine-20ml-sat-trung-vet-thuong","title":{"rendered":"Dung D\u1ecbch Povidine 20ml (S\u00e1t tr\u00f9ng v\u1ebft th\u01b0\u01a1ng)"},"content":{"rendered":"<\/p>\n<div class=\"prod-descp body-content\" id=\"anchor-info\">\n<p class=\"tieu_de_nho_gach_duoi\"><span><a href=\"https:\/\/www.medishop.com.vn\/products\/dung-dich-povidine-20ml\"><strong>Dung D\u1ecbch Povidine 20ml<\/strong><\/a> d\u00f9ng\u00a0ch\u0103m s\u00f3c c\u00e1c v\u1ebft th\u01b0\u01a1ng, c\u00e1c v\u1ebft vi\u00eam da kh\u00f4ng r\u1ec9 n\u01b0\u1edbc, \u0111\u01b0\u1ee3c s\u1eed d\u1ee5ng c\u00e1c ph\u00f2ng ti\u1ec3u ph\u1eabu, ph\u00f2ng thay b\u0103ng v\u1ebft th\u01b0\u01a1ng trong c\u00e1c ph\u00f2ng kh\u00e1m, b\u1ec7nh vi\u1ec7n v\u00e0 c\u0169ng l\u00e0 s\u1ea3n ph\u1ea9m c\u1ea7n thi\u1ebft trong m\u1ecdi gia \u0111\u00ecnh.<\/span><\/p>\n<p><img decoding=\"async\" style=\"margin-left: auto;margin-right: auto\" src=\"https:\/\/dungcutrilieu.com\/wp-content\/uploads\/2024\/07\/dung-dich-sat-trung-povidin-20_9a590e1bfd594dba896b1ffc4cab873f.jpg\" title=\"dung-dich-sat-trung-povidin-20_9a590e1bfd594dba896b1ffc4cab873f\"><\/p>\n<p style=\"text-align: center\" class=\"tieu_de_nho_gach_duoi\"><span>(Quy c\u00e1ch \u0111\u00f3ng g\u00f3i: Chai 20ml)<\/span><\/p>\n<p><strong>B\u1ea3o qu\u1ea3n\u00a0<\/strong><\/p>\n<ul>\n<li>\u1ede nhi\u1ec7t \u0111\u1ed9 kh\u00f4ng qu\u00e1 30<span>\u00b0C<\/span>. N\u01a1i tho\u00e1ng m\u00e1t, tr\u00e1nh \u00e1nh n\u1eafng<\/li>\n<li>\u0110\u00f3ng n\u1eafp ngay sau khi d\u00f9ng.<\/li>\n<li>Ch\u1ec9 d\u00f9ng 2 th\u00e1ng ngay sau khi m\u1edf n\u1eafp.<\/li>\n<\/ul>\n<p><strong>Th\u00e0nh ph\u1ea7n<\/strong><\/p>\n<ul>\n<li>Povidon iod : 2g<\/li>\n<li>T\u00e1 d\u01b0\u1ee3c : v\u1eeba \u0111\u1ee7<\/li>\n<\/ul>\n<p><strong>Ch\u1ed1ng ch\u1ec9 \u0111\u1ecbnh<\/strong><\/p>\n<ul>\n<li>Qu\u00e1 m\u1eabn v\u1edbi iode.<\/li>\n<li>Tr\u1ebb d\u01b0\u1edbi 2 tu\u1ed5i.<\/li>\n<li>Ph\u1ee5 n\u1eef 6 th\u00e1ng cu\u1ed1i thai k\u00ec v\u00e0 cho con b\u00fa<\/li>\n<\/ul>\n<p><strong>T\u00e1c d\u1ee5ng ph\u1ee5: \u00a0<\/strong><\/p>\n<ul>\n<li>T\u0103ng iod qu\u00e1 m\u1ee9c c\u00f3 th\u1ec3 \u1ea3nh h\u01b0\u1edfng tuy\u1ebfn gi\u00e1p, g\u00e2y k\u00edch \u1ee9ng da.<\/li>\n<li>Tr\u00e1nh d\u00f9ng c\u00f9ng l\u00fac nhi\u1ec1u lo\u1ea1i thu\u1ed1c s\u00e1t tr\u00f9ng.<\/li>\n<li>Kh\u00f4ng d\u00f9ng v\u1edbi x\u00e0 ph\u00f2ng, dung d\u1ecbch ho\u1eb7c thu\u1ed1c m\u1ee1 c\u00f3 ch\u1ee9a th\u1ee7y ng\u00e2n.<\/li>\n<\/ul>\n<p><strong>H\u1ea1n d\u00f9ng:<\/strong><span>\u00a0<\/span>2 n\u0103m k\u1ec3 t\u1eeb ng\u00e0y s\u1ea3n xu\u1ea5t<\/p>\n<p>\t$(&#8216;p:contains(&#8220;Phan &#272;&#259;ng L&#432;u&#8221;)&#8217;).html(`<\/p>\n<p style=\"text-align: center\"><strong><img decoding=\"async\" style=\"max-width: 100%;height: auto\" src=\"https:\/\/file.hstatic.net\/1000225641\/file\/25x25_f69545ac614b41bf95ccc6e0452a0155_grande.png\">360 Nguy&#7877;n V&#259;n Nghi, P.7, Q. G&ograve; V&#7845;p`);<\/p>\n<p>$(&#8216;p:contains(&#8220;addremove&#8221;)&#8217;).remove()<br \/>\n\t\t setTimeout(() =&gt; {<\/p>\n<p>           if(window.location.href.includes(&#8220;nhiet-ke-hong-ngoai-do-tran-microlife-nc200-new&#8221;)||window.location.href.includes(&#8220;khung-tap-di-co-ghe-ngoi&#8221;)||window.location.href.includes(&#8220;khung-tap-di-khong-ghe-ngoi&#8221;)||window.location.href.includes(&#8220;nhiet-ke-hong-ngoai-do-tran-mdf-usa&#8221;)) {<br \/>\n\t\t\/\/$(&#8220;#anchor-spec&#8221;).hide();<br \/>\n\t}<br \/>\n       }, 500);<\/p>\n<p> \t\t\t\/*<br \/>\n\t$(&#8220;#anchor-info img&#8221;).each(function() {<br \/>\n    \t\t$(this).addClass(&#8220;lazy&#8221;)<br \/>\n        $(this).attr(&#8220;data-src&#8221;,$(this).attr(&#8220;src&#8221;));<br \/>\n        $(this).attr(&#8220;src&#8221;,&#8217;\/\/hstatic.net\/0\/0\/global\/design\/theme-default\/no-image.png&#8217;);<\/p>\n<p>    });*\/<\/p>\n<p>$(&#8220;.prod-offer&#8221;).clone().appendTo(&#8220;.call2action&#8221;);<\/p>\n<p>$(&#8220;.call2action&#8221;).each(function(index){<\/p>\n<p>\t$(this).find(&#8216;input&#8217;).each(function(){<br \/>\n\t\t$(this).attr(&#8216;id&#8217;,$(this).attr(&#8216;id&#8217;)+index)<br \/>\n\t})<br \/>\n\t\t$(this).find(&#8216;label&#8217;).each(function(){<br \/>\n\t\t\t\t$(this).attr(&#8216;for&#8217;,$(this).attr(&#8216;for&#8217;)+index)<\/p>\n<p>\t})<br \/>\n})<\/p>\n<p>$(&#8220;.call2action .info-support,.call2action .detail-info-phone&#8221;).remove()<br \/>\n$(&#8220;.call2action&gt;div&#8221;).removeClass(&#8216;col-sm-8&#8217;);<br \/>\n$(&#8220;.call2action .send-support&#8221;).removeAttr(&#8216;onclick&#8217;);<br \/>\n$(&#8220;.call2action .send-support&#8221;).attr(&#8220;href&#8221;,&#8221;tel:0906.960.800&#8243;);<br \/>\n\t\t\t\t\t$(&#8220;.call2action .send-support .text-btn&#8221;).text(&#8220;0906.960.800&#8221;);<br \/>\n$(&#8220;.call2action&gt;div&#8221;).removeClass(&#8216;col-xs-12&#8217;)<br \/>\n\t$(&#8220;.call2action .variants .col-lg-8&#8221;).removeClass(&#8220;col-lg-8&#8221;).addClass(&#8220;col-lg-12&#8221;);<br \/>\n\t$(&#8220;.call2action .formphone&#8221;).attr(&#8220;style&#8221;,&#8221;width:340px&#8221;);<\/p>\n<div class=\"seemore hide\"> <a href=\"\">Xem th\u00eam chi ti\u1ebft<\/a><\/div>\n<\/p><\/div>\n","protected":false},"excerpt":{"rendered":"<p>Dung D\u1ecbch Povidine 20ml d\u00f9ng\u00a0ch\u0103m s\u00f3c c\u00e1c v\u1ebft th\u01b0\u01a1ng, c\u00e1c v\u1ebft vi\u00eam da kh\u00f4ng r\u1ec9 n\u01b0\u1edbc, \u0111\u01b0\u1ee3c s\u1eed d\u1ee5ng c\u00e1c ph\u00f2ng ti\u1ec3u ph\u1eabu, ph\u00f2ng thay b\u0103ng v\u1ebft th\u01b0\u01a1ng trong c\u00e1c ph\u00f2ng kh\u00e1m, b\u1ec7nh vi\u1ec7n v\u00e0 c\u0169ng l\u00e0 s\u1ea3n ph\u1ea9m c\u1ea7n thi\u1ebft trong m\u1ecdi gia \u0111\u00ecnh. (Quy c\u00e1ch \u0111\u00f3ng g\u00f3i: Chai 20ml) B\u1ea3o qu\u1ea3n\u00a0 \u1ede nhi\u1ec7t &#8230;<\/p>\n","protected":false},"featured_media":1199,"comment_status":"closed","ping_status":"closed","template":"","meta":[],"product_cat":[53],"product_tag":[],"class_list":{"0":"post-1198","1":"product","2":"type-product","3":"status-publish","4":"has-post-thumbnail","6":"product_cat-dau-massage","8":"first","9":"instock","10":"shipping-taxable","11":"purchasable","12":"product-type-simple"},"_links":{"self":[{"href":"https:\/\/dungcutrilieu.com\/index.php?rest_route=\/wp\/v2\/product\/1198"}],"collection":[{"href":"https:\/\/dungcutrilieu.com\/index.php?rest_route=\/wp\/v2\/product"}],"about":[{"href":"https:\/\/dungcutrilieu.com\/index.php?rest_route=\/wp\/v2\/types\/product"}],"replies":[{"embeddable":true,"href":"https:\/\/dungcutrilieu.com\/index.php?rest_route=%2Fwp%2Fv2%2Fcomments&post=1198"}],"wp:featuredmedia":[{"embeddable":true,"href":"https:\/\/dungcutrilieu.com\/index.php?rest_route=\/wp\/v2\/media\/1199"}],"wp:attachment":[{"href":"https:\/\/dungcutrilieu.com\/index.php?rest_route=%2Fwp%2Fv2%2Fmedia&parent=1198"}],"wp:term":[{"taxonomy":"product_cat","embeddable":true,"href":"https:\/\/dungcutrilieu.com\/index.php?rest_route=%2Fwp%2Fv2%2Fproduct_cat&post=1198"},{"taxonomy":"product_tag","embeddable":true,"href":"https:\/\/dungcutrilieu.com\/index.php?rest_route=%2Fwp%2Fv2%2Fproduct_tag&post=1198"}],"curies":[{"name":"wp","href":"https:\/\/api.w.org\/{rel}","templated":true}]}}