{"id":1201,"date":"2024-07-09T15:48:15","date_gmt":"2024-07-09T15:48:15","guid":{"rendered":"https:\/\/dungcutrilieu.com\/?product=mieng-dan-dr-ho-nho"},"modified":"2024-07-09T15:48:16","modified_gmt":"2024-07-09T15:48:16","slug":"mieng-dan-dr-ho-nho","status":"publish","type":"product","link":"https:\/\/dungcutrilieu.com\/?product=mieng-dan-dr-ho-nho","title":{"rendered":"Mi\u1ebfng D\u00e1n Dr.Ho nh\u1ecf"},"content":{"rendered":"<\/p>\n<div class=\"prod-descp body-content\" id=\"anchor-info\">\n<p><strong>Mi\u1ebfng d\u00e1n xung\u00a0\u0111i\u1ec7n\u00a0Massage Dr.Ho nh\u1ecf<\/strong><\/p>\n<ul>\n<li>Ph\u1ee5 ki\u1ec7n b\u1ed5 sung ho\u00e0n h\u1ea3o cho m\u00e1y massage tr\u1ecb li\u1ec7u\u00a0Massage Dr.Ho<\/li>\n<li>Gi\u00fap n\u00e2ng cao th\u1eddi gian s\u1eed d\u1ee5ng m\u00e1y massage<\/li>\n<li>G\u00f3p ph\u1ea7n l\u00e0m gi\u1ea3m c\u00e1c ch\u1ee9ng b\u1ec7nh v\u1ec1 c\u01a1, x\u01b0\u01a1ng, kh\u1edbp<\/li>\n<li>Gi\u1ea3i ph\u00e1p tuy\u1ec7t v\u1eddi xua tan m\u1ec7t m\u1ecfi, c\u00e1c ch\u1ee9ng b\u1ec7nh v\u1ec1 gi\u00e0.<\/li>\n<\/ul>\n<div><strong>S\u1ea3n ph\u1ea9m \u0111\u1eb7c bi\u1ec7t th\u00edch h\u1ee3p v\u1edbi:<\/strong><\/div>\n<div>\n<div>\u00a0<\/div>\n<div>&#8211; C\u00e1c anh ch\u1ecb em th\u01b0\u1eddng xuy\u00ean ng\u1ed3i l\u00e0m vi\u1ec7c t\u1ea1i v\u0103n ph\u00f2ng: m\u00e1y t\u00e1c \u0111\u1ed9ng l\u00e0m th\u00f4ng m\u00e1u huy\u1ebft, t\u0103ng tu\u1ea7n ho\u00e0n, lo\u1ea1i b\u1ecf m\u1ec7t m\u1ecfi, u\u1ec3 o\u1ea3i, \u0111\u1ea9y l\u00f9i nh\u1ee9c m\u1ecfi, \u0111au l\u01b0ng, \u0111au vai, c\u1ee9ng c\u1ed5\u2026<\/div>\n<div>\u00a0<\/div>\n<div>Xem th\u00eam:\u00a0<a target=\"_blank\" href=\"https:\/\/www.medishop.com.vn\/blogs\/may-massage\/may-massage-xung-dien\" rel=\"noopener\">T\u00ecm hi\u1ec3u \u01b0u nh\u01b0\u1ee3c \u0111i\u1ec3m c\u1ee7a m\u00e1y massage xung \u0111i\u1ec7n.\u00a0<\/a><\/div>\n<\/div>\n<div>\n<p style=\"text-align: center\"><img decoding=\"async\" src=\"https:\/\/dungcutrilieu.com\/wp-content\/uploads\/2024\/07\/mieng-dan-lon-dr-ho-nho_7ced6e8e4f244c65901a12c7f7f0f10b.jpg\" title=\"mieng-dan-lon-dr-ho-nho_7ced6e8e4f244c65901a12c7f7f0f10b\"><\/p>\n<p style=\"text-align: center\">(tr\u1ecdn b\u1ed9 s\u1ea3n ph\u1ea9m)<\/p>\n<\/div>\n<p>\t$(&#8216;p:contains(&#8220;Phan &#272;&#259;ng L&#432;u&#8221;)&#8217;).html(`<\/p>\n<p style=\"text-align: center\"><strong><img decoding=\"async\" style=\"max-width: 100%;height: auto\" src=\"https:\/\/file.hstatic.net\/1000225641\/file\/25x25_f69545ac614b41bf95ccc6e0452a0155_grande.png\">360 Nguy&#7877;n V&#259;n Nghi, P.7, Q. G&ograve; V&#7845;p`);<\/p>\n<p>$(&#8216;p:contains(&#8220;addremove&#8221;)&#8217;).remove()<br \/>\n\t\t setTimeout(() =&gt; {<\/p>\n<p>           if(window.location.href.includes(&#8220;nhiet-ke-hong-ngoai-do-tran-microlife-nc200-new&#8221;)||window.location.href.includes(&#8220;khung-tap-di-co-ghe-ngoi&#8221;)||window.location.href.includes(&#8220;khung-tap-di-khong-ghe-ngoi&#8221;)||window.location.href.includes(&#8220;nhiet-ke-hong-ngoai-do-tran-mdf-usa&#8221;)) {<br \/>\n\t\t\/\/$(&#8220;#anchor-spec&#8221;).hide();<br \/>\n\t}<br \/>\n       }, 500);<\/p>\n<p> \t\t\t\/*<br \/>\n\t$(&#8220;#anchor-info img&#8221;).each(function() {<br \/>\n    \t\t$(this).addClass(&#8220;lazy&#8221;)<br \/>\n        $(this).attr(&#8220;data-src&#8221;,$(this).attr(&#8220;src&#8221;));<br \/>\n        $(this).attr(&#8220;src&#8221;,&#8217;\/\/hstatic.net\/0\/0\/global\/design\/theme-default\/no-image.png&#8217;);<\/p>\n<p>    });*\/<\/p>\n<p>$(&#8220;.prod-offer&#8221;).clone().appendTo(&#8220;.call2action&#8221;);<\/p>\n<p>$(&#8220;.call2action&#8221;).each(function(index){<\/p>\n<p>\t$(this).find(&#8216;input&#8217;).each(function(){<br \/>\n\t\t$(this).attr(&#8216;id&#8217;,$(this).attr(&#8216;id&#8217;)+index)<br \/>\n\t})<br \/>\n\t\t$(this).find(&#8216;label&#8217;).each(function(){<br \/>\n\t\t\t\t$(this).attr(&#8216;for&#8217;,$(this).attr(&#8216;for&#8217;)+index)<\/p>\n<p>\t})<br \/>\n})<\/p>\n<p>$(&#8220;.call2action .info-support,.call2action .detail-info-phone&#8221;).remove()<br \/>\n$(&#8220;.call2action&gt;div&#8221;).removeClass(&#8216;col-sm-8&#8217;);<br \/>\n$(&#8220;.call2action .send-support&#8221;).removeAttr(&#8216;onclick&#8217;);<br \/>\n$(&#8220;.call2action .send-support&#8221;).attr(&#8220;href&#8221;,&#8221;tel:0906.960.800&#8243;);<br \/>\n\t\t\t\t\t$(&#8220;.call2action .send-support .text-btn&#8221;).text(&#8220;0906.960.800&#8221;);<br \/>\n$(&#8220;.call2action&gt;div&#8221;).removeClass(&#8216;col-xs-12&#8217;)<br \/>\n\t$(&#8220;.call2action .variants .col-lg-8&#8221;).removeClass(&#8220;col-lg-8&#8221;).addClass(&#8220;col-lg-12&#8221;);<br \/>\n\t$(&#8220;.call2action .formphone&#8221;).attr(&#8220;style&#8221;,&#8221;width:340px&#8221;);<\/p>\n<div class=\"seemore hide\"> <a href=\"\">Xem th\u00eam chi ti\u1ebft<\/a><\/div>\n<\/p><\/div>\n","protected":false},"excerpt":{"rendered":"<p>Mi\u1ebfng d\u00e1n xung\u00a0\u0111i\u1ec7n\u00a0Massage Dr.Ho nh\u1ecf Ph\u1ee5 ki\u1ec7n b\u1ed5 sung ho\u00e0n h\u1ea3o cho m\u00e1y massage tr\u1ecb li\u1ec7u\u00a0Massage Dr.Ho Gi\u00fap n\u00e2ng cao th\u1eddi gian s\u1eed d\u1ee5ng m\u00e1y massage G\u00f3p ph\u1ea7n l\u00e0m gi\u1ea3m c\u00e1c ch\u1ee9ng b\u1ec7nh v\u1ec1 c\u01a1, x\u01b0\u01a1ng, kh\u1edbp Gi\u1ea3i ph\u00e1p tuy\u1ec7t v\u1eddi xua tan m\u1ec7t m\u1ecfi, c\u00e1c ch\u1ee9ng b\u1ec7nh v\u1ec1 gi\u00e0. S\u1ea3n ph\u1ea9m \u0111\u1eb7c bi\u1ec7t th\u00edch &#8230;<\/p>\n","protected":false},"featured_media":1202,"comment_status":"closed","ping_status":"closed","template":"","meta":[],"product_cat":[66],"product_tag":[],"class_list":{"0":"post-1201","1":"product","2":"type-product","3":"status-publish","4":"has-post-thumbnail","6":"product_cat-tui-chuom-nong-lanh","8":"first","9":"instock","10":"shipping-taxable","11":"purchasable","12":"product-type-simple"},"_links":{"self":[{"href":"https:\/\/dungcutrilieu.com\/index.php?rest_route=\/wp\/v2\/product\/1201"}],"collection":[{"href":"https:\/\/dungcutrilieu.com\/index.php?rest_route=\/wp\/v2\/product"}],"about":[{"href":"https:\/\/dungcutrilieu.com\/index.php?rest_route=\/wp\/v2\/types\/product"}],"replies":[{"embeddable":true,"href":"https:\/\/dungcutrilieu.com\/index.php?rest_route=%2Fwp%2Fv2%2Fcomments&post=1201"}],"wp:featuredmedia":[{"embeddable":true,"href":"https:\/\/dungcutrilieu.com\/index.php?rest_route=\/wp\/v2\/media\/1202"}],"wp:attachment":[{"href":"https:\/\/dungcutrilieu.com\/index.php?rest_route=%2Fwp%2Fv2%2Fmedia&parent=1201"}],"wp:term":[{"taxonomy":"product_cat","embeddable":true,"href":"https:\/\/dungcutrilieu.com\/index.php?rest_route=%2Fwp%2Fv2%2Fproduct_cat&post=1201"},{"taxonomy":"product_tag","embeddable":true,"href":"https:\/\/dungcutrilieu.com\/index.php?rest_route=%2Fwp%2Fv2%2Fproduct_tag&post=1201"}],"curies":[{"name":"wp","href":"https:\/\/api.w.org\/{rel}","templated":true}]}}