{"id":1204,"date":"2024-07-09T18:07:21","date_gmt":"2024-07-09T18:07:21","guid":{"rendered":"https:\/\/dungcutrilieu.com\/?product=dung-dich-con-y-te-70-do-60ml"},"modified":"2024-07-09T18:07:23","modified_gmt":"2024-07-09T18:07:23","slug":"dung-dich-con-y-te-70-do-60ml","status":"publish","type":"product","link":"https:\/\/dungcutrilieu.com\/?product=dung-dich-con-y-te-70-do-60ml","title":{"rendered":"Dung D\u1ecbch C\u1ed3n Y T\u1ebf 70 \u0110\u1ed9 60ml"},"content":{"rendered":"<\/p>\n<div class=\"prod-descp body-content\" id=\"anchor-info\">\n<p><strong><a href=\"https:\/\/www.medishop.com.vn\/products\/dung-dich-con-y-te-70-do-60ml\">Dung D\u1ecbch C\u1ed3n Y T\u1ebf 70 \u0110\u1ed9 60ml<\/a>\u00a0<\/strong>d\u00f9ng \u0111\u1ec3 s\u00e1t tr\u00f9ng trong c\u00e1c th\u1ee7 thu\u1eadt ti\u00eam thu\u1ed1c, truy\u1ec1n d\u1ecbch ho\u1eb7c s\u00e1t tr\u00f9ng d\u1ee5ng c\u1ee5, \u0111\u01b0\u1ee3c s\u1eed d\u1ee5ng trong c\u00e1c ph\u00f2ng kh\u00e1m, b\u1ec7nh vi\u1ec7n v\u00e0 l\u00e0 s\u1ea3n ph\u1ea9m c\u1ea7n thi\u1ebft trong t\u1ee7 thu\u1ed1c m\u1ecdi gia \u0111\u00ecnh.<\/p>\n<p><strong>Th\u00e0nh ph\u1ea7n:\u00a0<\/strong>70% v\/v ethanol.<\/p>\n<p><strong>C\u00f4ng d\u1ee5ng\u00a0<\/strong><\/p>\n<ul>\n<li>Di\u1ec7t c\u00e1c vi khu\u1ea9n\u00a0staphylococcus aureus,\u00a0pseudomonas aeruginosa,\u00a0shigella flexneri,\u00a0bacillus subtilis,\u00a0mycobacterium tuberculosis,\u00a0n\u1ea5m candida albicans sau th\u1eddi gian ti\u1ebfp x\u00fac 2 ph\u00fat.<\/li>\n<li>D\u00f9ng \u0111\u1ec3 di\u1ec7t khu\u1ea9n\u00a0d\u1ee5ng c\u1ee5 y t\u1ebf, b\u1ec1 m\u1eb7t trong y t\u1ebf.<\/li>\n<\/ul>\n<p><img decoding=\"async\" style=\"margin-left: auto;margin-right: auto\" src=\"https:\/\/dungcutrilieu.com\/wp-content\/uploads\/2024\/07\/dung-dich-con-vp-70-60ml_bbb778c1e8534ce4b81555da36343f1e.jpg\" title=\"dung-dich-con-vp-70-60ml_bbb778c1e8534ce4b81555da36343f1e\"><\/p>\n<p style=\"text-align: center\"><em>(Dung D\u1ecbch C\u1ed3n Y T\u1ebf 70 \u0110\u1ed9 60ml)<\/em><\/p>\n<p><strong><span>C\u00e1ch d\u00f9ng<\/span><\/strong><\/p>\n<ul>\n<li><span>Dung d\u1ecbch s\u1eed d\u1ee5ng nguy\u00ean ch\u1ea5t, kh\u00f4ng pha lo\u00e3ng. D\u1ee5ng c\u1ee5 y t\u1ebf, b\u1ec1 m\u1eb7t y t\u1ebf ph\u1ea3i \u0111\u01b0\u1ee3c di\u1ec7t khu\u1ea9n v\u1edbi c\u1ed3n 70 \u0111\u1ed9 VP.<\/span><\/li>\n<li><span>D\u00f9ng v\u1ea3i m\u1ec1m ho\u1eb7c b\u00f4ng g\u00f2n t\u1ea9m c\u1ed3n\u00a070 tr\u1eafng\u00a0\u0111\u1ed9 VP lau \u01b0\u1edbt d\u1ee5ng c\u1ee5 y t\u1ebf, b\u1ec1 m\u1eb7t y t\u1ebf c\u1ea7n di\u1ec7t khu\u1ea9n trong 2 ph\u00fat.<\/span><\/li>\n<li><span>\u0110\u1ed1i v\u1edbi nh\u1eefng d\u1ee5ng c\u1ee5 nh\u1ecf: \u0110\u1ed5 c\u1ed3n 70\u00a0\u0111\u1ed9 VP ra khay, ly, ng\u00e2m tr\u1ef1c ti\u1ebfp d\u1ee5ng c\u1ee5 ng\u1eadp trong dung d\u1ecbch c\u1ed3n 90 \u0111\u1ed9 VP t\u1ed1i thi\u1ebfu 2 ph\u00fat.<\/span><\/li>\n<li><span>\u0110\u1ec3 kh\u00f4 t\u1ef1 nhi\u00ean.<\/span><\/li>\n<\/ul>\n<p><span><strong>B\u1ea3o qu\u1ea3n<\/strong><\/span><\/p>\n<ul>\n<li><span>B\u1ea3o qu\u1ea3n n\u01a1i kh\u00f4 r\u00e1o, tho\u00e1ng m\u00e1t, xa t\u1ea7m tay tr\u1ebb em.<\/span><\/li>\n<li><span>Tr\u00e1nh \u00e1nh s\u00e1ng tr\u1ef1c ti\u1ebfp v\u00e0 n\u01a1i c\u00f3 nhi\u1ec7t \u0111\u1ed9 cao ngu\u1ed3n l\u1eeda, tia l\u1eeda.<\/span><\/li>\n<\/ul>\n<p><strong>Quy c\u00e1ch:\u00a0<\/strong>10chai\/l\u1ed1c &#8211; 100chai\/th\u00f9ng<\/p>\n<div id=\"WidgetFloaterPanels\" style=\"text-align: left;direction: ltr\" class=\"LTRStyle\">\n<div id=\"WidgetFloater\">\n<div id=\"WidgetLogoPanel\"><span><span>TRANSLATE with <\/span><\/span> <span>x<\/span><\/div>\n<div id=\"LanguageMenuPanel\">\n<div class=\"DDStyle_outer\"><span class=\"DDStyle\">English<\/span><\/p>\n<div style=\"position:relative;text-align:left;left:0\">\n<div style=\"position:absolute;width:;left:0px\">\n<div id=\"__LanguageMenu_popup\" class=\"DDStyle\">\n<table id=\"LanguageMenu\" border=\"0\">\n<tbody>\n<tr>\n<td><a href=\"https:\/\/www.medishop.com.vn\/products\/dung-dich-con-y-te-70-do-60ml#ar\">Arabic<\/a><\/td>\n<td><a href=\"https:\/\/www.medishop.com.vn\/products\/dung-dich-con-y-te-70-do-60ml#he\">Hebrew<\/a><\/td>\n<td><a href=\"https:\/\/www.medishop.com.vn\/products\/dung-dich-con-y-te-70-do-60ml#pl\">Polish<\/a><\/td>\n<\/tr>\n<tr>\n<td><a href=\"https:\/\/www.medishop.com.vn\/products\/dung-dich-con-y-te-70-do-60ml#bg\">Bulgarian<\/a><\/td>\n<td><a href=\"https:\/\/www.medishop.com.vn\/products\/dung-dich-con-y-te-70-do-60ml#hi\">Hindi<\/a><\/td>\n<td><a href=\"https:\/\/www.medishop.com.vn\/products\/dung-dich-con-y-te-70-do-60ml#pt\">Portuguese<\/a><\/td>\n<\/tr>\n<tr>\n<td><a href=\"https:\/\/www.medishop.com.vn\/products\/dung-dich-con-y-te-70-do-60ml#ca\">Catalan<\/a><\/td>\n<td><a href=\"https:\/\/www.medishop.com.vn\/products\/dung-dich-con-y-te-70-do-60ml#mww\">Hmong Daw<\/a><\/td>\n<td><a href=\"https:\/\/www.medishop.com.vn\/products\/dung-dich-con-y-te-70-do-60ml#ro\">Romanian<\/a><\/td>\n<\/tr>\n<tr>\n<td><a href=\"https:\/\/www.medishop.com.vn\/products\/dung-dich-con-y-te-70-do-60ml#zh-CHS\">Chinese Simplified<\/a><\/td>\n<td><a href=\"https:\/\/www.medishop.com.vn\/products\/dung-dich-con-y-te-70-do-60ml#hu\">Hungarian<\/a><\/td>\n<td><a href=\"https:\/\/www.medishop.com.vn\/products\/dung-dich-con-y-te-70-do-60ml#ru\">Russian<\/a><\/td>\n<\/tr>\n<tr>\n<td><a href=\"https:\/\/www.medishop.com.vn\/products\/dung-dich-con-y-te-70-do-60ml#zh-CHT\">Chinese Traditional<\/a><\/td>\n<td><a href=\"https:\/\/www.medishop.com.vn\/products\/dung-dich-con-y-te-70-do-60ml#id\">Indonesian<\/a><\/td>\n<td><a href=\"https:\/\/www.medishop.com.vn\/products\/dung-dich-con-y-te-70-do-60ml#sk\">Slovak<\/a><\/td>\n<\/tr>\n<tr>\n<td><a href=\"https:\/\/www.medishop.com.vn\/products\/dung-dich-con-y-te-70-do-60ml#cs\">Czech<\/a><\/td>\n<td><a href=\"https:\/\/www.medishop.com.vn\/products\/dung-dich-con-y-te-70-do-60ml#it\">Italian<\/a><\/td>\n<td><a href=\"https:\/\/www.medishop.com.vn\/products\/dung-dich-con-y-te-70-do-60ml#sl\">Slovenian<\/a><\/td>\n<\/tr>\n<tr>\n<td><a href=\"https:\/\/www.medishop.com.vn\/products\/dung-dich-con-y-te-70-do-60ml#da\">Danish<\/a><\/td>\n<td><a href=\"https:\/\/www.medishop.com.vn\/products\/dung-dich-con-y-te-70-do-60ml#ja\">Japanese<\/a><\/td>\n<td><a href=\"https:\/\/www.medishop.com.vn\/products\/dung-dich-con-y-te-70-do-60ml#es\">Spanish<\/a><\/td>\n<\/tr>\n<tr>\n<td><a href=\"https:\/\/www.medishop.com.vn\/products\/dung-dich-con-y-te-70-do-60ml#nl\">Dutch<\/a><\/td>\n<td><a href=\"https:\/\/www.medishop.com.vn\/products\/dung-dich-con-y-te-70-do-60ml#tlh\">Klingon<\/a><\/td>\n<td><a href=\"https:\/\/www.medishop.com.vn\/products\/dung-dich-con-y-te-70-do-60ml#sv\">Swedish<\/a><\/td>\n<\/tr>\n<tr>\n<td><a href=\"https:\/\/www.medishop.com.vn\/products\/dung-dich-con-y-te-70-do-60ml#en\">English<\/a><\/td>\n<td><a href=\"https:\/\/www.medishop.com.vn\/products\/dung-dich-con-y-te-70-do-60ml#ko\">Korean<\/a><\/td>\n<td><a href=\"https:\/\/www.medishop.com.vn\/products\/dung-dich-con-y-te-70-do-60ml#th\">Thai<\/a><\/td>\n<\/tr>\n<tr>\n<td><a href=\"https:\/\/www.medishop.com.vn\/products\/dung-dich-con-y-te-70-do-60ml#et\">Estonian<\/a><\/td>\n<td><a href=\"https:\/\/www.medishop.com.vn\/products\/dung-dich-con-y-te-70-do-60ml#lv\">Latvian<\/a><\/td>\n<td><a href=\"https:\/\/www.medishop.com.vn\/products\/dung-dich-con-y-te-70-do-60ml#tr\">Turkish<\/a><\/td>\n<\/tr>\n<tr>\n<td><a href=\"https:\/\/www.medishop.com.vn\/products\/dung-dich-con-y-te-70-do-60ml#fi\">Finnish<\/a><\/td>\n<td><a href=\"https:\/\/www.medishop.com.vn\/products\/dung-dich-con-y-te-70-do-60ml#lt\">Lithuanian<\/a><\/td>\n<td><a href=\"https:\/\/www.medishop.com.vn\/products\/dung-dich-con-y-te-70-do-60ml#uk\">Ukrainian<\/a><\/td>\n<\/tr>\n<tr>\n<td><a href=\"https:\/\/www.medishop.com.vn\/products\/dung-dich-con-y-te-70-do-60ml#fr\">French<\/a><\/td>\n<td><a href=\"https:\/\/www.medishop.com.vn\/products\/dung-dich-con-y-te-70-do-60ml#ms\">Malay<\/a><\/td>\n<td><a href=\"https:\/\/www.medishop.com.vn\/products\/dung-dich-con-y-te-70-do-60ml#ur\">Urdu<\/a><\/td>\n<\/tr>\n<tr>\n<td><a href=\"https:\/\/www.medishop.com.vn\/products\/dung-dich-con-y-te-70-do-60ml#de\">German<\/a><\/td>\n<td><a href=\"https:\/\/www.medishop.com.vn\/products\/dung-dich-con-y-te-70-do-60ml#mt\">Maltese<\/a><\/td>\n<td><a href=\"https:\/\/www.medishop.com.vn\/products\/dung-dich-con-y-te-70-do-60ml#vi\">Vietnamese<\/a><\/td>\n<\/tr>\n<tr>\n<td><a href=\"https:\/\/www.medishop.com.vn\/products\/dung-dich-con-y-te-70-do-60ml#el\">Greek<\/a><\/td>\n<td><a href=\"https:\/\/www.medishop.com.vn\/products\/dung-dich-con-y-te-70-do-60ml#no\">Norwegian<\/a><\/td>\n<td><a href=\"https:\/\/www.medishop.com.vn\/products\/dung-dich-con-y-te-70-do-60ml#cy\">Welsh<\/a><\/td>\n<\/tr>\n<tr>\n<td><a href=\"https:\/\/www.medishop.com.vn\/products\/dung-dich-con-y-te-70-do-60ml#ht\">Haitian Creole<\/a><\/td>\n<td><a href=\"https:\/\/www.medishop.com.vn\/products\/dung-dich-con-y-te-70-do-60ml#fa\">Persian<\/a><\/td>\n<td>\u00a0<\/td>\n<\/tr>\n<\/tbody>\n<\/table>\n<\/div>\n<\/div>\n<\/div>\n<\/div>\n<\/div>\n<div id=\"CTFLinksPanel\"><span><a title=\"Get this widget for your own site\"> <\/a> <a title=\"Share translated page with friends\"> <\/a> <\/span><\/div>\n<div id=\"FloaterProgressBar\">\u00a0<\/div>\n<\/div>\n<div id=\"WidgetFloaterCollapsed\"><span>TRANSLATE with <\/span><\/div>\n<div id=\"FloaterSharePanel\">\n<div id=\"ShareTextDiv\"><span>COPY THE URL BELOW <\/span><\/div>\n<div id=\"ShareTextboxDiv\"><!--a id=&quot;TwitterLink&quot; title=&quot;Share on Twitter&quot;&gt; <img id=\"TwitterImg\" \/><\/a>  <img id=\"FacebookImg\" \/>&lt;\/a--><a title=\"Email this translation\"> <\/a><\/div>\n<div id=\"ShareFooter\"><span><a> <\/a><\/span> <span><a title=\"Back To Translation\"> Back<\/a><\/span><\/div>\n<\/div>\n<div id=\"FloaterEmbed\">\n<div id=\"EmbedTextDiv\"><span>EMBED THE SNIPPET BELOW IN YOUR SITE<\/span> <a title=\"Copy this code and place it into your HTML.\"> <\/a><\/div>\n<div id=\"EmbedTextboxDiv\">\u00a0<\/div>\n<div id=\"EmbedNoticeDiv\"><span>Enable collaborative features and customize widget: <a target=\"_blank\" href=\"http:\/\/www.bing.com\/widget\/translator\" rel=\"noopener\">Bing Webmaster Portal<\/a><\/span><\/div>\n<div id=\"EmbedFooterDiv\"><span><a title=\"Back To Translation\">Back<\/a><\/span><\/div>\n<\/div>\n<\/div>\n<p>\t$(&#8216;p:contains(&#8220;Phan &#272;&#259;ng L&#432;u&#8221;)&#8217;).html(`<\/p>\n<p style=\"text-align: center\"><strong><img decoding=\"async\" style=\"max-width: 100%;height: auto\" src=\"https:\/\/file.hstatic.net\/1000225641\/file\/25x25_f69545ac614b41bf95ccc6e0452a0155_grande.png\">360 Nguy&#7877;n V&#259;n Nghi, P.7, Q. G&ograve; V&#7845;p`);<\/p>\n<p>$(&#8216;p:contains(&#8220;addremove&#8221;)&#8217;).remove()<br \/>\n\t\t setTimeout(() =&gt; {<\/p>\n<p>           if(window.location.href.includes(&#8220;nhiet-ke-hong-ngoai-do-tran-microlife-nc200-new&#8221;)||window.location.href.includes(&#8220;khung-tap-di-co-ghe-ngoi&#8221;)||window.location.href.includes(&#8220;khung-tap-di-khong-ghe-ngoi&#8221;)||window.location.href.includes(&#8220;nhiet-ke-hong-ngoai-do-tran-mdf-usa&#8221;)) {<br \/>\n\t\t\/\/$(&#8220;#anchor-spec&#8221;).hide();<br \/>\n\t}<br \/>\n       }, 500);<\/p>\n<p> \t\t\t\/*<br \/>\n\t$(&#8220;#anchor-info img&#8221;).each(function() {<br \/>\n    \t\t$(this).addClass(&#8220;lazy&#8221;)<br \/>\n        $(this).attr(&#8220;data-src&#8221;,$(this).attr(&#8220;src&#8221;));<br \/>\n        $(this).attr(&#8220;src&#8221;,&#8217;\/\/hstatic.net\/0\/0\/global\/design\/theme-default\/no-image.png&#8217;);<\/p>\n<p>    });*\/<\/p>\n<p>$(&#8220;.prod-offer&#8221;).clone().appendTo(&#8220;.call2action&#8221;);<\/p>\n<p>$(&#8220;.call2action&#8221;).each(function(index){<\/p>\n<p>\t$(this).find(&#8216;input&#8217;).each(function(){<br \/>\n\t\t$(this).attr(&#8216;id&#8217;,$(this).attr(&#8216;id&#8217;)+index)<br \/>\n\t})<br \/>\n\t\t$(this).find(&#8216;label&#8217;).each(function(){<br \/>\n\t\t\t\t$(this).attr(&#8216;for&#8217;,$(this).attr(&#8216;for&#8217;)+index)<\/p>\n<p>\t})<br \/>\n})<\/p>\n<p>$(&#8220;.call2action .info-support,.call2action .detail-info-phone&#8221;).remove()<br \/>\n$(&#8220;.call2action&gt;div&#8221;).removeClass(&#8216;col-sm-8&#8217;);<br \/>\n$(&#8220;.call2action .send-support&#8221;).removeAttr(&#8216;onclick&#8217;);<br \/>\n$(&#8220;.call2action .send-support&#8221;).attr(&#8220;href&#8221;,&#8221;tel:0906.960.800&#8243;);<br \/>\n\t\t\t\t\t$(&#8220;.call2action .send-support .text-btn&#8221;).text(&#8220;0906.960.800&#8221;);<br \/>\n$(&#8220;.call2action&gt;div&#8221;).removeClass(&#8216;col-xs-12&#8217;)<br \/>\n\t$(&#8220;.call2action .variants .col-lg-8&#8221;).removeClass(&#8220;col-lg-8&#8221;).addClass(&#8220;col-lg-12&#8221;);<br \/>\n\t$(&#8220;.call2action .formphone&#8221;).attr(&#8220;style&#8221;,&#8221;width:340px&#8221;);<\/p>\n<div class=\"seemore hide\"> <a href=\"\">Xem th\u00eam chi ti\u1ebft<\/a><\/div>\n<\/p><\/div>\n","protected":false},"excerpt":{"rendered":"<p>Dung D\u1ecbch C\u1ed3n Y T\u1ebf 70 \u0110\u1ed9 60ml\u00a0d\u00f9ng \u0111\u1ec3 s\u00e1t tr\u00f9ng trong c\u00e1c th\u1ee7 thu\u1eadt ti\u00eam thu\u1ed1c, truy\u1ec1n d\u1ecbch ho\u1eb7c s\u00e1t tr\u00f9ng d\u1ee5ng c\u1ee5, \u0111\u01b0\u1ee3c s\u1eed d\u1ee5ng trong c\u00e1c ph\u00f2ng kh\u00e1m, b\u1ec7nh vi\u1ec7n v\u00e0 l\u00e0 s\u1ea3n ph\u1ea9m c\u1ea7n thi\u1ebft trong t\u1ee7 thu\u1ed1c m\u1ecdi gia \u0111\u00ecnh. Th\u00e0nh ph\u1ea7n:\u00a070% v\/v ethanol. C\u00f4ng d\u1ee5ng\u00a0 Di\u1ec7t c\u00e1c vi khu\u1ea9n\u00a0staphylococcus &#8230;<\/p>\n","protected":false},"featured_media":1205,"comment_status":"closed","ping_status":"closed","template":"","meta":[],"product_cat":[53],"product_tag":[],"class_list":{"0":"post-1204","1":"product","2":"type-product","3":"status-publish","4":"has-post-thumbnail","6":"product_cat-dau-massage","8":"first","9":"instock","10":"shipping-taxable","11":"purchasable","12":"product-type-simple"},"_links":{"self":[{"href":"https:\/\/dungcutrilieu.com\/index.php?rest_route=\/wp\/v2\/product\/1204"}],"collection":[{"href":"https:\/\/dungcutrilieu.com\/index.php?rest_route=\/wp\/v2\/product"}],"about":[{"href":"https:\/\/dungcutrilieu.com\/index.php?rest_route=\/wp\/v2\/types\/product"}],"replies":[{"embeddable":true,"href":"https:\/\/dungcutrilieu.com\/index.php?rest_route=%2Fwp%2Fv2%2Fcomments&post=1204"}],"wp:featuredmedia":[{"embeddable":true,"href":"https:\/\/dungcutrilieu.com\/index.php?rest_route=\/wp\/v2\/media\/1205"}],"wp:attachment":[{"href":"https:\/\/dungcutrilieu.com\/index.php?rest_route=%2Fwp%2Fv2%2Fmedia&parent=1204"}],"wp:term":[{"taxonomy":"product_cat","embeddable":true,"href":"https:\/\/dungcutrilieu.com\/index.php?rest_route=%2Fwp%2Fv2%2Fproduct_cat&post=1204"},{"taxonomy":"product_tag","embeddable":true,"href":"https:\/\/dungcutrilieu.com\/index.php?rest_route=%2Fwp%2Fv2%2Fproduct_tag&post=1204"}],"curies":[{"name":"wp","href":"https:\/\/api.w.org\/{rel}","templated":true}]}}