{"id":1223,"date":"2024-07-10T00:36:17","date_gmt":"2024-07-10T00:36:17","guid":{"rendered":"https:\/\/dungcutrilieu.com\/?product=dai-massage-hot-belt"},"modified":"2024-07-10T00:36:21","modified_gmt":"2024-07-10T00:36:21","slug":"dai-massage-hot-belt","status":"publish","type":"product","link":"https:\/\/dungcutrilieu.com\/?product=dai-massage-hot-belt","title":{"rendered":"\u0110ai Massage Hot Belt"},"content":{"rendered":"<\/p>\n<div class=\"prod-descp body-content\" id=\"anchor-info\">\n<p>Gi\u1ea3m m\u1ee1 kh\u00f4ng ch\u1ec9 \u0111\u1ec3 t\u00ecm l\u1ea1i v\u1ebb \u0111\u1eb9p v\u00f3c d\u00e1ng m\u00e0 c\u00f2n gi\u00fap b\u1ea3o v\u1ec7 s\u1ee9c kh\u1ecfe. N\u1ebfu kh\u00f4ng gi\u1ea3m m\u1ee1 d\u01b0\u1edbi da th\u00ec s\u1ebd t\u0103ng m\u1ee1 n\u1ed9i t\u1ea1ng d\u1eabn \u0111\u1ebfn kh\u1ea3 n\u0103ng b\u1ecb nhi\u1ec5m m\u1ee1 trong m\u00e1u, g\u00e2y ra nhi\u1ec1u b\u1ec7nh nguy hi\u1ec3m nh\u01b0 tim m\u1ea1ch, ti\u1ec3u \u0111\u01b0\u1eddng, cao huy\u1ebft \u00e1p,&#8230; <strong>\u0110ai Massage Hot Belt<\/strong>\u00a0\u0111\u1ed1t ch\u00e1y m\u1ee1 th\u1eeba gi\u00fap b\u1ea1n l\u1ea5y l\u1ea1i v\u00f3c d\u00e1ng m\u1ed9t c\u00e1ch hi\u1ec7u qu\u1ea3 v\u00e0 an to\u00e0n.<\/p>\n<div class=\"page\">\n<div class=\"layoutArea\">\n<div class=\"column\">\n<p style=\"text-align: center\"><img decoding=\"async\" src=\"https:\/\/dungcutrilieu.com\/wp-content\/uploads\/2024\/07\/dai-massage-hot-belt_5f7845462ea646f9bd67633b4bc415eb.jpg\" title=\"dai-massage-hot-belt_5f7845462ea646f9bd67633b4bc415eb\"><\/p>\n<p><strong>\u01afu \u0111i\u1ec3m c\u1ee7a \u0110ai Massage Hot Belt:<\/strong><\/p>\n<p>\u0110ai massage gi\u1ea3m b\u00e9o \u0111\u1ed9ng d\u1ef1a tr\u00ean c\u01a1 ch\u1ebf k\u00edch th\u00edch nhi\u1ec7t c\u1ee7a c\u01a1 th\u1ec3 t\u1eeb c\u00e1c ph\u00e2n t\u1eed ion \u00e2m v\u00e0 tia h\u1ed3ng ngo\u1ea1i xa (bio &#8211; \u0111i\u1ec7n), t\u00e1c d\u1ee5ng tr\u1ef1c ti\u1ebfp l\u00ean ph\u1ea7n c\u01a1 th\u1ec3 m\u00e0 b\u1ea1n mu\u1ed1n gi\u1ea3m b\u00e9o, nhi\u1ec7t lan t\u1ecfa v\u1edbi c\u01b0\u1eddng \u0111\u1ed9 t\u0103ng d\u1ea7n theo th\u1eddi gian t\u00f9y theo t\u00ecnh tr\u1ea1ng th\u1ec3 ch\u1ea5t c\u1ee7a m\u1ed7i ng\u01b0\u1eddi, d\u01b0\u1edbi t\u00e1c d\u1ee5ng nhi\u1ec7t \u0111\u1ed1t ch\u00e1y ph\u1ea7n m\u1ee1 th\u1eeba tr\u00ean c\u01a1 th\u1ec3 b\u1ea1n v\u00e0 \u0111\u00e0o th\u1ea3i ch\u00fang ra ngo\u00e0i theo tuy\u1ebfn m\u1ed3 h\u00f4i, ngo\u00e0i t\u00e1c d\u1ee5ng \u0111\u1ed1t ch\u00e1y m\u1ee1 th\u1eeba \u0111ai massage c\u00f2n gi\u00fap b\u1ea1n gi\u1ea3m c\u1ea3m gi\u00e1c \u0111au b\u1ee5ng kinh, c\u1ea3m l\u1ea1nh, \u0111au d\u1ea1 d\u00e0y&#8230;<\/p>\n<p>\u0110ai massage thi\u1ebft k\u1ebf \u0111\u01a1n gi\u1ea3n b\u1ea1n c\u00f3 th\u1ec3 k\u1ebft h\u1ee3p v\u1eeba s\u1eed d\u1ee5ng \u0111ai gi\u1ea3m m\u1ee1 v\u1eeba l\u00e0m vi\u1ec7c m\u00e0 kh\u00f4ng l\u00e0m b\u1ea1n c\u1ea3m th\u1ea5y kh\u00f3 ch\u1ecbu, \u0111\u1eb7c bi\u1ec7t l\u00e0 c\u00e1c nh\u00e2n vi\u00ean v\u0103n ph\u00f2ng ng\u1ed3i l\u00e0m vi\u1ec7c nhi\u1ec1u gi\u1edd gi\u00fap b\u1ea1n kh\u00f4ng b\u1ecb t\u00edch t\u1ee5 m\u1ee1 \u1edf b\u1ee5ng. V\u00e0 \u0111i\u1ec3m n\u1ed5i b\u1eadt nh\u1ea5t l\u00e0 s\u1ea3n ph\u1ea9m n\u00e0y s\u1eed d\u1ee5ng n\u0103ng l\u01b0\u1ee3ng ho\u00e0n to\u00e0n t\u1ef1 nhi\u00ean kh\u00f4ng c\u1ea7n d\u1ee5ng c\u1ee5 ph\u00e1t nhi\u1ec7t n\u00ean b\u1ea1n ho\u00e0n to\u00e0n y\u00ean t\u00e2m khi s\u1eed d\u1ee5ng c\u0169ng nh\u01b0 di chuy\u1ec3n trong l\u00fac l\u00e0m vi\u1ec7c. V\u00f2ng eo thon g\u1ecdn v\u1edbi b\u1ea1n gi\u1edd kh\u00f4ng c\u00f2n qu\u00e1 c\u00f3 n\u1eefa ch\u1ec9 c\u1ea7n s\u1eed d\u1ee5ng \u0111ai massage \u0111\u1ed1t ch\u00e1y m\u1ee1 th\u1eeba s\u1ebd gi\u00fap b\u1ea1n th\u1ef1c hi\u1ec7n \u0111i\u1ec1u \u0111\u00f3.<\/p>\n<p>Xem th\u00eam:\u00a0<a target=\"_blank\" href=\"https:\/\/www.medishop.com.vn\/blogs\/may-massage\/may-massage-xung-dien\" rel=\"noopener\">T\u00ecm hi\u1ec3u \u01b0u nh\u01b0\u1ee3c \u0111i\u1ec3m c\u1ee7a m\u00e1y massage xung \u0111i\u1ec7n.\u00a0<\/a><\/p>\n<p><img decoding=\"async\" style=\"margin-left: auto;margin-right: auto\" src=\"https:\/\/dungcutrilieu.com\/wp-content\/uploads\/2024\/07\/dai-massage-hot-belt-1_a6a7db4bfbcb424ea813be993f688803.jpg\" title=\"dai-massage-hot-belt-1_a6a7db4bfbcb424ea813be993f688803\"><\/p>\n<p style=\"text-align: center\">(tr\u1ecdn b\u1ed9 s\u1ea3n ph\u1ea9m)<\/p>\n<\/div>\n<\/div>\n<\/div>\n<p>\t$(&#8216;p:contains(&#8220;Phan &#272;&#259;ng L&#432;u&#8221;)&#8217;).html(`<\/p>\n<p style=\"text-align: center\"><strong><img decoding=\"async\" style=\"max-width: 100%;height: auto\" src=\"https:\/\/file.hstatic.net\/1000225641\/file\/25x25_f69545ac614b41bf95ccc6e0452a0155_grande.png\">360 Nguy&#7877;n V&#259;n Nghi, P.7, Q. G&ograve; V&#7845;p`);<\/p>\n<p>$(&#8216;p:contains(&#8220;addremove&#8221;)&#8217;).remove()<br \/>\n\t\t setTimeout(() =&gt; {<\/p>\n<p>           if(window.location.href.includes(&#8220;nhiet-ke-hong-ngoai-do-tran-microlife-nc200-new&#8221;)||window.location.href.includes(&#8220;khung-tap-di-co-ghe-ngoi&#8221;)||window.location.href.includes(&#8220;khung-tap-di-khong-ghe-ngoi&#8221;)||window.location.href.includes(&#8220;nhiet-ke-hong-ngoai-do-tran-mdf-usa&#8221;)) {<br \/>\n\t\t\/\/$(&#8220;#anchor-spec&#8221;).hide();<br \/>\n\t}<br \/>\n       }, 500);<\/p>\n<p> \t\t\t\/*<br \/>\n\t$(&#8220;#anchor-info img&#8221;).each(function() {<br \/>\n    \t\t$(this).addClass(&#8220;lazy&#8221;)<br \/>\n        $(this).attr(&#8220;data-src&#8221;,$(this).attr(&#8220;src&#8221;));<br \/>\n        $(this).attr(&#8220;src&#8221;,&#8217;\/\/hstatic.net\/0\/0\/global\/design\/theme-default\/no-image.png&#8217;);<\/p>\n<p>    });*\/<\/p>\n<p>$(&#8220;.prod-offer&#8221;).clone().appendTo(&#8220;.call2action&#8221;);<\/p>\n<p>$(&#8220;.call2action&#8221;).each(function(index){<\/p>\n<p>\t$(this).find(&#8216;input&#8217;).each(function(){<br \/>\n\t\t$(this).attr(&#8216;id&#8217;,$(this).attr(&#8216;id&#8217;)+index)<br \/>\n\t})<br \/>\n\t\t$(this).find(&#8216;label&#8217;).each(function(){<br \/>\n\t\t\t\t$(this).attr(&#8216;for&#8217;,$(this).attr(&#8216;for&#8217;)+index)<\/p>\n<p>\t})<br \/>\n})<\/p>\n<p>$(&#8220;.call2action .info-support,.call2action .detail-info-phone&#8221;).remove()<br \/>\n$(&#8220;.call2action&gt;div&#8221;).removeClass(&#8216;col-sm-8&#8217;);<br \/>\n$(&#8220;.call2action .send-support&#8221;).removeAttr(&#8216;onclick&#8217;);<br \/>\n$(&#8220;.call2action .send-support&#8221;).attr(&#8220;href&#8221;,&#8221;tel:0906.960.800&#8243;);<br \/>\n\t\t\t\t\t$(&#8220;.call2action .send-support .text-btn&#8221;).text(&#8220;0906.960.800&#8221;);<br \/>\n$(&#8220;.call2action&gt;div&#8221;).removeClass(&#8216;col-xs-12&#8217;)<br \/>\n\t$(&#8220;.call2action .variants .col-lg-8&#8221;).removeClass(&#8220;col-lg-8&#8221;).addClass(&#8220;col-lg-12&#8221;);<br \/>\n\t$(&#8220;.call2action .formphone&#8221;).attr(&#8220;style&#8221;,&#8221;width:340px&#8221;);<\/p>\n<div class=\"seemore hide\"> <a href=\"\">Xem th\u00eam chi ti\u1ebft<\/a><\/div>\n<\/p><\/div>\n","protected":false},"excerpt":{"rendered":"<p>Gi\u1ea3m m\u1ee1 kh\u00f4ng ch\u1ec9 \u0111\u1ec3 t\u00ecm l\u1ea1i v\u1ebb \u0111\u1eb9p v\u00f3c d\u00e1ng m\u00e0 c\u00f2n gi\u00fap b\u1ea3o v\u1ec7 s\u1ee9c kh\u1ecfe. N\u1ebfu kh\u00f4ng gi\u1ea3m m\u1ee1 d\u01b0\u1edbi da th\u00ec s\u1ebd t\u0103ng m\u1ee1 n\u1ed9i t\u1ea1ng d\u1eabn \u0111\u1ebfn kh\u1ea3 n\u0103ng b\u1ecb nhi\u1ec5m m\u1ee1 trong m\u00e1u, g\u00e2y ra nhi\u1ec1u b\u1ec7nh nguy hi\u1ec3m nh\u01b0 tim m\u1ea1ch, ti\u1ec3u \u0111\u01b0\u1eddng, cao huy\u1ebft \u00e1p,&#8230; \u0110ai Massage &#8230;<\/p>\n","protected":false},"featured_media":1224,"comment_status":"closed","ping_status":"closed","template":"","meta":[],"product_cat":[66],"product_tag":[],"class_list":{"0":"post-1223","1":"product","2":"type-product","3":"status-publish","4":"has-post-thumbnail","6":"product_cat-tui-chuom-nong-lanh","8":"first","9":"instock","10":"shipping-taxable","11":"purchasable","12":"product-type-simple"},"_links":{"self":[{"href":"https:\/\/dungcutrilieu.com\/index.php?rest_route=\/wp\/v2\/product\/1223"}],"collection":[{"href":"https:\/\/dungcutrilieu.com\/index.php?rest_route=\/wp\/v2\/product"}],"about":[{"href":"https:\/\/dungcutrilieu.com\/index.php?rest_route=\/wp\/v2\/types\/product"}],"replies":[{"embeddable":true,"href":"https:\/\/dungcutrilieu.com\/index.php?rest_route=%2Fwp%2Fv2%2Fcomments&post=1223"}],"wp:featuredmedia":[{"embeddable":true,"href":"https:\/\/dungcutrilieu.com\/index.php?rest_route=\/wp\/v2\/media\/1224"}],"wp:attachment":[{"href":"https:\/\/dungcutrilieu.com\/index.php?rest_route=%2Fwp%2Fv2%2Fmedia&parent=1223"}],"wp:term":[{"taxonomy":"product_cat","embeddable":true,"href":"https:\/\/dungcutrilieu.com\/index.php?rest_route=%2Fwp%2Fv2%2Fproduct_cat&post=1223"},{"taxonomy":"product_tag","embeddable":true,"href":"https:\/\/dungcutrilieu.com\/index.php?rest_route=%2Fwp%2Fv2%2Fproduct_tag&post=1223"}],"curies":[{"name":"wp","href":"https:\/\/api.w.org\/{rel}","templated":true}]}}