{"id":1232,"date":"2024-07-10T02:10:56","date_gmt":"2024-07-10T02:10:56","guid":{"rendered":"https:\/\/dungcutrilieu.com\/?product=nem-massage-formula-2000"},"modified":"2024-08-01T03:46:46","modified_gmt":"2024-07-31T20:46:46","slug":"nem-massage-formula-2000","status":"publish","type":"product","link":"https:\/\/dungcutrilieu.com\/?product=nem-massage-formula-2000","title":{"rendered":"N\u1ec7m Massage Formula 2000"},"content":{"rendered":"<div id=\"anchor-info\" class=\"prod-descp body-content\">\n<div class=\"noidungchitiet\">\n<p><strong>N\u1ec7m Massage Sirius Formula 2000<\/strong>\u00a0l\u00e0 gi\u1ea3i ph\u00e1p th\u01b0 gi\u00e3n c\u01a1 th\u1ec3 v\u00e0 gi\u00fap l\u00e0m gi\u1ea3m b\u1edbt nh\u1eefng c\u01a1n \u0111au li\u00ean quan \u0111\u1ebfn b\u1ec7nh t\u0103ng huy\u1ebft \u00e1p, vi\u00eam kh\u1edbp v\u00e0 th\u1ea5p kh\u1edbp.<br \/>\n&#8211; 8 ch\u1ebf \u0111\u1ed9 kh\u00e1c nhau m\u00f4 ph\u1ecfng m\u1ed9t s\u1ef1 k\u1ebft h\u1ee3p c\u1ee7a rung, massage, \u00e9p v\u00e0 \u0111\u1ea5m b\u00f3p.<br \/>\n&#8211; V\u1eadt li\u1ec7u b\u1eb1ng da vinyl.<br \/>\n&#8211; Tr\u1ecdng l\u01b0\u1ee3ng nh\u1eb9, ti\u1ec7n d\u1ee5ng v\u00e0 c\u00f3 th\u1ec3 \u0111\u01b0\u1ee3c s\u1eed d\u1ee5ng b\u1ea5t c\u1ee9 n\u01a1i n\u00e0o b\u1ea1n mu\u1ed1n.<br \/>\n&#8211; G\u1ea5p g\u1ecdn m\u1ed9t c\u00e1ch d\u1ec5 d\u00e0ng<br \/>\n<strong>&#8211; N\u1ec7m Massage Sirius Formula 2000<\/strong>\u00a0c\u00f3 th\u1ec3 \u0111\u01b0\u1ee3c s\u1eed d\u1ee5ng trong xe h\u01a1i.<br \/>\n&#8211; V\u1ecb tr\u00ed massage:\u00a0vai, l\u01b0ng d\u01b0\u1edbi, \u0111\u00f9i v\u00e0 b\u1eafp ch\u00e2n.<br \/>\n&#8211; K\u00edch th\u01b0\u1edbc:\u00a067&#8243; x 18.5&#8243;<br \/>\n&#8211;\u00a0M\u00e0u s\u1eafc:\u00a0\u0111en<\/p>\n<p style=\"text-align: center;\"><img decoding=\"async\" title=\"nem-massage-formula-2000_53a28f99708c4045b7144345aef6b694\" src=\"https:\/\/dungcutrilieu.com\/wp-content\/uploads\/2024\/07\/nem-massage-formula-2000_53a28f99708c4045b7144345aef6b694.jpg\" \/><\/p>\n<p style=\"text-align: center;\">(Tr\u1ecdn b\u1ed9 s\u1ea3n ph\u1ea9m)<\/p>\n<p>Xem th\u00eam:\u00a0<a href=\"https:\/\/www.medishop.com.vn\/collections\/nem-chong-loet\" target=\"_blank\" rel=\"noopener noreferrer\">N\u1ec7m ch\u1ed1ng lo\u00e9t t\u00e1c \u0111\u1ed9ng th\u1ebf n\u00e0o \u0111\u1ebfn tinh th\u1ea7n ng\u01b0\u1eddi n\u1eb1m l\u00e2u ng\u00e0y<\/a><\/p>\n<\/div>\n<p>$(&#8216;p:contains(&#8220;Phan \u0110\u0103ng L\u01b0u&#8221;)&#8217;).html(`<\/p>\n<p style=\"text-align: center;\"><strong><img decoding=\"async\" style=\"max-width: 100%; height: auto;\" src=\"https:\/\/file.hstatic.net\/1000225641\/file\/25x25_f69545ac614b41bf95ccc6e0452a0155_grande.png\" \/>360 Nguy\u1ec5n V\u0103n Nghi, P.7, Q. G\u00f2 V\u1ea5p`);<\/strong><\/p>\n<p>$(&#8216;p:contains(&#8220;addremove&#8221;)&#8217;).remove()<br \/>\nsetTimeout(() =&gt; {<\/p>\n<p>if(window.location.href.includes(&#8220;nhiet-ke-hong-ngoai-do-tran-microlife-nc200-new&#8221;)||window.location.href.includes(&#8220;khung-tap-di-co-ghe-ngoi&#8221;)||window.location.href.includes(&#8220;khung-tap-di-khong-ghe-ngoi&#8221;)||window.location.href.includes(&#8220;nhiet-ke-hong-ngoai-do-tran-mdf-usa&#8221;)) {<br \/>\n\/\/$(&#8220;#anchor-spec&#8221;).hide();<br \/>\n}<br \/>\n}, 500);<\/p>\n<p>\/*<br \/>\n$(&#8220;#anchor-info img&#8221;).each(function() {<br \/>\n$(this).addClass(&#8220;lazy&#8221;)<br \/>\n$(this).attr(&#8220;data-src&#8221;,$(this).attr(&#8220;src&#8221;));<br \/>\n$(this).attr(&#8220;src&#8221;,&#8217;\/\/hstatic.net\/0\/0\/global\/design\/theme-default\/no-image.png&#8217;);<\/p>\n<p>});*\/<\/p>\n<p>$(&#8220;.prod-offer&#8221;).clone().appendTo(&#8220;.call2action&#8221;);<\/p>\n<p>$(&#8220;.call2action&#8221;).each(function(index){<\/p>\n<p>$(this).find(&#8216;input&#8217;).each(function(){<br \/>\n$(this).attr(&#8216;id&#8217;,$(this).attr(&#8216;id&#8217;)+index)<br \/>\n})<br \/>\n$(this).find(&#8216;label&#8217;).each(function(){<br \/>\n$(this).attr(&#8216;for&#8217;,$(this).attr(&#8216;for&#8217;)+index)<\/p>\n<p>})<br \/>\n})<\/p>\n<p>$(&#8220;.call2action .info-support,.call2action .detail-info-phone&#8221;).remove()<br \/>\n$(&#8220;.call2action&gt;div&#8221;).removeClass(&#8216;col-sm-8&#8217;);<br \/>\n$(&#8220;.call2action .send-support&#8221;).removeAttr(&#8216;onclick&#8217;);<br \/>\n$(&#8220;.call2action .send-support&#8221;).attr(&#8220;href&#8221;,&#8221;tel:0906.960.800&#8243;);<br \/>\n$(&#8220;.call2action .send-support .text-btn&#8221;).text(&#8220;0906.960.800&#8221;);<br \/>\n$(&#8220;.call2action&gt;div&#8221;).removeClass(&#8216;col-xs-12&#8217;)<br \/>\n$(&#8220;.call2action .variants .col-lg-8&#8221;).removeClass(&#8220;col-lg-8&#8221;).addClass(&#8220;col-lg-12&#8221;);<br \/>\n$(&#8220;.call2action .formphone&#8221;).attr(&#8220;style&#8221;,&#8221;width:340px&#8221;);<\/p>\n<div class=\"seemore hide\"><a>Xem th\u00eam chi ti\u1ebft<\/a><\/div>\n<\/div>\n","protected":false},"excerpt":{"rendered":"<p>N\u1ec7m Massage Sirius Formula 2000\u00a0l\u00e0 gi\u1ea3i ph\u00e1p th\u01b0 gi\u00e3n c\u01a1 th\u1ec3 v\u00e0 gi\u00fap l\u00e0m gi\u1ea3m b\u1edbt nh\u1eefng c\u01a1n \u0111au li\u00ean quan \u0111\u1ebfn b\u1ec7nh t\u0103ng huy\u1ebft \u00e1p, vi\u00eam kh\u1edbp v\u00e0 th\u1ea5p kh\u1edbp. &#8211; 8 ch\u1ebf \u0111\u1ed9 kh\u00e1c nhau m\u00f4 ph\u1ecfng m\u1ed9t s\u1ef1 k\u1ebft h\u1ee3p c\u1ee7a rung, massage, \u00e9p v\u00e0 \u0111\u1ea5m b\u00f3p. &#8211; V\u1eadt li\u1ec7u b\u1eb1ng da &#8230;<\/p>\n","protected":false},"featured_media":1233,"comment_status":"closed","ping_status":"closed","template":"","meta":[],"product_cat":[66],"product_tag":[],"class_list":{"0":"post-1232","1":"product","2":"type-product","3":"status-publish","4":"has-post-thumbnail","6":"product_cat-tui-chuom-nong-lanh","8":"first","9":"instock","10":"shipping-taxable","11":"purchasable","12":"product-type-simple"},"_links":{"self":[{"href":"https:\/\/dungcutrilieu.com\/index.php?rest_route=\/wp\/v2\/product\/1232"}],"collection":[{"href":"https:\/\/dungcutrilieu.com\/index.php?rest_route=\/wp\/v2\/product"}],"about":[{"href":"https:\/\/dungcutrilieu.com\/index.php?rest_route=\/wp\/v2\/types\/product"}],"replies":[{"embeddable":true,"href":"https:\/\/dungcutrilieu.com\/index.php?rest_route=%2Fwp%2Fv2%2Fcomments&post=1232"}],"wp:featuredmedia":[{"embeddable":true,"href":"https:\/\/dungcutrilieu.com\/index.php?rest_route=\/wp\/v2\/media\/1233"}],"wp:attachment":[{"href":"https:\/\/dungcutrilieu.com\/index.php?rest_route=%2Fwp%2Fv2%2Fmedia&parent=1232"}],"wp:term":[{"taxonomy":"product_cat","embeddable":true,"href":"https:\/\/dungcutrilieu.com\/index.php?rest_route=%2Fwp%2Fv2%2Fproduct_cat&post=1232"},{"taxonomy":"product_tag","embeddable":true,"href":"https:\/\/dungcutrilieu.com\/index.php?rest_route=%2Fwp%2Fv2%2Fproduct_tag&post=1232"}],"curies":[{"name":"wp","href":"https:\/\/api.w.org\/{rel}","templated":true}]}}